{"id":1849,"date":"2025-08-19T11:01:45","date_gmt":"2025-08-19T09:01:45","guid":{"rendered":"https:\/\/www.artesaniaparis.com\/?post_type=product&#038;p=1849"},"modified":"2025-08-19T11:04:22","modified_gmt":"2025-08-19T09:04:22","slug":"bougie-smoothie-fraise-donuts","status":"publish","type":"product","link":"https:\/\/www.artesaniaparis.com\/fr\/produit\/bougie-smoothie-fraise-donuts\/","title":{"rendered":"Bougie Smoothie fraise donuts"},"content":{"rendered":"<p style=\"text-align: center;\" data-start=\"2846\" data-end=\"3290\">Offrez-vous une escapade sensorielle ultra gourmande avec la <strong data-start=\"2907\" data-end=\"2951\">bougie artisanale Smoothie Fraise Donuts<\/strong>\u00a0<br data-start=\"2979\" data-end=\"2982\" \/>Un parfum doux et r\u00e9gressif de fraise lact\u00e9e vous enveloppe d\u00e8s l\u2019allumage, \u00e9voquant un smoothie fruit\u00e9 accompagn\u00e9 d\u2019un donut moelleux au gla\u00e7age rose. Son visuel app\u00e9tissant, travaill\u00e9 \u00e0 la main dans le moindre d\u00e9tail, en fait aussi un <strong data-start=\"3219\" data-end=\"3239\">objet d\u00e9co sucr\u00e9<\/strong> \u00e0 croquer\u2026<\/p>\n<p style=\"text-align: center;\" data-start=\"3292\" data-end=\"3409\">Id\u00e9ale pour une ambiance cocooning, un <strong data-start=\"3331\" data-end=\"3350\">cadeau original<\/strong>, ou simplement une touche de bonheur dans votre int\u00e9rieur.<\/p>\n","protected":false},"excerpt":{"rendered":"<p data-start=\"400\" data-end=\"651\">Plongez dans un univers sucr\u00e9 et r\u00e9confortant avec notre <strong data-start=\"457\" data-end=\"501\">bougie artisanale Smoothie Fraise Donuts<\/strong>. Ce petit d\u00e9lice visuel associe la douceur fruit\u00e9e de la fraise \u00e0 la gourmandise d\u2019un donuts moelleux, recouvert de chantilly et de perles color\u00e9es.<\/p>\n<p data-start=\"802\" data-end=\"939\">\n","protected":false},"featured_media":1910,"comment_status":"open","ping_status":"closed","template":"","meta":[],"brand":[],"product_brand":[],"product_cat":[473],"product_tag":[411],"class_list":{"0":"post-1849","1":"product","2":"type-product","3":"status-publish","4":"has-post-thumbnail","6":"product_cat-bougies-gourmandes","7":"product_tag-bougiegourmande-faitmain-fraisesucree-donutsvanille-cirevegetale-ambiancegourmande-cadeauoriginal-madeinfrance-ambiancecozy","8":"left-slider","10":"first","11":"instock","12":"shipping-taxable","13":"purchasable","14":"product-type-simple"},"yoast_head":"<!-- This site is optimized with the Yoast SEO plugin v26.9 - https:\/\/yoast.com\/product\/yoast-seo-wordpress\/ -->\n<title>Bougie Smoothie Fraise Donuts \u2013 Parfum gourmand fait main<\/title>\n<meta name=\"description\" content=\"Craquez pour la bougie artisanale Smoothie Fraise Donuts ! Parfum sucr\u00e9 \u00e0 la fraise, visuel ultra r\u00e9aliste, cire v\u00e9g\u00e9tale. Fabriqu\u00e9e en France.\" \/>\n<meta name=\"robots\" content=\"index, follow, max-snippet:-1, max-image-preview:large, max-video-preview:-1\" \/>\n<link rel=\"canonical\" href=\"http:\/\/www.artesaniaparis.com\/fr\/produit\/bougie-smoothie-fraise-donuts\/\" \/>\n<meta property=\"og:locale\" content=\"fr_FR\" \/>\n<meta property=\"og:type\" content=\"article\" \/>\n<meta property=\"og:title\" content=\"Bougie Smoothie Fraise Donuts \u2013 Parfum gourmand fait main\" \/>\n<meta property=\"og:description\" content=\"Craquez pour la bougie artisanale Smoothie Fraise Donuts ! Parfum sucr\u00e9 \u00e0 la fraise, visuel ultra r\u00e9aliste, cire v\u00e9g\u00e9tale. Fabriqu\u00e9e en France.\" \/>\n<meta property=\"og:url\" content=\"http:\/\/www.artesaniaparis.com\/fr\/produit\/bougie-smoothie-fraise-donuts\/\" \/>\n<meta property=\"og:site_name\" content=\"Mitti\" \/>\n<meta property=\"article:modified_time\" content=\"2025-08-19T09:04:22+00:00\" \/>\n<meta property=\"og:image\" content=\"https:\/\/www.artesaniaparis.com\/wp-content\/uploads\/2025\/08\/94603f86a42e438bc532e9616d40112444197538d1b6c225eb5ef2dc2eba969f.webp\" \/>\n\t<meta property=\"og:image:width\" content=\"720\" \/>\n\t<meta property=\"og:image:height\" content=\"720\" \/>\n\t<meta property=\"og:image:type\" content=\"image\/webp\" \/>\n<meta name=\"twitter:card\" content=\"summary_large_image\" \/>\n<meta name=\"twitter:label1\" content=\"Dur\u00e9e de lecture estim\u00e9e\" \/>\n\t<meta name=\"twitter:data1\" content=\"1 minute\" \/>\n<script type=\"application\/ld+json\" class=\"yoast-schema-graph\">{\"@context\":\"https:\/\/schema.org\",\"@graph\":[{\"@type\":\"WebPage\",\"@id\":\"http:\/\/www.artesaniaparis.com\/fr\/produit\/bougie-smoothie-fraise-donuts\/\",\"url\":\"http:\/\/www.artesaniaparis.com\/fr\/produit\/bougie-smoothie-fraise-donuts\/\",\"name\":\"Bougie Smoothie Fraise Donuts \u2013 Parfum gourmand fait main\",\"isPartOf\":{\"@id\":\"https:\/\/www.artesaniaparis.com\/#website\"},\"primaryImageOfPage\":{\"@id\":\"http:\/\/www.artesaniaparis.com\/fr\/produit\/bougie-smoothie-fraise-donuts\/#primaryimage\"},\"image\":{\"@id\":\"http:\/\/www.artesaniaparis.com\/fr\/produit\/bougie-smoothie-fraise-donuts\/#primaryimage\"},\"thumbnailUrl\":\"https:\/\/www.artesaniaparis.com\/wp-content\/uploads\/2025\/08\/94603f86a42e438bc532e9616d40112444197538d1b6c225eb5ef2dc2eba969f.webp\",\"datePublished\":\"2025-08-19T09:01:45+00:00\",\"dateModified\":\"2025-08-19T09:04:22+00:00\",\"description\":\"Craquez pour la bougie artisanale Smoothie Fraise Donuts ! Parfum sucr\u00e9 \u00e0 la fraise, visuel ultra r\u00e9aliste, cire v\u00e9g\u00e9tale. Fabriqu\u00e9e en France.\",\"breadcrumb\":{\"@id\":\"http:\/\/www.artesaniaparis.com\/fr\/produit\/bougie-smoothie-fraise-donuts\/#breadcrumb\"},\"inLanguage\":\"fr-FR\",\"potentialAction\":[{\"@type\":\"ReadAction\",\"target\":[\"http:\/\/www.artesaniaparis.com\/fr\/produit\/bougie-smoothie-fraise-donuts\/\"]}]},{\"@type\":\"ImageObject\",\"inLanguage\":\"fr-FR\",\"@id\":\"http:\/\/www.artesaniaparis.com\/fr\/produit\/bougie-smoothie-fraise-donuts\/#primaryimage\",\"url\":\"https:\/\/www.artesaniaparis.com\/wp-content\/uploads\/2025\/08\/94603f86a42e438bc532e9616d40112444197538d1b6c225eb5ef2dc2eba969f.webp\",\"contentUrl\":\"https:\/\/www.artesaniaparis.com\/wp-content\/uploads\/2025\/08\/94603f86a42e438bc532e9616d40112444197538d1b6c225eb5ef2dc2eba969f.webp\",\"width\":720,\"height\":720},{\"@type\":\"BreadcrumbList\",\"@id\":\"http:\/\/www.artesaniaparis.com\/fr\/produit\/bougie-smoothie-fraise-donuts\/#breadcrumb\",\"itemListElement\":[{\"@type\":\"ListItem\",\"position\":1,\"name\":\"Accueil\",\"item\":\"https:\/\/www.artesaniaparis.com\/fr\/\"},{\"@type\":\"ListItem\",\"position\":2,\"name\":\"Boutique\",\"item\":\"http:\/\/www.artesaniaparis.com\/fr\/boutique\/\"},{\"@type\":\"ListItem\",\"position\":3,\"name\":\"Bougie Smoothie fraise donuts\"}]},{\"@type\":\"WebSite\",\"@id\":\"https:\/\/www.artesaniaparis.com\/#website\",\"url\":\"https:\/\/www.artesaniaparis.com\/\",\"name\":\"Mitti\",\"description\":\"Une flamme, une \u00e9motion, un instant suspendu\",\"potentialAction\":[{\"@type\":\"SearchAction\",\"target\":{\"@type\":\"EntryPoint\",\"urlTemplate\":\"https:\/\/www.artesaniaparis.com\/?s={search_term_string}\"},\"query-input\":{\"@type\":\"PropertyValueSpecification\",\"valueRequired\":true,\"valueName\":\"search_term_string\"}}],\"inLanguage\":\"fr-FR\"}]}<\/script>\n<!-- \/ Yoast SEO plugin. -->","yoast_head_json":{"title":"Bougie Smoothie Fraise Donuts \u2013 Parfum gourmand fait main","description":"Craquez pour la bougie artisanale Smoothie Fraise Donuts ! Parfum sucr\u00e9 \u00e0 la fraise, visuel ultra r\u00e9aliste, cire v\u00e9g\u00e9tale. Fabriqu\u00e9e en France.","robots":{"index":"index","follow":"follow","max-snippet":"max-snippet:-1","max-image-preview":"max-image-preview:large","max-video-preview":"max-video-preview:-1"},"canonical":"http:\/\/www.artesaniaparis.com\/fr\/produit\/bougie-smoothie-fraise-donuts\/","og_locale":"fr_FR","og_type":"article","og_title":"Bougie Smoothie Fraise Donuts \u2013 Parfum gourmand fait main","og_description":"Craquez pour la bougie artisanale Smoothie Fraise Donuts ! Parfum sucr\u00e9 \u00e0 la fraise, visuel ultra r\u00e9aliste, cire v\u00e9g\u00e9tale. Fabriqu\u00e9e en France.","og_url":"http:\/\/www.artesaniaparis.com\/fr\/produit\/bougie-smoothie-fraise-donuts\/","og_site_name":"Mitti","article_modified_time":"2025-08-19T09:04:22+00:00","og_image":[{"width":720,"height":720,"url":"https:\/\/www.artesaniaparis.com\/wp-content\/uploads\/2025\/08\/94603f86a42e438bc532e9616d40112444197538d1b6c225eb5ef2dc2eba969f.webp","type":"image\/webp"}],"twitter_card":"summary_large_image","twitter_misc":{"Dur\u00e9e de lecture estim\u00e9e":"1 minute"},"schema":{"@context":"https:\/\/schema.org","@graph":[{"@type":"WebPage","@id":"http:\/\/www.artesaniaparis.com\/fr\/produit\/bougie-smoothie-fraise-donuts\/","url":"http:\/\/www.artesaniaparis.com\/fr\/produit\/bougie-smoothie-fraise-donuts\/","name":"Bougie Smoothie Fraise Donuts \u2013 Parfum gourmand fait main","isPartOf":{"@id":"https:\/\/www.artesaniaparis.com\/#website"},"primaryImageOfPage":{"@id":"http:\/\/www.artesaniaparis.com\/fr\/produit\/bougie-smoothie-fraise-donuts\/#primaryimage"},"image":{"@id":"http:\/\/www.artesaniaparis.com\/fr\/produit\/bougie-smoothie-fraise-donuts\/#primaryimage"},"thumbnailUrl":"https:\/\/www.artesaniaparis.com\/wp-content\/uploads\/2025\/08\/94603f86a42e438bc532e9616d40112444197538d1b6c225eb5ef2dc2eba969f.webp","datePublished":"2025-08-19T09:01:45+00:00","dateModified":"2025-08-19T09:04:22+00:00","description":"Craquez pour la bougie artisanale Smoothie Fraise Donuts ! Parfum sucr\u00e9 \u00e0 la fraise, visuel ultra r\u00e9aliste, cire v\u00e9g\u00e9tale. Fabriqu\u00e9e en France.","breadcrumb":{"@id":"http:\/\/www.artesaniaparis.com\/fr\/produit\/bougie-smoothie-fraise-donuts\/#breadcrumb"},"inLanguage":"fr-FR","potentialAction":[{"@type":"ReadAction","target":["http:\/\/www.artesaniaparis.com\/fr\/produit\/bougie-smoothie-fraise-donuts\/"]}]},{"@type":"ImageObject","inLanguage":"fr-FR","@id":"http:\/\/www.artesaniaparis.com\/fr\/produit\/bougie-smoothie-fraise-donuts\/#primaryimage","url":"https:\/\/www.artesaniaparis.com\/wp-content\/uploads\/2025\/08\/94603f86a42e438bc532e9616d40112444197538d1b6c225eb5ef2dc2eba969f.webp","contentUrl":"https:\/\/www.artesaniaparis.com\/wp-content\/uploads\/2025\/08\/94603f86a42e438bc532e9616d40112444197538d1b6c225eb5ef2dc2eba969f.webp","width":720,"height":720},{"@type":"BreadcrumbList","@id":"http:\/\/www.artesaniaparis.com\/fr\/produit\/bougie-smoothie-fraise-donuts\/#breadcrumb","itemListElement":[{"@type":"ListItem","position":1,"name":"Accueil","item":"https:\/\/www.artesaniaparis.com\/fr\/"},{"@type":"ListItem","position":2,"name":"Boutique","item":"http:\/\/www.artesaniaparis.com\/fr\/boutique\/"},{"@type":"ListItem","position":3,"name":"Bougie Smoothie fraise donuts"}]},{"@type":"WebSite","@id":"https:\/\/www.artesaniaparis.com\/#website","url":"https:\/\/www.artesaniaparis.com\/","name":"Mitti","description":"Une flamme, une \u00e9motion, un instant suspendu","potentialAction":[{"@type":"SearchAction","target":{"@type":"EntryPoint","urlTemplate":"https:\/\/www.artesaniaparis.com\/?s={search_term_string}"},"query-input":{"@type":"PropertyValueSpecification","valueRequired":true,"valueName":"search_term_string"}}],"inLanguage":"fr-FR"}]}},"jetpack_sharing_enabled":true,"_links":{"self":[{"href":"https:\/\/www.artesaniaparis.com\/fr\/wp-json\/wp\/v2\/product\/1849","targetHints":{"allow":["GET"]}}],"collection":[{"href":"https:\/\/www.artesaniaparis.com\/fr\/wp-json\/wp\/v2\/product"}],"about":[{"href":"https:\/\/www.artesaniaparis.com\/fr\/wp-json\/wp\/v2\/types\/product"}],"replies":[{"embeddable":true,"href":"https:\/\/www.artesaniaparis.com\/fr\/wp-json\/wp\/v2\/comments?post=1849"}],"version-history":[{"count":0,"href":"https:\/\/www.artesaniaparis.com\/fr\/wp-json\/wp\/v2\/product\/1849\/revisions"}],"wp:featuredmedia":[{"embeddable":true,"href":"https:\/\/www.artesaniaparis.com\/fr\/wp-json\/wp\/v2\/media\/1910"}],"wp:attachment":[{"href":"https:\/\/www.artesaniaparis.com\/fr\/wp-json\/wp\/v2\/media?parent=1849"}],"wp:term":[{"taxonomy":"brand","embeddable":true,"href":"https:\/\/www.artesaniaparis.com\/fr\/wp-json\/wp\/v2\/brand?post=1849"},{"taxonomy":"product_brand","embeddable":true,"href":"https:\/\/www.artesaniaparis.com\/fr\/wp-json\/wp\/v2\/product_brand?post=1849"},{"taxonomy":"product_cat","embeddable":true,"href":"https:\/\/www.artesaniaparis.com\/fr\/wp-json\/wp\/v2\/product_cat?post=1849"},{"taxonomy":"product_tag","embeddable":true,"href":"https:\/\/www.artesaniaparis.com\/fr\/wp-json\/wp\/v2\/product_tag?post=1849"}],"curies":[{"name":"wp","href":"https:\/\/api.w.org\/{rel}","templated":true}]}}