{"id":1848,"date":"2025-08-19T11:01:45","date_gmt":"2025-08-19T09:01:45","guid":{"rendered":"https:\/\/www.artesaniaparis.com\/?post_type=product&#038;p=1848"},"modified":"2025-08-19T11:04:16","modified_gmt":"2025-08-19T09:04:16","slug":"bougie-mangue","status":"publish","type":"product","link":"https:\/\/www.artesaniaparis.com\/fr\/produit\/bougie-mangue\/","title":{"rendered":"Bougie Mangue"},"content":{"rendered":"<p style=\"text-align: center;\" data-start=\"560\" data-end=\"834\">Succombez \u00e0 la fra\u00eecheur tropicale de la <strong data-start=\"601\" data-end=\"632\">bougie parfum\u00e9e \u00e0 la mangue<\/strong>, une cr\u00e9ation artisanale aussi belle que savoureuse (visuellement !). Sa cire v\u00e9g\u00e9tale joliment fa\u00e7onn\u00e9e et ses couleurs \u00e9voquant un dessert glac\u00e9 rendent cette bougie aussi d\u00e9corative que sensorielle.<\/p>\n<p style=\"text-align: center;\" data-start=\"836\" data-end=\"941\">Elle diffuse un parfum fruit\u00e9 et intense de mangue m\u00fbre, \u00e9voquant l\u2019\u00e9t\u00e9, la plage et la douceur de vivre.<\/p>\n<p style=\"text-align: center;\" data-start=\"943\" data-end=\"1139\">\ud83c\udf51 Parfum mangue sucr\u00e9e, fra\u00eeche et exotique<br data-start=\"987\" data-end=\"990\" \/>\ud83c\udf51 Cire 100 % v\u00e9g\u00e9tale<br data-start=\"1012\" data-end=\"1015\" \/>\ud83c\udf51 Apparence gourmande type cr\u00e8me glac\u00e9e<br data-start=\"1055\" data-end=\"1058\" \/>\ud83c\udf51 Id\u00e9ale pour une d\u00e9co originale ou un cadeau<br data-start=\"1104\" data-end=\"1107\" \/>\ud83c\udf51 Fabriqu\u00e9e \u00e0 la main en France<\/p>\n","protected":false},"excerpt":{"rendered":"<p style=\"text-align: center;\">Une bougie fruit\u00e9e au visuel exotique et gourmand, au parfum ensoleill\u00e9 de mangue juteuse. Fabriqu\u00e9e artisanalement en France.<\/p>\n","protected":false},"featured_media":1909,"comment_status":"open","ping_status":"closed","template":"","meta":[],"brand":[],"product_brand":[],"product_cat":[473],"product_tag":[406,194,407,408,266,409,410],"class_list":{"0":"post-1848","1":"product","2":"type-product","3":"status-publish","4":"has-post-thumbnail","6":"product_cat-bougies-gourmandes","7":"product_tag-bougie-artisanale-france","8":"product_tag-bougie-dessert","9":"product_tag-bougie-fruitee","10":"product_tag-bougie-mangue","11":"product_tag-bougie-tropicale","12":"product_tag-deco-ete","13":"product_tag-idee-cadeau-exotique","14":"left-slider","16":"first","17":"instock","18":"shipping-taxable","19":"purchasable","20":"product-type-simple"},"yoast_head":"<!-- This site is optimized with the Yoast SEO plugin v26.9 - https:\/\/yoast.com\/product\/yoast-seo-wordpress\/ -->\n<title>Bougie Gourmande \u00e0 la Mangue \u2013 Fait Main \u2013 Cire V\u00e9g\u00e9tale &amp; Parfum Fruit\u00e9 \u2013 Fabrication Fran\u00e7aise<\/title>\n<meta name=\"description\" content=\"D\u00e9couvrez la bougie parfum\u00e9e artisanale \u00e0 la mangue. Cire v\u00e9g\u00e9tale, parfum intense et look ultra gourmand. Fabriqu\u00e9e en France.\" \/>\n<meta name=\"robots\" content=\"index, follow, max-snippet:-1, max-image-preview:large, max-video-preview:-1\" \/>\n<link rel=\"canonical\" href=\"https:\/\/www.artesaniaparis.com\/fr\/produit\/bougie-mangue\/\" \/>\n<meta property=\"og:locale\" content=\"fr_FR\" \/>\n<meta property=\"og:type\" content=\"article\" \/>\n<meta property=\"og:title\" content=\"Bougie Gourmande \u00e0 la Mangue \u2013 Fait Main \u2013 Cire V\u00e9g\u00e9tale &amp; Parfum Fruit\u00e9 \u2013 Fabrication Fran\u00e7aise\" \/>\n<meta property=\"og:description\" content=\"D\u00e9couvrez la bougie parfum\u00e9e artisanale \u00e0 la mangue. Cire v\u00e9g\u00e9tale, parfum intense et look ultra gourmand. Fabriqu\u00e9e en France.\" \/>\n<meta property=\"og:url\" content=\"https:\/\/www.artesaniaparis.com\/fr\/produit\/bougie-mangue\/\" \/>\n<meta property=\"og:site_name\" content=\"Mitti\" \/>\n<meta property=\"article:modified_time\" content=\"2025-08-19T09:04:16+00:00\" \/>\n<meta property=\"og:image\" content=\"https:\/\/www.artesaniaparis.com\/wp-content\/uploads\/2025\/08\/549cd945d7e26467568abb4901112113915368bcf042fe85c8757fbe12c23734.webp\" \/>\n\t<meta property=\"og:image:width\" content=\"720\" \/>\n\t<meta property=\"og:image:height\" content=\"720\" \/>\n\t<meta property=\"og:image:type\" content=\"image\/webp\" \/>\n<meta name=\"twitter:card\" content=\"summary_large_image\" \/>\n<meta name=\"twitter:label1\" content=\"Dur\u00e9e de lecture estim\u00e9e\" \/>\n\t<meta name=\"twitter:data1\" content=\"1 minute\" \/>\n<script type=\"application\/ld+json\" class=\"yoast-schema-graph\">{\"@context\":\"https:\/\/schema.org\",\"@graph\":[{\"@type\":\"WebPage\",\"@id\":\"https:\/\/www.artesaniaparis.com\/produit\/bougie-mangue\/\",\"url\":\"https:\/\/www.artesaniaparis.com\/produit\/bougie-mangue\/\",\"name\":\"Bougie Gourmande \u00e0 la Mangue \u2013 Fait Main \u2013 Cire V\u00e9g\u00e9tale &amp; Parfum Fruit\u00e9 \u2013 Fabrication Fran\u00e7aise\",\"isPartOf\":{\"@id\":\"https:\/\/www.artesaniaparis.com\/#website\"},\"primaryImageOfPage\":{\"@id\":\"https:\/\/www.artesaniaparis.com\/produit\/bougie-mangue\/#primaryimage\"},\"image\":{\"@id\":\"https:\/\/www.artesaniaparis.com\/produit\/bougie-mangue\/#primaryimage\"},\"thumbnailUrl\":\"https:\/\/www.artesaniaparis.com\/wp-content\/uploads\/2025\/08\/549cd945d7e26467568abb4901112113915368bcf042fe85c8757fbe12c23734.webp\",\"datePublished\":\"2025-08-19T09:01:45+00:00\",\"dateModified\":\"2025-08-19T09:04:16+00:00\",\"description\":\"D\u00e9couvrez la bougie parfum\u00e9e artisanale \u00e0 la mangue. Cire v\u00e9g\u00e9tale, parfum intense et look ultra gourmand. Fabriqu\u00e9e en France.\",\"breadcrumb\":{\"@id\":\"https:\/\/www.artesaniaparis.com\/produit\/bougie-mangue\/#breadcrumb\"},\"inLanguage\":\"fr-FR\",\"potentialAction\":[{\"@type\":\"ReadAction\",\"target\":[\"https:\/\/www.artesaniaparis.com\/produit\/bougie-mangue\/\"]}]},{\"@type\":\"ImageObject\",\"inLanguage\":\"fr-FR\",\"@id\":\"https:\/\/www.artesaniaparis.com\/produit\/bougie-mangue\/#primaryimage\",\"url\":\"https:\/\/www.artesaniaparis.com\/wp-content\/uploads\/2025\/08\/549cd945d7e26467568abb4901112113915368bcf042fe85c8757fbe12c23734.webp\",\"contentUrl\":\"https:\/\/www.artesaniaparis.com\/wp-content\/uploads\/2025\/08\/549cd945d7e26467568abb4901112113915368bcf042fe85c8757fbe12c23734.webp\",\"width\":720,\"height\":720},{\"@type\":\"BreadcrumbList\",\"@id\":\"https:\/\/www.artesaniaparis.com\/produit\/bougie-mangue\/#breadcrumb\",\"itemListElement\":[{\"@type\":\"ListItem\",\"position\":1,\"name\":\"Accueil\",\"item\":\"https:\/\/www.artesaniaparis.com\/fr\/\"},{\"@type\":\"ListItem\",\"position\":2,\"name\":\"Boutique\",\"item\":\"http:\/\/www.artesaniaparis.com\/fr\/boutique\/\"},{\"@type\":\"ListItem\",\"position\":3,\"name\":\"Bougie Mangue\"}]},{\"@type\":\"WebSite\",\"@id\":\"https:\/\/www.artesaniaparis.com\/#website\",\"url\":\"https:\/\/www.artesaniaparis.com\/\",\"name\":\"Mitti\",\"description\":\"Une flamme, une \u00e9motion, un instant suspendu\",\"potentialAction\":[{\"@type\":\"SearchAction\",\"target\":{\"@type\":\"EntryPoint\",\"urlTemplate\":\"https:\/\/www.artesaniaparis.com\/?s={search_term_string}\"},\"query-input\":{\"@type\":\"PropertyValueSpecification\",\"valueRequired\":true,\"valueName\":\"search_term_string\"}}],\"inLanguage\":\"fr-FR\"}]}<\/script>\n<!-- \/ Yoast SEO plugin. -->","yoast_head_json":{"title":"Bougie Gourmande \u00e0 la Mangue \u2013 Fait Main \u2013 Cire V\u00e9g\u00e9tale &amp; Parfum Fruit\u00e9 \u2013 Fabrication Fran\u00e7aise","description":"D\u00e9couvrez la bougie parfum\u00e9e artisanale \u00e0 la mangue. Cire v\u00e9g\u00e9tale, parfum intense et look ultra gourmand. Fabriqu\u00e9e en France.","robots":{"index":"index","follow":"follow","max-snippet":"max-snippet:-1","max-image-preview":"max-image-preview:large","max-video-preview":"max-video-preview:-1"},"canonical":"https:\/\/www.artesaniaparis.com\/fr\/produit\/bougie-mangue\/","og_locale":"fr_FR","og_type":"article","og_title":"Bougie Gourmande \u00e0 la Mangue \u2013 Fait Main \u2013 Cire V\u00e9g\u00e9tale &amp; Parfum Fruit\u00e9 \u2013 Fabrication Fran\u00e7aise","og_description":"D\u00e9couvrez la bougie parfum\u00e9e artisanale \u00e0 la mangue. Cire v\u00e9g\u00e9tale, parfum intense et look ultra gourmand. Fabriqu\u00e9e en France.","og_url":"https:\/\/www.artesaniaparis.com\/fr\/produit\/bougie-mangue\/","og_site_name":"Mitti","article_modified_time":"2025-08-19T09:04:16+00:00","og_image":[{"width":720,"height":720,"url":"https:\/\/www.artesaniaparis.com\/wp-content\/uploads\/2025\/08\/549cd945d7e26467568abb4901112113915368bcf042fe85c8757fbe12c23734.webp","type":"image\/webp"}],"twitter_card":"summary_large_image","twitter_misc":{"Dur\u00e9e de lecture estim\u00e9e":"1 minute"},"schema":{"@context":"https:\/\/schema.org","@graph":[{"@type":"WebPage","@id":"https:\/\/www.artesaniaparis.com\/produit\/bougie-mangue\/","url":"https:\/\/www.artesaniaparis.com\/produit\/bougie-mangue\/","name":"Bougie Gourmande \u00e0 la Mangue \u2013 Fait Main \u2013 Cire V\u00e9g\u00e9tale &amp; Parfum Fruit\u00e9 \u2013 Fabrication Fran\u00e7aise","isPartOf":{"@id":"https:\/\/www.artesaniaparis.com\/#website"},"primaryImageOfPage":{"@id":"https:\/\/www.artesaniaparis.com\/produit\/bougie-mangue\/#primaryimage"},"image":{"@id":"https:\/\/www.artesaniaparis.com\/produit\/bougie-mangue\/#primaryimage"},"thumbnailUrl":"https:\/\/www.artesaniaparis.com\/wp-content\/uploads\/2025\/08\/549cd945d7e26467568abb4901112113915368bcf042fe85c8757fbe12c23734.webp","datePublished":"2025-08-19T09:01:45+00:00","dateModified":"2025-08-19T09:04:16+00:00","description":"D\u00e9couvrez la bougie parfum\u00e9e artisanale \u00e0 la mangue. Cire v\u00e9g\u00e9tale, parfum intense et look ultra gourmand. Fabriqu\u00e9e en France.","breadcrumb":{"@id":"https:\/\/www.artesaniaparis.com\/produit\/bougie-mangue\/#breadcrumb"},"inLanguage":"fr-FR","potentialAction":[{"@type":"ReadAction","target":["https:\/\/www.artesaniaparis.com\/produit\/bougie-mangue\/"]}]},{"@type":"ImageObject","inLanguage":"fr-FR","@id":"https:\/\/www.artesaniaparis.com\/produit\/bougie-mangue\/#primaryimage","url":"https:\/\/www.artesaniaparis.com\/wp-content\/uploads\/2025\/08\/549cd945d7e26467568abb4901112113915368bcf042fe85c8757fbe12c23734.webp","contentUrl":"https:\/\/www.artesaniaparis.com\/wp-content\/uploads\/2025\/08\/549cd945d7e26467568abb4901112113915368bcf042fe85c8757fbe12c23734.webp","width":720,"height":720},{"@type":"BreadcrumbList","@id":"https:\/\/www.artesaniaparis.com\/produit\/bougie-mangue\/#breadcrumb","itemListElement":[{"@type":"ListItem","position":1,"name":"Accueil","item":"https:\/\/www.artesaniaparis.com\/fr\/"},{"@type":"ListItem","position":2,"name":"Boutique","item":"http:\/\/www.artesaniaparis.com\/fr\/boutique\/"},{"@type":"ListItem","position":3,"name":"Bougie Mangue"}]},{"@type":"WebSite","@id":"https:\/\/www.artesaniaparis.com\/#website","url":"https:\/\/www.artesaniaparis.com\/","name":"Mitti","description":"Une flamme, une \u00e9motion, un instant suspendu","potentialAction":[{"@type":"SearchAction","target":{"@type":"EntryPoint","urlTemplate":"https:\/\/www.artesaniaparis.com\/?s={search_term_string}"},"query-input":{"@type":"PropertyValueSpecification","valueRequired":true,"valueName":"search_term_string"}}],"inLanguage":"fr-FR"}]}},"jetpack_sharing_enabled":true,"_links":{"self":[{"href":"https:\/\/www.artesaniaparis.com\/fr\/wp-json\/wp\/v2\/product\/1848","targetHints":{"allow":["GET"]}}],"collection":[{"href":"https:\/\/www.artesaniaparis.com\/fr\/wp-json\/wp\/v2\/product"}],"about":[{"href":"https:\/\/www.artesaniaparis.com\/fr\/wp-json\/wp\/v2\/types\/product"}],"replies":[{"embeddable":true,"href":"https:\/\/www.artesaniaparis.com\/fr\/wp-json\/wp\/v2\/comments?post=1848"}],"version-history":[{"count":0,"href":"https:\/\/www.artesaniaparis.com\/fr\/wp-json\/wp\/v2\/product\/1848\/revisions"}],"wp:featuredmedia":[{"embeddable":true,"href":"https:\/\/www.artesaniaparis.com\/fr\/wp-json\/wp\/v2\/media\/1909"}],"wp:attachment":[{"href":"https:\/\/www.artesaniaparis.com\/fr\/wp-json\/wp\/v2\/media?parent=1848"}],"wp:term":[{"taxonomy":"brand","embeddable":true,"href":"https:\/\/www.artesaniaparis.com\/fr\/wp-json\/wp\/v2\/brand?post=1848"},{"taxonomy":"product_brand","embeddable":true,"href":"https:\/\/www.artesaniaparis.com\/fr\/wp-json\/wp\/v2\/product_brand?post=1848"},{"taxonomy":"product_cat","embeddable":true,"href":"https:\/\/www.artesaniaparis.com\/fr\/wp-json\/wp\/v2\/product_cat?post=1848"},{"taxonomy":"product_tag","embeddable":true,"href":"https:\/\/www.artesaniaparis.com\/fr\/wp-json\/wp\/v2\/product_tag?post=1848"}],"curies":[{"name":"wp","href":"https:\/\/api.w.org\/{rel}","templated":true}]}}