{"id":1800,"date":"2025-08-19T10:59:43","date_gmt":"2025-08-19T08:59:43","guid":{"rendered":"https:\/\/www.artesaniaparis.com\/?post_type=product&#038;p=1800"},"modified":"2025-10-05T21:35:11","modified_gmt":"2025-10-05T19:35:11","slug":"parfum-dambiance-100ml-caramel","status":"publish","type":"product","link":"https:\/\/www.artesaniaparis.com\/fr\/produit\/parfum-dambiance-100ml-caramel\/","title":{"rendered":"Parfum D\u2019ambiance 100ml &#8211; Caramel"},"content":{"rendered":"<p style=\"text-align: center;\" data-start=\"544\" data-end=\"752\">Succombez \u00e0 l\u2019irr\u00e9sistible parfum d\u2019ambiance <strong data-start=\"589\" data-end=\"610\">Suzanne \u2013 Caramel<\/strong>, une fragrance sucr\u00e9e, fondante et enveloppante. Avec ses notes gourmandes, elle cr\u00e9e instantan\u00e9ment une atmosph\u00e8re r\u00e9confortante et joyeuse.<\/p>\n<p style=\"text-align: center;\" data-start=\"754\" data-end=\"877\">Le parfum id\u00e9al pour adoucir l\u2019ambiance de vos pi\u00e8ces et \u00e9veiller des souvenirs d\u00e9licieux d\u2019enfance ou de douceurs sucr\u00e9es.<\/p>\n<p style=\"text-align: center;\" data-start=\"879\" data-end=\"991\">\u2728 Notes olfactives : caramel, vanille, sucre fondu<br data-start=\"929\" data-end=\"932\" \/>\ud83d\udd6f Parfait pour : salon, chambre, cuisine, boutique, bureau<\/p>\n<p style=\"text-align: center;\" data-start=\"993\" data-end=\"1075\">Fabriqu\u00e9 en France \u2013 Format spray 100 ml<\/p>\n","protected":false},"excerpt":{"rendered":"<p style=\"text-align: center;\">Laissez-vous envo\u00fbter par la douceur sucr\u00e9e du caramel avec Suzanne, un parfum d\u2019ambiance gourmand et chaleureux.<\/p>\n","protected":false},"featured_media":1881,"comment_status":"open","ping_status":"closed","template":"","meta":[],"brand":[],"product_brand":[],"product_cat":[466],"product_tag":[164,341,343,325,344,328],"class_list":{"0":"post-1800","1":"product","2":"type-product","3":"status-publish","4":"has-post-thumbnail","6":"product_cat-brumes-sprays","7":"product_tag-caramel","8":"product_tag-douceur","9":"product_tag-gourmand","10":"product_tag-parfum-dambiance","11":"product_tag-parfum-sucre","12":"product_tag-pinup","13":"left-slider","15":"first","16":"instock","17":"shipping-taxable","18":"purchasable","19":"product-type-simple"},"yoast_head":"<!-- This site is optimized with the Yoast SEO plugin v26.9 - https:\/\/yoast.com\/product\/yoast-seo-wordpress\/ -->\n<title>Suzanne \u2013 Parfum d\u2019Ambiance Caramel 100ml | Collection Pin\u2019Up<\/title>\n<meta name=\"description\" content=\"Suzanne \u2013 Parfum d\u2019ambiance au caramel 100ml. Un parfum sucr\u00e9, fondant et chaleureux pour cr\u00e9er une ambiance gourmande. Fabriqu\u00e9 en France.\" \/>\n<meta name=\"robots\" content=\"index, follow, max-snippet:-1, max-image-preview:large, max-video-preview:-1\" \/>\n<link rel=\"canonical\" href=\"https:\/\/www.artesaniaparis.com\/fr\/produit\/parfum-dambiance-100ml-caramel\/\" \/>\n<meta property=\"og:locale\" content=\"fr_FR\" \/>\n<meta property=\"og:type\" content=\"article\" \/>\n<meta property=\"og:title\" content=\"Suzanne \u2013 Parfum d\u2019Ambiance Caramel 100ml | Collection Pin\u2019Up\" \/>\n<meta property=\"og:description\" content=\"Suzanne \u2013 Parfum d\u2019ambiance au caramel 100ml. Un parfum sucr\u00e9, fondant et chaleureux pour cr\u00e9er une ambiance gourmande. Fabriqu\u00e9 en France.\" \/>\n<meta property=\"og:url\" content=\"https:\/\/www.artesaniaparis.com\/fr\/produit\/parfum-dambiance-100ml-caramel\/\" \/>\n<meta property=\"og:site_name\" content=\"Mitti\" \/>\n<meta property=\"article:modified_time\" content=\"2025-10-05T19:35:11+00:00\" \/>\n<meta property=\"og:image\" content=\"https:\/\/www.artesaniaparis.com\/wp-content\/uploads\/2025\/08\/caramel.webp\" \/>\n\t<meta property=\"og:image:width\" content=\"720\" \/>\n\t<meta property=\"og:image:height\" content=\"720\" \/>\n\t<meta property=\"og:image:type\" content=\"image\/webp\" \/>\n<meta name=\"twitter:card\" content=\"summary_large_image\" \/>\n<meta name=\"twitter:label1\" content=\"Dur\u00e9e de lecture estim\u00e9e\" \/>\n\t<meta name=\"twitter:data1\" content=\"1 minute\" \/>\n<script type=\"application\/ld+json\" class=\"yoast-schema-graph\">{\"@context\":\"https:\/\/schema.org\",\"@graph\":[{\"@type\":\"WebPage\",\"@id\":\"https:\/\/www.artesaniaparis.com\/fr\/produit\/parfum-dambiance-100ml-caramel\/\",\"url\":\"https:\/\/www.artesaniaparis.com\/fr\/produit\/parfum-dambiance-100ml-caramel\/\",\"name\":\"Suzanne \u2013 Parfum d\u2019Ambiance Caramel 100ml | Collection Pin\u2019Up\",\"isPartOf\":{\"@id\":\"https:\/\/www.artesaniaparis.com\/#website\"},\"primaryImageOfPage\":{\"@id\":\"https:\/\/www.artesaniaparis.com\/fr\/produit\/parfum-dambiance-100ml-caramel\/#primaryimage\"},\"image\":{\"@id\":\"https:\/\/www.artesaniaparis.com\/fr\/produit\/parfum-dambiance-100ml-caramel\/#primaryimage\"},\"thumbnailUrl\":\"https:\/\/www.artesaniaparis.com\/wp-content\/uploads\/2025\/08\/caramel.webp\",\"datePublished\":\"2025-08-19T08:59:43+00:00\",\"dateModified\":\"2025-10-05T19:35:11+00:00\",\"description\":\"Suzanne \u2013 Parfum d\u2019ambiance au caramel 100ml. Un parfum sucr\u00e9, fondant et chaleureux pour cr\u00e9er une ambiance gourmande. Fabriqu\u00e9 en France.\",\"breadcrumb\":{\"@id\":\"https:\/\/www.artesaniaparis.com\/fr\/produit\/parfum-dambiance-100ml-caramel\/#breadcrumb\"},\"inLanguage\":\"fr-FR\",\"potentialAction\":[{\"@type\":\"ReadAction\",\"target\":[\"https:\/\/www.artesaniaparis.com\/fr\/produit\/parfum-dambiance-100ml-caramel\/\"]}]},{\"@type\":\"ImageObject\",\"inLanguage\":\"fr-FR\",\"@id\":\"https:\/\/www.artesaniaparis.com\/fr\/produit\/parfum-dambiance-100ml-caramel\/#primaryimage\",\"url\":\"https:\/\/www.artesaniaparis.com\/wp-content\/uploads\/2025\/08\/caramel.webp\",\"contentUrl\":\"https:\/\/www.artesaniaparis.com\/wp-content\/uploads\/2025\/08\/caramel.webp\",\"width\":720,\"height\":720},{\"@type\":\"BreadcrumbList\",\"@id\":\"https:\/\/www.artesaniaparis.com\/fr\/produit\/parfum-dambiance-100ml-caramel\/#breadcrumb\",\"itemListElement\":[{\"@type\":\"ListItem\",\"position\":1,\"name\":\"Accueil\",\"item\":\"https:\/\/www.artesaniaparis.com\/fr\/\"},{\"@type\":\"ListItem\",\"position\":2,\"name\":\"Boutique\",\"item\":\"http:\/\/www.artesaniaparis.com\/fr\/boutique\/\"},{\"@type\":\"ListItem\",\"position\":3,\"name\":\"Parfum D\u2019ambiance 100ml &#8211; Caramel\"}]},{\"@type\":\"WebSite\",\"@id\":\"https:\/\/www.artesaniaparis.com\/#website\",\"url\":\"https:\/\/www.artesaniaparis.com\/\",\"name\":\"Mitti\",\"description\":\"Une flamme, une \u00e9motion, un instant suspendu\",\"potentialAction\":[{\"@type\":\"SearchAction\",\"target\":{\"@type\":\"EntryPoint\",\"urlTemplate\":\"https:\/\/www.artesaniaparis.com\/?s={search_term_string}\"},\"query-input\":{\"@type\":\"PropertyValueSpecification\",\"valueRequired\":true,\"valueName\":\"search_term_string\"}}],\"inLanguage\":\"fr-FR\"}]}<\/script>\n<!-- \/ Yoast SEO plugin. -->","yoast_head_json":{"title":"Suzanne \u2013 Parfum d\u2019Ambiance Caramel 100ml | Collection Pin\u2019Up","description":"Suzanne \u2013 Parfum d\u2019ambiance au caramel 100ml. Un parfum sucr\u00e9, fondant et chaleureux pour cr\u00e9er une ambiance gourmande. Fabriqu\u00e9 en France.","robots":{"index":"index","follow":"follow","max-snippet":"max-snippet:-1","max-image-preview":"max-image-preview:large","max-video-preview":"max-video-preview:-1"},"canonical":"https:\/\/www.artesaniaparis.com\/fr\/produit\/parfum-dambiance-100ml-caramel\/","og_locale":"fr_FR","og_type":"article","og_title":"Suzanne \u2013 Parfum d\u2019Ambiance Caramel 100ml | Collection Pin\u2019Up","og_description":"Suzanne \u2013 Parfum d\u2019ambiance au caramel 100ml. Un parfum sucr\u00e9, fondant et chaleureux pour cr\u00e9er une ambiance gourmande. Fabriqu\u00e9 en France.","og_url":"https:\/\/www.artesaniaparis.com\/fr\/produit\/parfum-dambiance-100ml-caramel\/","og_site_name":"Mitti","article_modified_time":"2025-10-05T19:35:11+00:00","og_image":[{"width":720,"height":720,"url":"https:\/\/www.artesaniaparis.com\/wp-content\/uploads\/2025\/08\/caramel.webp","type":"image\/webp"}],"twitter_card":"summary_large_image","twitter_misc":{"Dur\u00e9e de lecture estim\u00e9e":"1 minute"},"schema":{"@context":"https:\/\/schema.org","@graph":[{"@type":"WebPage","@id":"https:\/\/www.artesaniaparis.com\/fr\/produit\/parfum-dambiance-100ml-caramel\/","url":"https:\/\/www.artesaniaparis.com\/fr\/produit\/parfum-dambiance-100ml-caramel\/","name":"Suzanne \u2013 Parfum d\u2019Ambiance Caramel 100ml | Collection Pin\u2019Up","isPartOf":{"@id":"https:\/\/www.artesaniaparis.com\/#website"},"primaryImageOfPage":{"@id":"https:\/\/www.artesaniaparis.com\/fr\/produit\/parfum-dambiance-100ml-caramel\/#primaryimage"},"image":{"@id":"https:\/\/www.artesaniaparis.com\/fr\/produit\/parfum-dambiance-100ml-caramel\/#primaryimage"},"thumbnailUrl":"https:\/\/www.artesaniaparis.com\/wp-content\/uploads\/2025\/08\/caramel.webp","datePublished":"2025-08-19T08:59:43+00:00","dateModified":"2025-10-05T19:35:11+00:00","description":"Suzanne \u2013 Parfum d\u2019ambiance au caramel 100ml. Un parfum sucr\u00e9, fondant et chaleureux pour cr\u00e9er une ambiance gourmande. Fabriqu\u00e9 en France.","breadcrumb":{"@id":"https:\/\/www.artesaniaparis.com\/fr\/produit\/parfum-dambiance-100ml-caramel\/#breadcrumb"},"inLanguage":"fr-FR","potentialAction":[{"@type":"ReadAction","target":["https:\/\/www.artesaniaparis.com\/fr\/produit\/parfum-dambiance-100ml-caramel\/"]}]},{"@type":"ImageObject","inLanguage":"fr-FR","@id":"https:\/\/www.artesaniaparis.com\/fr\/produit\/parfum-dambiance-100ml-caramel\/#primaryimage","url":"https:\/\/www.artesaniaparis.com\/wp-content\/uploads\/2025\/08\/caramel.webp","contentUrl":"https:\/\/www.artesaniaparis.com\/wp-content\/uploads\/2025\/08\/caramel.webp","width":720,"height":720},{"@type":"BreadcrumbList","@id":"https:\/\/www.artesaniaparis.com\/fr\/produit\/parfum-dambiance-100ml-caramel\/#breadcrumb","itemListElement":[{"@type":"ListItem","position":1,"name":"Accueil","item":"https:\/\/www.artesaniaparis.com\/fr\/"},{"@type":"ListItem","position":2,"name":"Boutique","item":"http:\/\/www.artesaniaparis.com\/fr\/boutique\/"},{"@type":"ListItem","position":3,"name":"Parfum D\u2019ambiance 100ml &#8211; Caramel"}]},{"@type":"WebSite","@id":"https:\/\/www.artesaniaparis.com\/#website","url":"https:\/\/www.artesaniaparis.com\/","name":"Mitti","description":"Une flamme, une \u00e9motion, un instant suspendu","potentialAction":[{"@type":"SearchAction","target":{"@type":"EntryPoint","urlTemplate":"https:\/\/www.artesaniaparis.com\/?s={search_term_string}"},"query-input":{"@type":"PropertyValueSpecification","valueRequired":true,"valueName":"search_term_string"}}],"inLanguage":"fr-FR"}]}},"jetpack_sharing_enabled":true,"_links":{"self":[{"href":"https:\/\/www.artesaniaparis.com\/fr\/wp-json\/wp\/v2\/product\/1800","targetHints":{"allow":["GET"]}}],"collection":[{"href":"https:\/\/www.artesaniaparis.com\/fr\/wp-json\/wp\/v2\/product"}],"about":[{"href":"https:\/\/www.artesaniaparis.com\/fr\/wp-json\/wp\/v2\/types\/product"}],"replies":[{"embeddable":true,"href":"https:\/\/www.artesaniaparis.com\/fr\/wp-json\/wp\/v2\/comments?post=1800"}],"version-history":[{"count":0,"href":"https:\/\/www.artesaniaparis.com\/fr\/wp-json\/wp\/v2\/product\/1800\/revisions"}],"wp:featuredmedia":[{"embeddable":true,"href":"https:\/\/www.artesaniaparis.com\/fr\/wp-json\/wp\/v2\/media\/1881"}],"wp:attachment":[{"href":"https:\/\/www.artesaniaparis.com\/fr\/wp-json\/wp\/v2\/media?parent=1800"}],"wp:term":[{"taxonomy":"brand","embeddable":true,"href":"https:\/\/www.artesaniaparis.com\/fr\/wp-json\/wp\/v2\/brand?post=1800"},{"taxonomy":"product_brand","embeddable":true,"href":"https:\/\/www.artesaniaparis.com\/fr\/wp-json\/wp\/v2\/product_brand?post=1800"},{"taxonomy":"product_cat","embeddable":true,"href":"https:\/\/www.artesaniaparis.com\/fr\/wp-json\/wp\/v2\/product_cat?post=1800"},{"taxonomy":"product_tag","embeddable":true,"href":"https:\/\/www.artesaniaparis.com\/fr\/wp-json\/wp\/v2\/product_tag?post=1800"}],"curies":[{"name":"wp","href":"https:\/\/api.w.org\/{rel}","templated":true}]}}