{"id":1799,"date":"2025-08-19T10:59:42","date_gmt":"2025-08-19T08:59:42","guid":{"rendered":"https:\/\/www.artesaniaparis.com\/?post_type=product&#038;p=1799"},"modified":"2025-08-19T11:03:01","modified_gmt":"2025-08-19T09:03:01","slug":"parfum-dambiance-100ml-fleur-de-coton","status":"publish","type":"product","link":"https:\/\/www.artesaniaparis.com\/fr\/produit\/parfum-dambiance-100ml-fleur-de-coton\/","title":{"rendered":"Parfum d\u2019ambiance 100ml- Fleur de Coton"},"content":{"rendered":"<p style=\"text-align: center;\" data-start=\"602\" data-end=\"832\">Offrez \u00e0 votre maison un cocon de douceur avec <strong data-start=\"649\" data-end=\"678\">Marcelle \u2013 Fleur de Coton<\/strong>, un parfum d\u2019ambiance subtil et apaisant. Inspir\u00e9e par la d\u00e9licatesse des draps fra\u00eechement lav\u00e9s, cette fragrance d\u00e9gage une senteur pure et rassurante.<\/p>\n<p style=\"text-align: center;\" data-start=\"834\" data-end=\"946\">Le parfum id\u00e9al pour cr\u00e9er une atmosph\u00e8re cosy, chaleureuse et accueillante dans toutes les pi\u00e8ces de la maison.<\/p>\n<p style=\"text-align: center;\" data-start=\"948\" data-end=\"1069\">\u2728 Notes olfactives : musc blanc, coton, vanille douce<br data-start=\"1001\" data-end=\"1004\" \/>\ud83d\udd6f Parfait pour : chambre, salon, salle de bain, dressing, entr\u00e9e<\/p>\n<p style=\"text-align: center;\" data-start=\"1071\" data-end=\"1154\">Fabriqu\u00e9 en France avec des ingr\u00e9dients de qualit\u00e9. Flacon spray 100 ml recyclable.<\/p>\n","protected":false},"excerpt":{"rendered":"<p style=\"text-align: center;\">Un parfum d\u2019ambiance doux et r\u00e9confortant \u00e0 la fleur de coton. Marcelle enveloppe votre int\u00e9rieur d\u2019une sensation de propre et de bien-\u00eatre.<\/p>\n","protected":false},"featured_media":1880,"comment_status":"open","ping_status":"closed","template":"","meta":[],"brand":[],"product_brand":[],"product_cat":[466],"product_tag":[158,341,342,325,328],"class_list":{"0":"post-1799","1":"product","2":"type-product","3":"status-publish","4":"has-post-thumbnail","6":"product_cat-brumes-sprays","7":"product_tag-cocooning","8":"product_tag-douceur","9":"product_tag-fleur-de-coton","10":"product_tag-parfum-dambiance","11":"product_tag-pinup","12":"left-slider","14":"first","15":"instock","16":"shipping-taxable","17":"purchasable","18":"product-type-simple"},"yoast_head":"<!-- This site is optimized with the Yoast SEO plugin v26.9 - https:\/\/yoast.com\/product\/yoast-seo-wordpress\/ -->\n<title>Marcelle \u2013 Parfum d\u2019Ambiance Fleur de Coton 100ml | Collection Pin\u2019Up<\/title>\n<meta name=\"description\" content=\"Marcelle \u2013 parfum d\u2019ambiance \u00e0 la fleur de coton 100ml. Cr\u00e9ez une ambiance douce, propre et chaleureuse. Fabriqu\u00e9 en France. Collection Pin\u2019Up.\" \/>\n<meta name=\"robots\" content=\"index, follow, max-snippet:-1, max-image-preview:large, max-video-preview:-1\" \/>\n<link rel=\"canonical\" href=\"http:\/\/www.artesaniaparis.com\/fr\/produit\/parfum-dambiance-100ml-fleur-de-coton\/\" \/>\n<meta property=\"og:locale\" content=\"fr_FR\" \/>\n<meta property=\"og:type\" content=\"article\" \/>\n<meta property=\"og:title\" content=\"Marcelle \u2013 Parfum d\u2019Ambiance Fleur de Coton 100ml | Collection Pin\u2019Up\" \/>\n<meta property=\"og:description\" content=\"Marcelle \u2013 parfum d\u2019ambiance \u00e0 la fleur de coton 100ml. Cr\u00e9ez une ambiance douce, propre et chaleureuse. Fabriqu\u00e9 en France. Collection Pin\u2019Up.\" \/>\n<meta property=\"og:url\" content=\"http:\/\/www.artesaniaparis.com\/fr\/produit\/parfum-dambiance-100ml-fleur-de-coton\/\" \/>\n<meta property=\"og:site_name\" content=\"Mitti\" \/>\n<meta property=\"article:modified_time\" content=\"2025-08-19T09:03:01+00:00\" \/>\n<meta property=\"og:image\" content=\"https:\/\/www.artesaniaparis.com\/wp-content\/uploads\/2025\/08\/fleur-de-coton.webp\" \/>\n\t<meta property=\"og:image:width\" content=\"720\" \/>\n\t<meta property=\"og:image:height\" content=\"720\" \/>\n\t<meta property=\"og:image:type\" content=\"image\/webp\" \/>\n<meta name=\"twitter:card\" content=\"summary_large_image\" \/>\n<meta name=\"twitter:label1\" content=\"Dur\u00e9e de lecture estim\u00e9e\" \/>\n\t<meta name=\"twitter:data1\" content=\"1 minute\" \/>\n<script type=\"application\/ld+json\" class=\"yoast-schema-graph\">{\"@context\":\"https:\/\/schema.org\",\"@graph\":[{\"@type\":\"WebPage\",\"@id\":\"http:\/\/www.artesaniaparis.com\/fr\/produit\/parfum-dambiance-100ml-fleur-de-coton\/\",\"url\":\"http:\/\/www.artesaniaparis.com\/fr\/produit\/parfum-dambiance-100ml-fleur-de-coton\/\",\"name\":\"Marcelle \u2013 Parfum d\u2019Ambiance Fleur de Coton 100ml | Collection Pin\u2019Up\",\"isPartOf\":{\"@id\":\"https:\/\/www.artesaniaparis.com\/#website\"},\"primaryImageOfPage\":{\"@id\":\"http:\/\/www.artesaniaparis.com\/fr\/produit\/parfum-dambiance-100ml-fleur-de-coton\/#primaryimage\"},\"image\":{\"@id\":\"http:\/\/www.artesaniaparis.com\/fr\/produit\/parfum-dambiance-100ml-fleur-de-coton\/#primaryimage\"},\"thumbnailUrl\":\"https:\/\/www.artesaniaparis.com\/wp-content\/uploads\/2025\/08\/fleur-de-coton.webp\",\"datePublished\":\"2025-08-19T08:59:42+00:00\",\"dateModified\":\"2025-08-19T09:03:01+00:00\",\"description\":\"Marcelle \u2013 parfum d\u2019ambiance \u00e0 la fleur de coton 100ml. Cr\u00e9ez une ambiance douce, propre et chaleureuse. Fabriqu\u00e9 en France. Collection Pin\u2019Up.\",\"breadcrumb\":{\"@id\":\"http:\/\/www.artesaniaparis.com\/fr\/produit\/parfum-dambiance-100ml-fleur-de-coton\/#breadcrumb\"},\"inLanguage\":\"fr-FR\",\"potentialAction\":[{\"@type\":\"ReadAction\",\"target\":[\"http:\/\/www.artesaniaparis.com\/fr\/produit\/parfum-dambiance-100ml-fleur-de-coton\/\"]}]},{\"@type\":\"ImageObject\",\"inLanguage\":\"fr-FR\",\"@id\":\"http:\/\/www.artesaniaparis.com\/fr\/produit\/parfum-dambiance-100ml-fleur-de-coton\/#primaryimage\",\"url\":\"https:\/\/www.artesaniaparis.com\/wp-content\/uploads\/2025\/08\/fleur-de-coton.webp\",\"contentUrl\":\"https:\/\/www.artesaniaparis.com\/wp-content\/uploads\/2025\/08\/fleur-de-coton.webp\",\"width\":720,\"height\":720},{\"@type\":\"BreadcrumbList\",\"@id\":\"http:\/\/www.artesaniaparis.com\/fr\/produit\/parfum-dambiance-100ml-fleur-de-coton\/#breadcrumb\",\"itemListElement\":[{\"@type\":\"ListItem\",\"position\":1,\"name\":\"Accueil\",\"item\":\"https:\/\/www.artesaniaparis.com\/fr\/\"},{\"@type\":\"ListItem\",\"position\":2,\"name\":\"Boutique\",\"item\":\"http:\/\/www.artesaniaparis.com\/fr\/boutique\/\"},{\"@type\":\"ListItem\",\"position\":3,\"name\":\"Parfum d\u2019ambiance 100ml- Fleur de Coton\"}]},{\"@type\":\"WebSite\",\"@id\":\"https:\/\/www.artesaniaparis.com\/#website\",\"url\":\"https:\/\/www.artesaniaparis.com\/\",\"name\":\"Mitti\",\"description\":\"Une flamme, une \u00e9motion, un instant suspendu\",\"potentialAction\":[{\"@type\":\"SearchAction\",\"target\":{\"@type\":\"EntryPoint\",\"urlTemplate\":\"https:\/\/www.artesaniaparis.com\/?s={search_term_string}\"},\"query-input\":{\"@type\":\"PropertyValueSpecification\",\"valueRequired\":true,\"valueName\":\"search_term_string\"}}],\"inLanguage\":\"fr-FR\"}]}<\/script>\n<!-- \/ Yoast SEO plugin. -->","yoast_head_json":{"title":"Marcelle \u2013 Parfum d\u2019Ambiance Fleur de Coton 100ml | Collection Pin\u2019Up","description":"Marcelle \u2013 parfum d\u2019ambiance \u00e0 la fleur de coton 100ml. Cr\u00e9ez une ambiance douce, propre et chaleureuse. Fabriqu\u00e9 en France. Collection Pin\u2019Up.","robots":{"index":"index","follow":"follow","max-snippet":"max-snippet:-1","max-image-preview":"max-image-preview:large","max-video-preview":"max-video-preview:-1"},"canonical":"http:\/\/www.artesaniaparis.com\/fr\/produit\/parfum-dambiance-100ml-fleur-de-coton\/","og_locale":"fr_FR","og_type":"article","og_title":"Marcelle \u2013 Parfum d\u2019Ambiance Fleur de Coton 100ml | Collection Pin\u2019Up","og_description":"Marcelle \u2013 parfum d\u2019ambiance \u00e0 la fleur de coton 100ml. Cr\u00e9ez une ambiance douce, propre et chaleureuse. Fabriqu\u00e9 en France. Collection Pin\u2019Up.","og_url":"http:\/\/www.artesaniaparis.com\/fr\/produit\/parfum-dambiance-100ml-fleur-de-coton\/","og_site_name":"Mitti","article_modified_time":"2025-08-19T09:03:01+00:00","og_image":[{"width":720,"height":720,"url":"https:\/\/www.artesaniaparis.com\/wp-content\/uploads\/2025\/08\/fleur-de-coton.webp","type":"image\/webp"}],"twitter_card":"summary_large_image","twitter_misc":{"Dur\u00e9e de lecture estim\u00e9e":"1 minute"},"schema":{"@context":"https:\/\/schema.org","@graph":[{"@type":"WebPage","@id":"http:\/\/www.artesaniaparis.com\/fr\/produit\/parfum-dambiance-100ml-fleur-de-coton\/","url":"http:\/\/www.artesaniaparis.com\/fr\/produit\/parfum-dambiance-100ml-fleur-de-coton\/","name":"Marcelle \u2013 Parfum d\u2019Ambiance Fleur de Coton 100ml | Collection Pin\u2019Up","isPartOf":{"@id":"https:\/\/www.artesaniaparis.com\/#website"},"primaryImageOfPage":{"@id":"http:\/\/www.artesaniaparis.com\/fr\/produit\/parfum-dambiance-100ml-fleur-de-coton\/#primaryimage"},"image":{"@id":"http:\/\/www.artesaniaparis.com\/fr\/produit\/parfum-dambiance-100ml-fleur-de-coton\/#primaryimage"},"thumbnailUrl":"https:\/\/www.artesaniaparis.com\/wp-content\/uploads\/2025\/08\/fleur-de-coton.webp","datePublished":"2025-08-19T08:59:42+00:00","dateModified":"2025-08-19T09:03:01+00:00","description":"Marcelle \u2013 parfum d\u2019ambiance \u00e0 la fleur de coton 100ml. Cr\u00e9ez une ambiance douce, propre et chaleureuse. Fabriqu\u00e9 en France. Collection Pin\u2019Up.","breadcrumb":{"@id":"http:\/\/www.artesaniaparis.com\/fr\/produit\/parfum-dambiance-100ml-fleur-de-coton\/#breadcrumb"},"inLanguage":"fr-FR","potentialAction":[{"@type":"ReadAction","target":["http:\/\/www.artesaniaparis.com\/fr\/produit\/parfum-dambiance-100ml-fleur-de-coton\/"]}]},{"@type":"ImageObject","inLanguage":"fr-FR","@id":"http:\/\/www.artesaniaparis.com\/fr\/produit\/parfum-dambiance-100ml-fleur-de-coton\/#primaryimage","url":"https:\/\/www.artesaniaparis.com\/wp-content\/uploads\/2025\/08\/fleur-de-coton.webp","contentUrl":"https:\/\/www.artesaniaparis.com\/wp-content\/uploads\/2025\/08\/fleur-de-coton.webp","width":720,"height":720},{"@type":"BreadcrumbList","@id":"http:\/\/www.artesaniaparis.com\/fr\/produit\/parfum-dambiance-100ml-fleur-de-coton\/#breadcrumb","itemListElement":[{"@type":"ListItem","position":1,"name":"Accueil","item":"https:\/\/www.artesaniaparis.com\/fr\/"},{"@type":"ListItem","position":2,"name":"Boutique","item":"http:\/\/www.artesaniaparis.com\/fr\/boutique\/"},{"@type":"ListItem","position":3,"name":"Parfum d\u2019ambiance 100ml- Fleur de Coton"}]},{"@type":"WebSite","@id":"https:\/\/www.artesaniaparis.com\/#website","url":"https:\/\/www.artesaniaparis.com\/","name":"Mitti","description":"Une flamme, une \u00e9motion, un instant suspendu","potentialAction":[{"@type":"SearchAction","target":{"@type":"EntryPoint","urlTemplate":"https:\/\/www.artesaniaparis.com\/?s={search_term_string}"},"query-input":{"@type":"PropertyValueSpecification","valueRequired":true,"valueName":"search_term_string"}}],"inLanguage":"fr-FR"}]}},"jetpack_sharing_enabled":true,"_links":{"self":[{"href":"https:\/\/www.artesaniaparis.com\/fr\/wp-json\/wp\/v2\/product\/1799","targetHints":{"allow":["GET"]}}],"collection":[{"href":"https:\/\/www.artesaniaparis.com\/fr\/wp-json\/wp\/v2\/product"}],"about":[{"href":"https:\/\/www.artesaniaparis.com\/fr\/wp-json\/wp\/v2\/types\/product"}],"replies":[{"embeddable":true,"href":"https:\/\/www.artesaniaparis.com\/fr\/wp-json\/wp\/v2\/comments?post=1799"}],"version-history":[{"count":0,"href":"https:\/\/www.artesaniaparis.com\/fr\/wp-json\/wp\/v2\/product\/1799\/revisions"}],"wp:featuredmedia":[{"embeddable":true,"href":"https:\/\/www.artesaniaparis.com\/fr\/wp-json\/wp\/v2\/media\/1880"}],"wp:attachment":[{"href":"https:\/\/www.artesaniaparis.com\/fr\/wp-json\/wp\/v2\/media?parent=1799"}],"wp:term":[{"taxonomy":"brand","embeddable":true,"href":"https:\/\/www.artesaniaparis.com\/fr\/wp-json\/wp\/v2\/brand?post=1799"},{"taxonomy":"product_brand","embeddable":true,"href":"https:\/\/www.artesaniaparis.com\/fr\/wp-json\/wp\/v2\/product_brand?post=1799"},{"taxonomy":"product_cat","embeddable":true,"href":"https:\/\/www.artesaniaparis.com\/fr\/wp-json\/wp\/v2\/product_cat?post=1799"},{"taxonomy":"product_tag","embeddable":true,"href":"https:\/\/www.artesaniaparis.com\/fr\/wp-json\/wp\/v2\/product_tag?post=1799"}],"curies":[{"name":"wp","href":"https:\/\/api.w.org\/{rel}","templated":true}]}}