{"id":1773,"date":"2025-08-19T10:58:36","date_gmt":"2025-08-19T08:58:36","guid":{"rendered":"https:\/\/www.artesaniaparis.com\/?post_type=product&#038;p=1773"},"modified":"2025-11-26T21:35:05","modified_gmt":"2025-11-26T20:35:05","slug":"bougie-parfumee-tentation-cerise-coco-musc","status":"publish","type":"product","link":"https:\/\/www.artesaniaparis.com\/fr\/produit\/bougie-parfumee-tentation-cerise-coco-musc\/","title":{"rendered":"Bougie parfum\u00e9e Tentation &#8211; Cerise, Coco , Musc"},"content":{"rendered":"<p style=\"text-align: center;\" data-start=\"864\" data-end=\"1201\">Plongez dans une ambiance raffin\u00e9e avec notre <strong data-start=\"910\" data-end=\"939\">bougie parfum\u00e9e Tentation<\/strong>, un m\u00e9lange envo\u00fbtant de cerise juteuse, de noix de coco douce et d&#8217;un fond musqu\u00e9 \u00e9l\u00e9gant. Cette bougie artisanale est coul\u00e9e \u00e0 la main en France dans un contenant en verre r\u00e9utilisable avec couvercle en bois, apportant une touche d&#8217;\u00e9l\u00e9gance \u00e0 votre int\u00e9rieur.<\/p>\n<p style=\"text-align: center;\" data-start=\"1203\" data-end=\"1480\">La combinaison de la cerise, du coco et des notes musqu\u00e9es cr\u00e9e un parfum \u00e9quilibr\u00e9, parfait pour accompagner vos moments de d\u00e9tente ou sublimer vos soir\u00e9es cocooning. Sa cire v\u00e9g\u00e9tale garantit une combustion propre et homog\u00e8ne,<\/p>\n","protected":false},"excerpt":{"rendered":"<p style=\"text-align: center;\">Bougie parfum\u00e9e 160ml avec couvercle. Parfum cerise, coco et musk. Fabrication artisanale en France.<\/p>\n","protected":false},"featured_media":1866,"comment_status":"open","ping_status":"closed","template":"","meta":[],"brand":[],"product_brand":[],"product_cat":[464],"product_tag":[102,193,104,318,319,320,321],"class_list":{"0":"post-1773","1":"product","2":"type-product","3":"status-publish","4":"has-post-thumbnail","6":"product_cat-bougies-parfumees","7":"product_tag-bougie-artisanale","8":"product_tag-bougie-decorative","9":"product_tag-bougie-parfumee","10":"product_tag-cerise","11":"product_tag-coco","12":"product_tag-musk","13":"product_tag-tentation","14":"left-slider","16":"first","17":"outofstock","18":"shipping-taxable","19":"purchasable","20":"product-type-simple"},"yoast_head":"<!-- This site is optimized with the Yoast SEO plugin v26.9 - https:\/\/yoast.com\/product\/yoast-seo-wordpress\/ -->\n<title>Bougie parfum\u00e9e Tentation - Cerise, Coco &amp; Musk - 160ml avec couvercle<\/title>\n<meta name=\"description\" content=\"D\u00e9couvrez la bougie parfum\u00e9e Tentation (cerise, coco, musk) 160ml. Une bougie artisanale fabriqu\u00e9e en France, parfaite pour cr\u00e9er une ambiance douce et \u00e9l\u00e9gante.\" \/>\n<meta name=\"robots\" content=\"index, follow, max-snippet:-1, max-image-preview:large, max-video-preview:-1\" \/>\n<link rel=\"canonical\" href=\"https:\/\/www.artesaniaparis.com\/fr\/produit\/bougie-parfumee-tentation-cerise-coco-musc\/\" \/>\n<meta property=\"og:locale\" content=\"fr_FR\" \/>\n<meta property=\"og:type\" content=\"article\" \/>\n<meta property=\"og:title\" content=\"Bougie parfum\u00e9e Tentation - Cerise, Coco &amp; Musk - 160ml avec couvercle\" \/>\n<meta property=\"og:description\" content=\"D\u00e9couvrez la bougie parfum\u00e9e Tentation (cerise, coco, musk) 160ml. Une bougie artisanale fabriqu\u00e9e en France, parfaite pour cr\u00e9er une ambiance douce et \u00e9l\u00e9gante.\" \/>\n<meta property=\"og:url\" content=\"https:\/\/www.artesaniaparis.com\/fr\/produit\/bougie-parfumee-tentation-cerise-coco-musc\/\" \/>\n<meta property=\"og:site_name\" content=\"Mitti\" \/>\n<meta property=\"article:modified_time\" content=\"2025-11-26T20:35:05+00:00\" \/>\n<meta property=\"og:image\" content=\"https:\/\/www.artesaniaparis.com\/wp-content\/uploads\/2025\/08\/cerise-1.webp\" \/>\n\t<meta property=\"og:image:width\" content=\"360\" \/>\n\t<meta property=\"og:image:height\" content=\"360\" \/>\n\t<meta property=\"og:image:type\" content=\"image\/webp\" \/>\n<meta name=\"twitter:card\" content=\"summary_large_image\" \/>\n<meta name=\"twitter:label1\" content=\"Dur\u00e9e de lecture estim\u00e9e\" \/>\n\t<meta name=\"twitter:data1\" content=\"1 minute\" \/>\n<script type=\"application\/ld+json\" class=\"yoast-schema-graph\">{\"@context\":\"https:\/\/schema.org\",\"@graph\":[{\"@type\":\"WebPage\",\"@id\":\"https:\/\/www.artesaniaparis.com\/produit\/bougie-parfumee-tentation-cerise-coco-musc\/\",\"url\":\"https:\/\/www.artesaniaparis.com\/produit\/bougie-parfumee-tentation-cerise-coco-musc\/\",\"name\":\"Bougie parfum\u00e9e Tentation - Cerise, Coco &amp; Musk - 160ml avec couvercle\",\"isPartOf\":{\"@id\":\"https:\/\/www.artesaniaparis.com\/#website\"},\"primaryImageOfPage\":{\"@id\":\"https:\/\/www.artesaniaparis.com\/produit\/bougie-parfumee-tentation-cerise-coco-musc\/#primaryimage\"},\"image\":{\"@id\":\"https:\/\/www.artesaniaparis.com\/produit\/bougie-parfumee-tentation-cerise-coco-musc\/#primaryimage\"},\"thumbnailUrl\":\"https:\/\/www.artesaniaparis.com\/wp-content\/uploads\/2025\/08\/cerise-1.webp\",\"datePublished\":\"2025-08-19T08:58:36+00:00\",\"dateModified\":\"2025-11-26T20:35:05+00:00\",\"description\":\"D\u00e9couvrez la bougie parfum\u00e9e Tentation (cerise, coco, musk) 160ml. Une bougie artisanale fabriqu\u00e9e en France, parfaite pour cr\u00e9er une ambiance douce et \u00e9l\u00e9gante.\",\"breadcrumb\":{\"@id\":\"https:\/\/www.artesaniaparis.com\/produit\/bougie-parfumee-tentation-cerise-coco-musc\/#breadcrumb\"},\"inLanguage\":\"fr-FR\",\"potentialAction\":[{\"@type\":\"ReadAction\",\"target\":[\"https:\/\/www.artesaniaparis.com\/produit\/bougie-parfumee-tentation-cerise-coco-musc\/\"]}]},{\"@type\":\"ImageObject\",\"inLanguage\":\"fr-FR\",\"@id\":\"https:\/\/www.artesaniaparis.com\/produit\/bougie-parfumee-tentation-cerise-coco-musc\/#primaryimage\",\"url\":\"https:\/\/www.artesaniaparis.com\/wp-content\/uploads\/2025\/08\/cerise-1.webp\",\"contentUrl\":\"https:\/\/www.artesaniaparis.com\/wp-content\/uploads\/2025\/08\/cerise-1.webp\",\"width\":360,\"height\":360},{\"@type\":\"BreadcrumbList\",\"@id\":\"https:\/\/www.artesaniaparis.com\/produit\/bougie-parfumee-tentation-cerise-coco-musc\/#breadcrumb\",\"itemListElement\":[{\"@type\":\"ListItem\",\"position\":1,\"name\":\"Accueil\",\"item\":\"https:\/\/www.artesaniaparis.com\/fr\/\"},{\"@type\":\"ListItem\",\"position\":2,\"name\":\"Boutique\",\"item\":\"http:\/\/www.artesaniaparis.com\/fr\/boutique\/\"},{\"@type\":\"ListItem\",\"position\":3,\"name\":\"Bougie parfum\u00e9e Tentation &#8211; Cerise, Coco , Musc\"}]},{\"@type\":\"WebSite\",\"@id\":\"https:\/\/www.artesaniaparis.com\/#website\",\"url\":\"https:\/\/www.artesaniaparis.com\/\",\"name\":\"Mitti\",\"description\":\"Une flamme, une \u00e9motion, un instant suspendu\",\"potentialAction\":[{\"@type\":\"SearchAction\",\"target\":{\"@type\":\"EntryPoint\",\"urlTemplate\":\"https:\/\/www.artesaniaparis.com\/?s={search_term_string}\"},\"query-input\":{\"@type\":\"PropertyValueSpecification\",\"valueRequired\":true,\"valueName\":\"search_term_string\"}}],\"inLanguage\":\"fr-FR\"}]}<\/script>\n<!-- \/ Yoast SEO plugin. -->","yoast_head_json":{"title":"Bougie parfum\u00e9e Tentation - Cerise, Coco &amp; Musk - 160ml avec couvercle","description":"D\u00e9couvrez la bougie parfum\u00e9e Tentation (cerise, coco, musk) 160ml. Une bougie artisanale fabriqu\u00e9e en France, parfaite pour cr\u00e9er une ambiance douce et \u00e9l\u00e9gante.","robots":{"index":"index","follow":"follow","max-snippet":"max-snippet:-1","max-image-preview":"max-image-preview:large","max-video-preview":"max-video-preview:-1"},"canonical":"https:\/\/www.artesaniaparis.com\/fr\/produit\/bougie-parfumee-tentation-cerise-coco-musc\/","og_locale":"fr_FR","og_type":"article","og_title":"Bougie parfum\u00e9e Tentation - Cerise, Coco &amp; Musk - 160ml avec couvercle","og_description":"D\u00e9couvrez la bougie parfum\u00e9e Tentation (cerise, coco, musk) 160ml. Une bougie artisanale fabriqu\u00e9e en France, parfaite pour cr\u00e9er une ambiance douce et \u00e9l\u00e9gante.","og_url":"https:\/\/www.artesaniaparis.com\/fr\/produit\/bougie-parfumee-tentation-cerise-coco-musc\/","og_site_name":"Mitti","article_modified_time":"2025-11-26T20:35:05+00:00","og_image":[{"width":360,"height":360,"url":"https:\/\/www.artesaniaparis.com\/wp-content\/uploads\/2025\/08\/cerise-1.webp","type":"image\/webp"}],"twitter_card":"summary_large_image","twitter_misc":{"Dur\u00e9e de lecture estim\u00e9e":"1 minute"},"schema":{"@context":"https:\/\/schema.org","@graph":[{"@type":"WebPage","@id":"https:\/\/www.artesaniaparis.com\/produit\/bougie-parfumee-tentation-cerise-coco-musc\/","url":"https:\/\/www.artesaniaparis.com\/produit\/bougie-parfumee-tentation-cerise-coco-musc\/","name":"Bougie parfum\u00e9e Tentation - Cerise, Coco &amp; Musk - 160ml avec couvercle","isPartOf":{"@id":"https:\/\/www.artesaniaparis.com\/#website"},"primaryImageOfPage":{"@id":"https:\/\/www.artesaniaparis.com\/produit\/bougie-parfumee-tentation-cerise-coco-musc\/#primaryimage"},"image":{"@id":"https:\/\/www.artesaniaparis.com\/produit\/bougie-parfumee-tentation-cerise-coco-musc\/#primaryimage"},"thumbnailUrl":"https:\/\/www.artesaniaparis.com\/wp-content\/uploads\/2025\/08\/cerise-1.webp","datePublished":"2025-08-19T08:58:36+00:00","dateModified":"2025-11-26T20:35:05+00:00","description":"D\u00e9couvrez la bougie parfum\u00e9e Tentation (cerise, coco, musk) 160ml. Une bougie artisanale fabriqu\u00e9e en France, parfaite pour cr\u00e9er une ambiance douce et \u00e9l\u00e9gante.","breadcrumb":{"@id":"https:\/\/www.artesaniaparis.com\/produit\/bougie-parfumee-tentation-cerise-coco-musc\/#breadcrumb"},"inLanguage":"fr-FR","potentialAction":[{"@type":"ReadAction","target":["https:\/\/www.artesaniaparis.com\/produit\/bougie-parfumee-tentation-cerise-coco-musc\/"]}]},{"@type":"ImageObject","inLanguage":"fr-FR","@id":"https:\/\/www.artesaniaparis.com\/produit\/bougie-parfumee-tentation-cerise-coco-musc\/#primaryimage","url":"https:\/\/www.artesaniaparis.com\/wp-content\/uploads\/2025\/08\/cerise-1.webp","contentUrl":"https:\/\/www.artesaniaparis.com\/wp-content\/uploads\/2025\/08\/cerise-1.webp","width":360,"height":360},{"@type":"BreadcrumbList","@id":"https:\/\/www.artesaniaparis.com\/produit\/bougie-parfumee-tentation-cerise-coco-musc\/#breadcrumb","itemListElement":[{"@type":"ListItem","position":1,"name":"Accueil","item":"https:\/\/www.artesaniaparis.com\/fr\/"},{"@type":"ListItem","position":2,"name":"Boutique","item":"http:\/\/www.artesaniaparis.com\/fr\/boutique\/"},{"@type":"ListItem","position":3,"name":"Bougie parfum\u00e9e Tentation &#8211; Cerise, Coco , Musc"}]},{"@type":"WebSite","@id":"https:\/\/www.artesaniaparis.com\/#website","url":"https:\/\/www.artesaniaparis.com\/","name":"Mitti","description":"Une flamme, une \u00e9motion, un instant suspendu","potentialAction":[{"@type":"SearchAction","target":{"@type":"EntryPoint","urlTemplate":"https:\/\/www.artesaniaparis.com\/?s={search_term_string}"},"query-input":{"@type":"PropertyValueSpecification","valueRequired":true,"valueName":"search_term_string"}}],"inLanguage":"fr-FR"}]}},"jetpack_sharing_enabled":true,"_links":{"self":[{"href":"https:\/\/www.artesaniaparis.com\/fr\/wp-json\/wp\/v2\/product\/1773","targetHints":{"allow":["GET"]}}],"collection":[{"href":"https:\/\/www.artesaniaparis.com\/fr\/wp-json\/wp\/v2\/product"}],"about":[{"href":"https:\/\/www.artesaniaparis.com\/fr\/wp-json\/wp\/v2\/types\/product"}],"replies":[{"embeddable":true,"href":"https:\/\/www.artesaniaparis.com\/fr\/wp-json\/wp\/v2\/comments?post=1773"}],"version-history":[{"count":0,"href":"https:\/\/www.artesaniaparis.com\/fr\/wp-json\/wp\/v2\/product\/1773\/revisions"}],"wp:featuredmedia":[{"embeddable":true,"href":"https:\/\/www.artesaniaparis.com\/fr\/wp-json\/wp\/v2\/media\/1866"}],"wp:attachment":[{"href":"https:\/\/www.artesaniaparis.com\/fr\/wp-json\/wp\/v2\/media?parent=1773"}],"wp:term":[{"taxonomy":"brand","embeddable":true,"href":"https:\/\/www.artesaniaparis.com\/fr\/wp-json\/wp\/v2\/brand?post=1773"},{"taxonomy":"product_brand","embeddable":true,"href":"https:\/\/www.artesaniaparis.com\/fr\/wp-json\/wp\/v2\/product_brand?post=1773"},{"taxonomy":"product_cat","embeddable":true,"href":"https:\/\/www.artesaniaparis.com\/fr\/wp-json\/wp\/v2\/product_cat?post=1773"},{"taxonomy":"product_tag","embeddable":true,"href":"https:\/\/www.artesaniaparis.com\/fr\/wp-json\/wp\/v2\/product_tag?post=1773"}],"curies":[{"name":"wp","href":"https:\/\/api.w.org\/{rel}","templated":true}]}}