{"id":1772,"date":"2025-08-19T10:58:35","date_gmt":"2025-08-19T08:58:35","guid":{"rendered":"https:\/\/www.artesaniaparis.com\/?post_type=product&#038;p=1772"},"modified":"2025-08-19T11:02:23","modified_gmt":"2025-08-19T09:02:23","slug":"bougie-parfumee-soiree-gourmande-biscuits-cannelle-orange","status":"publish","type":"product","link":"https:\/\/www.artesaniaparis.com\/fr\/produit\/bougie-parfumee-soiree-gourmande-biscuits-cannelle-orange\/","title":{"rendered":"Bougie parfum\u00e9e Soir\u00e9e Gourmande \u2013 Biscuits, Cannelle, Orange"},"content":{"rendered":"<p style=\"text-align: center;\">Offrez-vous une ambiance douce et chaleureuse avec la bougie parfum\u00e9e <em data-start=\"613\" data-end=\"631\">Soir\u00e9e Gourmande<\/em> de 160 ml. Son parfum gourmand associe des notes de biscuits fra\u00eechement sortis du four, relev\u00e9s par des touches \u00e9pic\u00e9es de cannelle et une pointe d&#8217;orange zest\u00e9e, pour cr\u00e9er une atmosph\u00e8re cocooning et accueillante.<br data-start=\"848\" data-end=\"851\" \/>Fabriqu\u00e9e \u00e0 la main en France, avec de la cire v\u00e9g\u00e9tale et une m\u00e8che coton, cette bougie diffuse un parfum d\u00e9licat sans substances toxiques, id\u00e9al pour vos moments de d\u00e9tente en hiver ou en automne.<br data-start=\"1049\" data-end=\"1052\" \/>Dur\u00e9e de combustion : environ 35 heures.<br data-start=\"1092\" data-end=\"1095\" \/>Parfum de Grasse.<\/p>\n","protected":false},"excerpt":{"rendered":"<p style=\"text-align: center;\">Bougie artisanale 160 ml au parfum biscuits, cannelle, orange. Fabriqu\u00e9e en France.<\/p>\n","protected":false},"featured_media":1865,"comment_status":"closed","ping_status":"closed","template":"","meta":[],"brand":[],"product_brand":[],"product_cat":[464],"product_tag":[207,314,102,315,104,211,226,158,311,316,317,167],"class_list":{"0":"post-1772","1":"product","2":"type-product","3":"status-publish","4":"has-post-thumbnail","6":"product_cat-bougies-parfumees","7":"product_tag-artesania-paris","8":"product_tag-biscuits","9":"product_tag-bougie-artisanale","10":"product_tag-bougie-hiver","11":"product_tag-bougie-parfumee","12":"product_tag-cannelle","13":"product_tag-cire-vegetale","14":"product_tag-cocooning","15":"product_tag-fait-main","16":"product_tag-made-in-france","17":"product_tag-orange","18":"product_tag-parfum-gourmand","19":"left-slider","21":"first","22":"instock","23":"shipping-taxable","24":"purchasable","25":"product-type-simple"},"yoast_head":"<!-- This site is optimized with the Yoast SEO plugin v26.9 - https:\/\/yoast.com\/product\/yoast-seo-wordpress\/ -->\n<title>Bougie parfum\u00e9e Soir\u00e9e Gourmande \u2013 Biscuits, Cannelle, Orange - Mitti<\/title>\n<meta name=\"description\" content=\"D\u00e9couvrez la bougie Soir\u00e9e Gourmande 160 ml, un parfum chaleureux de biscuits, cannelle et orange pour une ambiance cocooning et r\u00e9confortante.\" \/>\n<meta name=\"robots\" content=\"index, follow, max-snippet:-1, max-image-preview:large, max-video-preview:-1\" \/>\n<link rel=\"canonical\" href=\"http:\/\/www.artesaniaparis.com\/fr\/produit\/bougie-parfumee-soiree-gourmande-biscuits-cannelle-orange\/\" \/>\n<meta property=\"og:locale\" content=\"fr_FR\" \/>\n<meta property=\"og:type\" content=\"article\" \/>\n<meta property=\"og:title\" content=\"Bougie parfum\u00e9e Soir\u00e9e Gourmande \u2013 Biscuits, Cannelle, Orange - Mitti\" \/>\n<meta property=\"og:description\" content=\"D\u00e9couvrez la bougie Soir\u00e9e Gourmande 160 ml, un parfum chaleureux de biscuits, cannelle et orange pour une ambiance cocooning et r\u00e9confortante.\" \/>\n<meta property=\"og:url\" content=\"http:\/\/www.artesaniaparis.com\/fr\/produit\/bougie-parfumee-soiree-gourmande-biscuits-cannelle-orange\/\" \/>\n<meta property=\"og:site_name\" content=\"Mitti\" \/>\n<meta property=\"article:modified_time\" content=\"2025-08-19T09:02:23+00:00\" \/>\n<meta property=\"og:image\" content=\"https:\/\/www.artesaniaparis.com\/wp-content\/uploads\/2025\/08\/15ed6c16e0bf0f03b3c64f7d1f67619ee95e2f81c3ea1a6fac5e384e1aaadc68.webp\" \/>\n\t<meta property=\"og:image:width\" content=\"360\" \/>\n\t<meta property=\"og:image:height\" content=\"360\" \/>\n\t<meta property=\"og:image:type\" content=\"image\/webp\" \/>\n<meta name=\"twitter:card\" content=\"summary_large_image\" \/>\n<meta name=\"twitter:label1\" content=\"Dur\u00e9e de lecture estim\u00e9e\" \/>\n\t<meta name=\"twitter:data1\" content=\"1 minute\" \/>\n<script type=\"application\/ld+json\" class=\"yoast-schema-graph\">{\"@context\":\"https:\/\/schema.org\",\"@graph\":[{\"@type\":\"WebPage\",\"@id\":\"http:\/\/www.artesaniaparis.com\/fr\/produit\/bougie-parfumee-soiree-gourmande-biscuits-cannelle-orange\/\",\"url\":\"http:\/\/www.artesaniaparis.com\/fr\/produit\/bougie-parfumee-soiree-gourmande-biscuits-cannelle-orange\/\",\"name\":\"Bougie parfum\u00e9e Soir\u00e9e Gourmande \u2013 Biscuits, Cannelle, Orange - Mitti\",\"isPartOf\":{\"@id\":\"https:\/\/www.artesaniaparis.com\/#website\"},\"primaryImageOfPage\":{\"@id\":\"http:\/\/www.artesaniaparis.com\/fr\/produit\/bougie-parfumee-soiree-gourmande-biscuits-cannelle-orange\/#primaryimage\"},\"image\":{\"@id\":\"http:\/\/www.artesaniaparis.com\/fr\/produit\/bougie-parfumee-soiree-gourmande-biscuits-cannelle-orange\/#primaryimage\"},\"thumbnailUrl\":\"https:\/\/www.artesaniaparis.com\/wp-content\/uploads\/2025\/08\/15ed6c16e0bf0f03b3c64f7d1f67619ee95e2f81c3ea1a6fac5e384e1aaadc68.webp\",\"datePublished\":\"2025-08-19T08:58:35+00:00\",\"dateModified\":\"2025-08-19T09:02:23+00:00\",\"description\":\"D\u00e9couvrez la bougie Soir\u00e9e Gourmande 160 ml, un parfum chaleureux de biscuits, cannelle et orange pour une ambiance cocooning et r\u00e9confortante.\",\"breadcrumb\":{\"@id\":\"http:\/\/www.artesaniaparis.com\/fr\/produit\/bougie-parfumee-soiree-gourmande-biscuits-cannelle-orange\/#breadcrumb\"},\"inLanguage\":\"fr-FR\",\"potentialAction\":[{\"@type\":\"ReadAction\",\"target\":[\"http:\/\/www.artesaniaparis.com\/fr\/produit\/bougie-parfumee-soiree-gourmande-biscuits-cannelle-orange\/\"]}]},{\"@type\":\"ImageObject\",\"inLanguage\":\"fr-FR\",\"@id\":\"http:\/\/www.artesaniaparis.com\/fr\/produit\/bougie-parfumee-soiree-gourmande-biscuits-cannelle-orange\/#primaryimage\",\"url\":\"https:\/\/www.artesaniaparis.com\/wp-content\/uploads\/2025\/08\/15ed6c16e0bf0f03b3c64f7d1f67619ee95e2f81c3ea1a6fac5e384e1aaadc68.webp\",\"contentUrl\":\"https:\/\/www.artesaniaparis.com\/wp-content\/uploads\/2025\/08\/15ed6c16e0bf0f03b3c64f7d1f67619ee95e2f81c3ea1a6fac5e384e1aaadc68.webp\",\"width\":360,\"height\":360},{\"@type\":\"BreadcrumbList\",\"@id\":\"http:\/\/www.artesaniaparis.com\/fr\/produit\/bougie-parfumee-soiree-gourmande-biscuits-cannelle-orange\/#breadcrumb\",\"itemListElement\":[{\"@type\":\"ListItem\",\"position\":1,\"name\":\"Accueil\",\"item\":\"https:\/\/www.artesaniaparis.com\/fr\/\"},{\"@type\":\"ListItem\",\"position\":2,\"name\":\"Boutique\",\"item\":\"http:\/\/www.artesaniaparis.com\/fr\/boutique\/\"},{\"@type\":\"ListItem\",\"position\":3,\"name\":\"Bougie parfum\u00e9e Soir\u00e9e Gourmande \u2013 Biscuits, Cannelle, Orange\"}]},{\"@type\":\"WebSite\",\"@id\":\"https:\/\/www.artesaniaparis.com\/#website\",\"url\":\"https:\/\/www.artesaniaparis.com\/\",\"name\":\"Mitti\",\"description\":\"Une flamme, une \u00e9motion, un instant suspendu\",\"potentialAction\":[{\"@type\":\"SearchAction\",\"target\":{\"@type\":\"EntryPoint\",\"urlTemplate\":\"https:\/\/www.artesaniaparis.com\/?s={search_term_string}\"},\"query-input\":{\"@type\":\"PropertyValueSpecification\",\"valueRequired\":true,\"valueName\":\"search_term_string\"}}],\"inLanguage\":\"fr-FR\"}]}<\/script>\n<!-- \/ Yoast SEO plugin. -->","yoast_head_json":{"title":"Bougie parfum\u00e9e Soir\u00e9e Gourmande \u2013 Biscuits, Cannelle, Orange - Mitti","description":"D\u00e9couvrez la bougie Soir\u00e9e Gourmande 160 ml, un parfum chaleureux de biscuits, cannelle et orange pour une ambiance cocooning et r\u00e9confortante.","robots":{"index":"index","follow":"follow","max-snippet":"max-snippet:-1","max-image-preview":"max-image-preview:large","max-video-preview":"max-video-preview:-1"},"canonical":"http:\/\/www.artesaniaparis.com\/fr\/produit\/bougie-parfumee-soiree-gourmande-biscuits-cannelle-orange\/","og_locale":"fr_FR","og_type":"article","og_title":"Bougie parfum\u00e9e Soir\u00e9e Gourmande \u2013 Biscuits, Cannelle, Orange - Mitti","og_description":"D\u00e9couvrez la bougie Soir\u00e9e Gourmande 160 ml, un parfum chaleureux de biscuits, cannelle et orange pour une ambiance cocooning et r\u00e9confortante.","og_url":"http:\/\/www.artesaniaparis.com\/fr\/produit\/bougie-parfumee-soiree-gourmande-biscuits-cannelle-orange\/","og_site_name":"Mitti","article_modified_time":"2025-08-19T09:02:23+00:00","og_image":[{"width":360,"height":360,"url":"https:\/\/www.artesaniaparis.com\/wp-content\/uploads\/2025\/08\/15ed6c16e0bf0f03b3c64f7d1f67619ee95e2f81c3ea1a6fac5e384e1aaadc68.webp","type":"image\/webp"}],"twitter_card":"summary_large_image","twitter_misc":{"Dur\u00e9e de lecture estim\u00e9e":"1 minute"},"schema":{"@context":"https:\/\/schema.org","@graph":[{"@type":"WebPage","@id":"http:\/\/www.artesaniaparis.com\/fr\/produit\/bougie-parfumee-soiree-gourmande-biscuits-cannelle-orange\/","url":"http:\/\/www.artesaniaparis.com\/fr\/produit\/bougie-parfumee-soiree-gourmande-biscuits-cannelle-orange\/","name":"Bougie parfum\u00e9e Soir\u00e9e Gourmande \u2013 Biscuits, Cannelle, Orange - Mitti","isPartOf":{"@id":"https:\/\/www.artesaniaparis.com\/#website"},"primaryImageOfPage":{"@id":"http:\/\/www.artesaniaparis.com\/fr\/produit\/bougie-parfumee-soiree-gourmande-biscuits-cannelle-orange\/#primaryimage"},"image":{"@id":"http:\/\/www.artesaniaparis.com\/fr\/produit\/bougie-parfumee-soiree-gourmande-biscuits-cannelle-orange\/#primaryimage"},"thumbnailUrl":"https:\/\/www.artesaniaparis.com\/wp-content\/uploads\/2025\/08\/15ed6c16e0bf0f03b3c64f7d1f67619ee95e2f81c3ea1a6fac5e384e1aaadc68.webp","datePublished":"2025-08-19T08:58:35+00:00","dateModified":"2025-08-19T09:02:23+00:00","description":"D\u00e9couvrez la bougie Soir\u00e9e Gourmande 160 ml, un parfum chaleureux de biscuits, cannelle et orange pour une ambiance cocooning et r\u00e9confortante.","breadcrumb":{"@id":"http:\/\/www.artesaniaparis.com\/fr\/produit\/bougie-parfumee-soiree-gourmande-biscuits-cannelle-orange\/#breadcrumb"},"inLanguage":"fr-FR","potentialAction":[{"@type":"ReadAction","target":["http:\/\/www.artesaniaparis.com\/fr\/produit\/bougie-parfumee-soiree-gourmande-biscuits-cannelle-orange\/"]}]},{"@type":"ImageObject","inLanguage":"fr-FR","@id":"http:\/\/www.artesaniaparis.com\/fr\/produit\/bougie-parfumee-soiree-gourmande-biscuits-cannelle-orange\/#primaryimage","url":"https:\/\/www.artesaniaparis.com\/wp-content\/uploads\/2025\/08\/15ed6c16e0bf0f03b3c64f7d1f67619ee95e2f81c3ea1a6fac5e384e1aaadc68.webp","contentUrl":"https:\/\/www.artesaniaparis.com\/wp-content\/uploads\/2025\/08\/15ed6c16e0bf0f03b3c64f7d1f67619ee95e2f81c3ea1a6fac5e384e1aaadc68.webp","width":360,"height":360},{"@type":"BreadcrumbList","@id":"http:\/\/www.artesaniaparis.com\/fr\/produit\/bougie-parfumee-soiree-gourmande-biscuits-cannelle-orange\/#breadcrumb","itemListElement":[{"@type":"ListItem","position":1,"name":"Accueil","item":"https:\/\/www.artesaniaparis.com\/fr\/"},{"@type":"ListItem","position":2,"name":"Boutique","item":"http:\/\/www.artesaniaparis.com\/fr\/boutique\/"},{"@type":"ListItem","position":3,"name":"Bougie parfum\u00e9e Soir\u00e9e Gourmande \u2013 Biscuits, Cannelle, Orange"}]},{"@type":"WebSite","@id":"https:\/\/www.artesaniaparis.com\/#website","url":"https:\/\/www.artesaniaparis.com\/","name":"Mitti","description":"Une flamme, une \u00e9motion, un instant suspendu","potentialAction":[{"@type":"SearchAction","target":{"@type":"EntryPoint","urlTemplate":"https:\/\/www.artesaniaparis.com\/?s={search_term_string}"},"query-input":{"@type":"PropertyValueSpecification","valueRequired":true,"valueName":"search_term_string"}}],"inLanguage":"fr-FR"}]}},"jetpack_sharing_enabled":true,"_links":{"self":[{"href":"https:\/\/www.artesaniaparis.com\/fr\/wp-json\/wp\/v2\/product\/1772","targetHints":{"allow":["GET"]}}],"collection":[{"href":"https:\/\/www.artesaniaparis.com\/fr\/wp-json\/wp\/v2\/product"}],"about":[{"href":"https:\/\/www.artesaniaparis.com\/fr\/wp-json\/wp\/v2\/types\/product"}],"replies":[{"embeddable":true,"href":"https:\/\/www.artesaniaparis.com\/fr\/wp-json\/wp\/v2\/comments?post=1772"}],"version-history":[{"count":0,"href":"https:\/\/www.artesaniaparis.com\/fr\/wp-json\/wp\/v2\/product\/1772\/revisions"}],"wp:featuredmedia":[{"embeddable":true,"href":"https:\/\/www.artesaniaparis.com\/fr\/wp-json\/wp\/v2\/media\/1865"}],"wp:attachment":[{"href":"https:\/\/www.artesaniaparis.com\/fr\/wp-json\/wp\/v2\/media?parent=1772"}],"wp:term":[{"taxonomy":"brand","embeddable":true,"href":"https:\/\/www.artesaniaparis.com\/fr\/wp-json\/wp\/v2\/brand?post=1772"},{"taxonomy":"product_brand","embeddable":true,"href":"https:\/\/www.artesaniaparis.com\/fr\/wp-json\/wp\/v2\/product_brand?post=1772"},{"taxonomy":"product_cat","embeddable":true,"href":"https:\/\/www.artesaniaparis.com\/fr\/wp-json\/wp\/v2\/product_cat?post=1772"},{"taxonomy":"product_tag","embeddable":true,"href":"https:\/\/www.artesaniaparis.com\/fr\/wp-json\/wp\/v2\/product_tag?post=1772"}],"curies":[{"name":"wp","href":"https:\/\/api.w.org\/{rel}","templated":true}]}}