{"id":1760,"date":"2025-08-19T10:58:06","date_gmt":"2025-08-19T08:58:06","guid":{"rendered":"https:\/\/www.artesaniaparis.com\/?post_type=product&#038;p=1760"},"modified":"2025-08-19T11:01:52","modified_gmt":"2025-08-19T09:01:52","slug":"bougie-parfumee-musc-sensuel","status":"publish","type":"product","link":"https:\/\/www.artesaniaparis.com\/fr\/produit\/bougie-parfumee-musc-sensuel\/","title":{"rendered":"Bougie parfum\u00e9e Musc Sensuel"},"content":{"rendered":"<p style=\"text-align: center;\" data-start=\"329\" data-end=\"521\">Offrez-vous un moment de volupt\u00e9 avec la bougie <em data-start=\"377\" data-end=\"391\">Musc Sensuel<\/em> , une bougie parfum\u00e9e artisanale en cire v\u00e9g\u00e9tale qui enveloppe votre int\u00e9rieur d\u2019un parfum doux, chaud et musqu\u00e9.<\/p>\n<p style=\"text-align: center;\" data-start=\"523\" data-end=\"783\">Fabriqu\u00e9e en France dans le respect du savoir-faire artisanal, cette bougie \u00e9l\u00e9gante est coul\u00e9e dans un contenant en verre recyclable et diffuse une fragrance sensuelle, parfaite pour vos moments de d\u00e9tente ou pour cr\u00e9er une atmosph\u00e8re chaleureuse \u00e0 la maison.<\/p>\n","protected":false},"excerpt":{"rendered":"<p style=\"text-align: center;\">Bougie artisanale parfum\u00e9e <em data-start=\"986\" data-end=\"1000\">Musc Sensuel<\/em>, en cire v\u00e9g\u00e9tale, pour une atmosph\u00e8re chaleureuse et envo\u00fbtante.<\/p>\n","protected":false},"featured_media":1851,"comment_status":"open","ping_status":"closed","template":"","meta":[],"brand":[],"product_brand":[],"product_cat":[464],"product_tag":[287],"class_list":{"0":"post-1760","1":"product","2":"type-product","3":"status-publish","4":"has-post-thumbnail","6":"product_cat-bougies-parfumees","7":"product_tag-bougie-parfumee-bougie-musc-sensuel-bougie-artisanale-bougie-vegetale-artesania-paris","8":"left-slider","10":"first","11":"instock","12":"shipping-taxable","13":"purchasable","14":"product-type-simple"},"yoast_head":"<!-- This site is optimized with the Yoast SEO plugin v26.9 - https:\/\/yoast.com\/product\/yoast-seo-wordpress\/ -->\n<title>Bougie Musc Sensuel \u2013 Bougie parfum\u00e9e artisanale en cire v\u00e9g\u00e9tale \u2013 Artesania Paris<\/title>\n<meta name=\"description\" content=\"D\u00e9couvrez la bougie parfum\u00e9e Musc Sensuel Artesania Paris, fabriqu\u00e9e artisanalement en France, en cire v\u00e9g\u00e9tale pour une ambiance chaleureuse et musqu\u00e9e.\" \/>\n<meta name=\"robots\" content=\"index, follow, max-snippet:-1, max-image-preview:large, max-video-preview:-1\" \/>\n<link rel=\"canonical\" href=\"https:\/\/www.artesaniaparis.com\/fr\/produit\/bougie-parfumee-musc-sensuel\/\" \/>\n<meta property=\"og:locale\" content=\"fr_FR\" \/>\n<meta property=\"og:type\" content=\"article\" \/>\n<meta property=\"og:title\" content=\"Bougie Musc Sensuel \u2013 Bougie parfum\u00e9e artisanale en cire v\u00e9g\u00e9tale \u2013 Artesania Paris\" \/>\n<meta property=\"og:description\" content=\"D\u00e9couvrez la bougie parfum\u00e9e Musc Sensuel Artesania Paris, fabriqu\u00e9e artisanalement en France, en cire v\u00e9g\u00e9tale pour une ambiance chaleureuse et musqu\u00e9e.\" \/>\n<meta property=\"og:url\" content=\"https:\/\/www.artesaniaparis.com\/fr\/produit\/bougie-parfumee-musc-sensuel\/\" \/>\n<meta property=\"og:site_name\" content=\"Mitti\" \/>\n<meta property=\"article:modified_time\" content=\"2025-08-19T09:01:52+00:00\" \/>\n<meta property=\"og:image\" content=\"https:\/\/www.artesaniaparis.com\/wp-content\/uploads\/2025\/08\/musc2.webp\" \/>\n\t<meta property=\"og:image:width\" content=\"720\" \/>\n\t<meta property=\"og:image:height\" content=\"720\" \/>\n\t<meta property=\"og:image:type\" content=\"image\/webp\" \/>\n<meta name=\"twitter:card\" content=\"summary_large_image\" \/>\n<meta name=\"twitter:label1\" content=\"Dur\u00e9e de lecture estim\u00e9e\" \/>\n\t<meta name=\"twitter:data1\" content=\"1 minute\" \/>\n<script type=\"application\/ld+json\" class=\"yoast-schema-graph\">{\"@context\":\"https:\/\/schema.org\",\"@graph\":[{\"@type\":\"WebPage\",\"@id\":\"https:\/\/www.artesaniaparis.com\/produit\/bougie-parfumee-musc-sensuel\/\",\"url\":\"https:\/\/www.artesaniaparis.com\/produit\/bougie-parfumee-musc-sensuel\/\",\"name\":\"Bougie Musc Sensuel \u2013 Bougie parfum\u00e9e artisanale en cire v\u00e9g\u00e9tale \u2013 Artesania Paris\",\"isPartOf\":{\"@id\":\"https:\/\/www.artesaniaparis.com\/#website\"},\"primaryImageOfPage\":{\"@id\":\"https:\/\/www.artesaniaparis.com\/produit\/bougie-parfumee-musc-sensuel\/#primaryimage\"},\"image\":{\"@id\":\"https:\/\/www.artesaniaparis.com\/produit\/bougie-parfumee-musc-sensuel\/#primaryimage\"},\"thumbnailUrl\":\"https:\/\/www.artesaniaparis.com\/wp-content\/uploads\/2025\/08\/musc2.webp\",\"datePublished\":\"2025-08-19T08:58:06+00:00\",\"dateModified\":\"2025-08-19T09:01:52+00:00\",\"description\":\"D\u00e9couvrez la bougie parfum\u00e9e Musc Sensuel Artesania Paris, fabriqu\u00e9e artisanalement en France, en cire v\u00e9g\u00e9tale pour une ambiance chaleureuse et musqu\u00e9e.\",\"breadcrumb\":{\"@id\":\"https:\/\/www.artesaniaparis.com\/produit\/bougie-parfumee-musc-sensuel\/#breadcrumb\"},\"inLanguage\":\"fr-FR\",\"potentialAction\":[{\"@type\":\"ReadAction\",\"target\":[\"https:\/\/www.artesaniaparis.com\/produit\/bougie-parfumee-musc-sensuel\/\"]}]},{\"@type\":\"ImageObject\",\"inLanguage\":\"fr-FR\",\"@id\":\"https:\/\/www.artesaniaparis.com\/produit\/bougie-parfumee-musc-sensuel\/#primaryimage\",\"url\":\"https:\/\/www.artesaniaparis.com\/wp-content\/uploads\/2025\/08\/musc2.webp\",\"contentUrl\":\"https:\/\/www.artesaniaparis.com\/wp-content\/uploads\/2025\/08\/musc2.webp\",\"width\":720,\"height\":720},{\"@type\":\"BreadcrumbList\",\"@id\":\"https:\/\/www.artesaniaparis.com\/produit\/bougie-parfumee-musc-sensuel\/#breadcrumb\",\"itemListElement\":[{\"@type\":\"ListItem\",\"position\":1,\"name\":\"Accueil\",\"item\":\"https:\/\/www.artesaniaparis.com\/fr\/\"},{\"@type\":\"ListItem\",\"position\":2,\"name\":\"Boutique\",\"item\":\"http:\/\/www.artesaniaparis.com\/fr\/boutique\/\"},{\"@type\":\"ListItem\",\"position\":3,\"name\":\"Bougie parfum\u00e9e Musc Sensuel\"}]},{\"@type\":\"WebSite\",\"@id\":\"https:\/\/www.artesaniaparis.com\/#website\",\"url\":\"https:\/\/www.artesaniaparis.com\/\",\"name\":\"Mitti\",\"description\":\"Une flamme, une \u00e9motion, un instant suspendu\",\"potentialAction\":[{\"@type\":\"SearchAction\",\"target\":{\"@type\":\"EntryPoint\",\"urlTemplate\":\"https:\/\/www.artesaniaparis.com\/?s={search_term_string}\"},\"query-input\":{\"@type\":\"PropertyValueSpecification\",\"valueRequired\":true,\"valueName\":\"search_term_string\"}}],\"inLanguage\":\"fr-FR\"}]}<\/script>\n<!-- \/ Yoast SEO plugin. -->","yoast_head_json":{"title":"Bougie Musc Sensuel \u2013 Bougie parfum\u00e9e artisanale en cire v\u00e9g\u00e9tale \u2013 Artesania Paris","description":"D\u00e9couvrez la bougie parfum\u00e9e Musc Sensuel Artesania Paris, fabriqu\u00e9e artisanalement en France, en cire v\u00e9g\u00e9tale pour une ambiance chaleureuse et musqu\u00e9e.","robots":{"index":"index","follow":"follow","max-snippet":"max-snippet:-1","max-image-preview":"max-image-preview:large","max-video-preview":"max-video-preview:-1"},"canonical":"https:\/\/www.artesaniaparis.com\/fr\/produit\/bougie-parfumee-musc-sensuel\/","og_locale":"fr_FR","og_type":"article","og_title":"Bougie Musc Sensuel \u2013 Bougie parfum\u00e9e artisanale en cire v\u00e9g\u00e9tale \u2013 Artesania Paris","og_description":"D\u00e9couvrez la bougie parfum\u00e9e Musc Sensuel Artesania Paris, fabriqu\u00e9e artisanalement en France, en cire v\u00e9g\u00e9tale pour une ambiance chaleureuse et musqu\u00e9e.","og_url":"https:\/\/www.artesaniaparis.com\/fr\/produit\/bougie-parfumee-musc-sensuel\/","og_site_name":"Mitti","article_modified_time":"2025-08-19T09:01:52+00:00","og_image":[{"width":720,"height":720,"url":"https:\/\/www.artesaniaparis.com\/wp-content\/uploads\/2025\/08\/musc2.webp","type":"image\/webp"}],"twitter_card":"summary_large_image","twitter_misc":{"Dur\u00e9e de lecture estim\u00e9e":"1 minute"},"schema":{"@context":"https:\/\/schema.org","@graph":[{"@type":"WebPage","@id":"https:\/\/www.artesaniaparis.com\/produit\/bougie-parfumee-musc-sensuel\/","url":"https:\/\/www.artesaniaparis.com\/produit\/bougie-parfumee-musc-sensuel\/","name":"Bougie Musc Sensuel \u2013 Bougie parfum\u00e9e artisanale en cire v\u00e9g\u00e9tale \u2013 Artesania Paris","isPartOf":{"@id":"https:\/\/www.artesaniaparis.com\/#website"},"primaryImageOfPage":{"@id":"https:\/\/www.artesaniaparis.com\/produit\/bougie-parfumee-musc-sensuel\/#primaryimage"},"image":{"@id":"https:\/\/www.artesaniaparis.com\/produit\/bougie-parfumee-musc-sensuel\/#primaryimage"},"thumbnailUrl":"https:\/\/www.artesaniaparis.com\/wp-content\/uploads\/2025\/08\/musc2.webp","datePublished":"2025-08-19T08:58:06+00:00","dateModified":"2025-08-19T09:01:52+00:00","description":"D\u00e9couvrez la bougie parfum\u00e9e Musc Sensuel Artesania Paris, fabriqu\u00e9e artisanalement en France, en cire v\u00e9g\u00e9tale pour une ambiance chaleureuse et musqu\u00e9e.","breadcrumb":{"@id":"https:\/\/www.artesaniaparis.com\/produit\/bougie-parfumee-musc-sensuel\/#breadcrumb"},"inLanguage":"fr-FR","potentialAction":[{"@type":"ReadAction","target":["https:\/\/www.artesaniaparis.com\/produit\/bougie-parfumee-musc-sensuel\/"]}]},{"@type":"ImageObject","inLanguage":"fr-FR","@id":"https:\/\/www.artesaniaparis.com\/produit\/bougie-parfumee-musc-sensuel\/#primaryimage","url":"https:\/\/www.artesaniaparis.com\/wp-content\/uploads\/2025\/08\/musc2.webp","contentUrl":"https:\/\/www.artesaniaparis.com\/wp-content\/uploads\/2025\/08\/musc2.webp","width":720,"height":720},{"@type":"BreadcrumbList","@id":"https:\/\/www.artesaniaparis.com\/produit\/bougie-parfumee-musc-sensuel\/#breadcrumb","itemListElement":[{"@type":"ListItem","position":1,"name":"Accueil","item":"https:\/\/www.artesaniaparis.com\/fr\/"},{"@type":"ListItem","position":2,"name":"Boutique","item":"http:\/\/www.artesaniaparis.com\/fr\/boutique\/"},{"@type":"ListItem","position":3,"name":"Bougie parfum\u00e9e Musc Sensuel"}]},{"@type":"WebSite","@id":"https:\/\/www.artesaniaparis.com\/#website","url":"https:\/\/www.artesaniaparis.com\/","name":"Mitti","description":"Une flamme, une \u00e9motion, un instant suspendu","potentialAction":[{"@type":"SearchAction","target":{"@type":"EntryPoint","urlTemplate":"https:\/\/www.artesaniaparis.com\/?s={search_term_string}"},"query-input":{"@type":"PropertyValueSpecification","valueRequired":true,"valueName":"search_term_string"}}],"inLanguage":"fr-FR"}]}},"jetpack_sharing_enabled":true,"_links":{"self":[{"href":"https:\/\/www.artesaniaparis.com\/fr\/wp-json\/wp\/v2\/product\/1760","targetHints":{"allow":["GET"]}}],"collection":[{"href":"https:\/\/www.artesaniaparis.com\/fr\/wp-json\/wp\/v2\/product"}],"about":[{"href":"https:\/\/www.artesaniaparis.com\/fr\/wp-json\/wp\/v2\/types\/product"}],"replies":[{"embeddable":true,"href":"https:\/\/www.artesaniaparis.com\/fr\/wp-json\/wp\/v2\/comments?post=1760"}],"version-history":[{"count":0,"href":"https:\/\/www.artesaniaparis.com\/fr\/wp-json\/wp\/v2\/product\/1760\/revisions"}],"wp:featuredmedia":[{"embeddable":true,"href":"https:\/\/www.artesaniaparis.com\/fr\/wp-json\/wp\/v2\/media\/1851"}],"wp:attachment":[{"href":"https:\/\/www.artesaniaparis.com\/fr\/wp-json\/wp\/v2\/media?parent=1760"}],"wp:term":[{"taxonomy":"brand","embeddable":true,"href":"https:\/\/www.artesaniaparis.com\/fr\/wp-json\/wp\/v2\/brand?post=1760"},{"taxonomy":"product_brand","embeddable":true,"href":"https:\/\/www.artesaniaparis.com\/fr\/wp-json\/wp\/v2\/product_brand?post=1760"},{"taxonomy":"product_cat","embeddable":true,"href":"https:\/\/www.artesaniaparis.com\/fr\/wp-json\/wp\/v2\/product_cat?post=1760"},{"taxonomy":"product_tag","embeddable":true,"href":"https:\/\/www.artesaniaparis.com\/fr\/wp-json\/wp\/v2\/product_tag?post=1760"}],"curies":[{"name":"wp","href":"https:\/\/api.w.org\/{rel}","templated":true}]}}