{"id":1759,"date":"2025-08-19T10:58:05","date_gmt":"2025-08-19T08:58:05","guid":{"rendered":"https:\/\/www.artesaniaparis.com\/?post_type=product&#038;p=1759"},"modified":"2025-08-19T11:01:39","modified_gmt":"2025-08-19T09:01:39","slug":"bougie-fleur-de-coton","status":"publish","type":"product","link":"https:\/\/www.artesaniaparis.com\/fr\/produit\/bougie-fleur-de-coton\/","title":{"rendered":"Bougie Fleur de Coton"},"content":{"rendered":"<p style=\"text-align: center;\" data-start=\"351\" data-end=\"606\">Plongez dans un cocon de douceur avec la bougie <em data-start=\"399\" data-end=\"415\">Fleur de Coton<\/em> , fabriqu\u00e9e artisanalement en France \u00e0 partir de cire v\u00e9g\u00e9tale naturelle. Son parfum d\u00e9licat de fleur de coton cr\u00e9e une atmosph\u00e8re apaisante et cocooning dans votre int\u00e9rieur.<\/p>\n<p style=\"text-align: center;\" data-start=\"608\" data-end=\"773\">Coul\u00e9e \u00e0 la main dans un contenant en verre recyclable, cette bougie parfum\u00e9e offre une combustion propre et une diffusion subtile et \u00e9l\u00e9gante de son parfum raffin\u00e9.<\/p>\n<p style=\"text-align: center;\" data-start=\"775\" data-end=\"882\">Id\u00e9ale pour vos moments de d\u00e9tente, un bain relaxant ou pour cr\u00e9er une ambiance chaleureuse dans la maison.<\/p>\n","protected":false},"excerpt":{"rendered":"<p style=\"text-align: center;\">Bougie parfum\u00e9e artisanale <em data-start=\"1097\" data-end=\"1113\">Fleur de Coton<\/em> en cire v\u00e9g\u00e9tale, pour une ambiance douce et cocooning.<\/p>\n","protected":false},"featured_media":1845,"comment_status":"open","ping_status":"closed","template":"","meta":[],"brand":[],"product_brand":[],"product_cat":[464],"product_tag":[286],"class_list":{"0":"post-1759","1":"product","2":"type-product","3":"status-publish","4":"has-post-thumbnail","6":"product_cat-bougies-parfumees","7":"product_tag-bougie-parfumee-bougie-fleur-de-coton-bougie-artisanale-bougie-vegetale","8":"left-slider","10":"first","11":"instock","12":"shipping-taxable","13":"purchasable","14":"product-type-simple"},"yoast_head":"<!-- This site is optimized with the Yoast SEO plugin v26.9 - https:\/\/yoast.com\/product\/yoast-seo-wordpress\/ -->\n<title>Bougie Fleur de Coton \u2013 Bougie parfum\u00e9e artisanale en cire v\u00e9g\u00e9tale \u2013 Artesania Paris<\/title>\n<meta name=\"description\" content=\"D\u00e9couvrez la bougie parfum\u00e9e Fleur de Coton Artesania Paris, fabriqu\u00e9e artisanalement en cire v\u00e9g\u00e9tale pour une ambiance douce et cocooning. Fabriqu\u00e9e en France.\" \/>\n<meta name=\"robots\" content=\"index, follow, max-snippet:-1, max-image-preview:large, max-video-preview:-1\" \/>\n<link rel=\"canonical\" href=\"https:\/\/www.artesaniaparis.com\/fr\/produit\/bougie-fleur-de-coton\/\" \/>\n<meta property=\"og:locale\" content=\"fr_FR\" \/>\n<meta property=\"og:type\" content=\"article\" \/>\n<meta property=\"og:title\" content=\"Bougie Fleur de Coton \u2013 Bougie parfum\u00e9e artisanale en cire v\u00e9g\u00e9tale \u2013 Artesania Paris\" \/>\n<meta property=\"og:description\" content=\"D\u00e9couvrez la bougie parfum\u00e9e Fleur de Coton Artesania Paris, fabriqu\u00e9e artisanalement en cire v\u00e9g\u00e9tale pour une ambiance douce et cocooning. Fabriqu\u00e9e en France.\" \/>\n<meta property=\"og:url\" content=\"https:\/\/www.artesaniaparis.com\/fr\/produit\/bougie-fleur-de-coton\/\" \/>\n<meta property=\"og:site_name\" content=\"Mitti\" \/>\n<meta property=\"article:modified_time\" content=\"2025-08-19T09:01:39+00:00\" \/>\n<meta property=\"og:image\" content=\"https:\/\/www.artesaniaparis.com\/wp-content\/uploads\/2025\/08\/fdc.webp\" \/>\n\t<meta property=\"og:image:width\" content=\"720\" \/>\n\t<meta property=\"og:image:height\" content=\"720\" \/>\n\t<meta property=\"og:image:type\" content=\"image\/webp\" \/>\n<meta name=\"twitter:card\" content=\"summary_large_image\" \/>\n<meta name=\"twitter:label1\" content=\"Dur\u00e9e de lecture estim\u00e9e\" \/>\n\t<meta name=\"twitter:data1\" content=\"1 minute\" \/>\n<script type=\"application\/ld+json\" class=\"yoast-schema-graph\">{\"@context\":\"https:\/\/schema.org\",\"@graph\":[{\"@type\":\"WebPage\",\"@id\":\"https:\/\/www.artesaniaparis.com\/fr\/produit\/bougie-fleur-de-coton\/\",\"url\":\"https:\/\/www.artesaniaparis.com\/fr\/produit\/bougie-fleur-de-coton\/\",\"name\":\"Bougie Fleur de Coton \u2013 Bougie parfum\u00e9e artisanale en cire v\u00e9g\u00e9tale \u2013 Artesania Paris\",\"isPartOf\":{\"@id\":\"https:\/\/www.artesaniaparis.com\/#website\"},\"primaryImageOfPage\":{\"@id\":\"https:\/\/www.artesaniaparis.com\/fr\/produit\/bougie-fleur-de-coton\/#primaryimage\"},\"image\":{\"@id\":\"https:\/\/www.artesaniaparis.com\/fr\/produit\/bougie-fleur-de-coton\/#primaryimage\"},\"thumbnailUrl\":\"https:\/\/www.artesaniaparis.com\/wp-content\/uploads\/2025\/08\/fdc.webp\",\"datePublished\":\"2025-08-19T08:58:05+00:00\",\"dateModified\":\"2025-08-19T09:01:39+00:00\",\"description\":\"D\u00e9couvrez la bougie parfum\u00e9e Fleur de Coton Artesania Paris, fabriqu\u00e9e artisanalement en cire v\u00e9g\u00e9tale pour une ambiance douce et cocooning. Fabriqu\u00e9e en France.\",\"breadcrumb\":{\"@id\":\"https:\/\/www.artesaniaparis.com\/fr\/produit\/bougie-fleur-de-coton\/#breadcrumb\"},\"inLanguage\":\"fr-FR\",\"potentialAction\":[{\"@type\":\"ReadAction\",\"target\":[\"https:\/\/www.artesaniaparis.com\/fr\/produit\/bougie-fleur-de-coton\/\"]}]},{\"@type\":\"ImageObject\",\"inLanguage\":\"fr-FR\",\"@id\":\"https:\/\/www.artesaniaparis.com\/fr\/produit\/bougie-fleur-de-coton\/#primaryimage\",\"url\":\"https:\/\/www.artesaniaparis.com\/wp-content\/uploads\/2025\/08\/fdc.webp\",\"contentUrl\":\"https:\/\/www.artesaniaparis.com\/wp-content\/uploads\/2025\/08\/fdc.webp\",\"width\":720,\"height\":720},{\"@type\":\"BreadcrumbList\",\"@id\":\"https:\/\/www.artesaniaparis.com\/fr\/produit\/bougie-fleur-de-coton\/#breadcrumb\",\"itemListElement\":[{\"@type\":\"ListItem\",\"position\":1,\"name\":\"Accueil\",\"item\":\"https:\/\/www.artesaniaparis.com\/fr\/\"},{\"@type\":\"ListItem\",\"position\":2,\"name\":\"Boutique\",\"item\":\"http:\/\/www.artesaniaparis.com\/fr\/boutique\/\"},{\"@type\":\"ListItem\",\"position\":3,\"name\":\"Bougie Fleur de Coton\"}]},{\"@type\":\"WebSite\",\"@id\":\"https:\/\/www.artesaniaparis.com\/#website\",\"url\":\"https:\/\/www.artesaniaparis.com\/\",\"name\":\"Mitti\",\"description\":\"Une flamme, une \u00e9motion, un instant suspendu\",\"potentialAction\":[{\"@type\":\"SearchAction\",\"target\":{\"@type\":\"EntryPoint\",\"urlTemplate\":\"https:\/\/www.artesaniaparis.com\/?s={search_term_string}\"},\"query-input\":{\"@type\":\"PropertyValueSpecification\",\"valueRequired\":true,\"valueName\":\"search_term_string\"}}],\"inLanguage\":\"fr-FR\"}]}<\/script>\n<!-- \/ Yoast SEO plugin. -->","yoast_head_json":{"title":"Bougie Fleur de Coton \u2013 Bougie parfum\u00e9e artisanale en cire v\u00e9g\u00e9tale \u2013 Artesania Paris","description":"D\u00e9couvrez la bougie parfum\u00e9e Fleur de Coton Artesania Paris, fabriqu\u00e9e artisanalement en cire v\u00e9g\u00e9tale pour une ambiance douce et cocooning. Fabriqu\u00e9e en France.","robots":{"index":"index","follow":"follow","max-snippet":"max-snippet:-1","max-image-preview":"max-image-preview:large","max-video-preview":"max-video-preview:-1"},"canonical":"https:\/\/www.artesaniaparis.com\/fr\/produit\/bougie-fleur-de-coton\/","og_locale":"fr_FR","og_type":"article","og_title":"Bougie Fleur de Coton \u2013 Bougie parfum\u00e9e artisanale en cire v\u00e9g\u00e9tale \u2013 Artesania Paris","og_description":"D\u00e9couvrez la bougie parfum\u00e9e Fleur de Coton Artesania Paris, fabriqu\u00e9e artisanalement en cire v\u00e9g\u00e9tale pour une ambiance douce et cocooning. Fabriqu\u00e9e en France.","og_url":"https:\/\/www.artesaniaparis.com\/fr\/produit\/bougie-fleur-de-coton\/","og_site_name":"Mitti","article_modified_time":"2025-08-19T09:01:39+00:00","og_image":[{"width":720,"height":720,"url":"https:\/\/www.artesaniaparis.com\/wp-content\/uploads\/2025\/08\/fdc.webp","type":"image\/webp"}],"twitter_card":"summary_large_image","twitter_misc":{"Dur\u00e9e de lecture estim\u00e9e":"1 minute"},"schema":{"@context":"https:\/\/schema.org","@graph":[{"@type":"WebPage","@id":"https:\/\/www.artesaniaparis.com\/fr\/produit\/bougie-fleur-de-coton\/","url":"https:\/\/www.artesaniaparis.com\/fr\/produit\/bougie-fleur-de-coton\/","name":"Bougie Fleur de Coton \u2013 Bougie parfum\u00e9e artisanale en cire v\u00e9g\u00e9tale \u2013 Artesania Paris","isPartOf":{"@id":"https:\/\/www.artesaniaparis.com\/#website"},"primaryImageOfPage":{"@id":"https:\/\/www.artesaniaparis.com\/fr\/produit\/bougie-fleur-de-coton\/#primaryimage"},"image":{"@id":"https:\/\/www.artesaniaparis.com\/fr\/produit\/bougie-fleur-de-coton\/#primaryimage"},"thumbnailUrl":"https:\/\/www.artesaniaparis.com\/wp-content\/uploads\/2025\/08\/fdc.webp","datePublished":"2025-08-19T08:58:05+00:00","dateModified":"2025-08-19T09:01:39+00:00","description":"D\u00e9couvrez la bougie parfum\u00e9e Fleur de Coton Artesania Paris, fabriqu\u00e9e artisanalement en cire v\u00e9g\u00e9tale pour une ambiance douce et cocooning. Fabriqu\u00e9e en France.","breadcrumb":{"@id":"https:\/\/www.artesaniaparis.com\/fr\/produit\/bougie-fleur-de-coton\/#breadcrumb"},"inLanguage":"fr-FR","potentialAction":[{"@type":"ReadAction","target":["https:\/\/www.artesaniaparis.com\/fr\/produit\/bougie-fleur-de-coton\/"]}]},{"@type":"ImageObject","inLanguage":"fr-FR","@id":"https:\/\/www.artesaniaparis.com\/fr\/produit\/bougie-fleur-de-coton\/#primaryimage","url":"https:\/\/www.artesaniaparis.com\/wp-content\/uploads\/2025\/08\/fdc.webp","contentUrl":"https:\/\/www.artesaniaparis.com\/wp-content\/uploads\/2025\/08\/fdc.webp","width":720,"height":720},{"@type":"BreadcrumbList","@id":"https:\/\/www.artesaniaparis.com\/fr\/produit\/bougie-fleur-de-coton\/#breadcrumb","itemListElement":[{"@type":"ListItem","position":1,"name":"Accueil","item":"https:\/\/www.artesaniaparis.com\/fr\/"},{"@type":"ListItem","position":2,"name":"Boutique","item":"http:\/\/www.artesaniaparis.com\/fr\/boutique\/"},{"@type":"ListItem","position":3,"name":"Bougie Fleur de Coton"}]},{"@type":"WebSite","@id":"https:\/\/www.artesaniaparis.com\/#website","url":"https:\/\/www.artesaniaparis.com\/","name":"Mitti","description":"Une flamme, une \u00e9motion, un instant suspendu","potentialAction":[{"@type":"SearchAction","target":{"@type":"EntryPoint","urlTemplate":"https:\/\/www.artesaniaparis.com\/?s={search_term_string}"},"query-input":{"@type":"PropertyValueSpecification","valueRequired":true,"valueName":"search_term_string"}}],"inLanguage":"fr-FR"}]}},"jetpack_sharing_enabled":true,"_links":{"self":[{"href":"https:\/\/www.artesaniaparis.com\/fr\/wp-json\/wp\/v2\/product\/1759","targetHints":{"allow":["GET"]}}],"collection":[{"href":"https:\/\/www.artesaniaparis.com\/fr\/wp-json\/wp\/v2\/product"}],"about":[{"href":"https:\/\/www.artesaniaparis.com\/fr\/wp-json\/wp\/v2\/types\/product"}],"replies":[{"embeddable":true,"href":"https:\/\/www.artesaniaparis.com\/fr\/wp-json\/wp\/v2\/comments?post=1759"}],"version-history":[{"count":0,"href":"https:\/\/www.artesaniaparis.com\/fr\/wp-json\/wp\/v2\/product\/1759\/revisions"}],"wp:featuredmedia":[{"embeddable":true,"href":"https:\/\/www.artesaniaparis.com\/fr\/wp-json\/wp\/v2\/media\/1845"}],"wp:attachment":[{"href":"https:\/\/www.artesaniaparis.com\/fr\/wp-json\/wp\/v2\/media?parent=1759"}],"wp:term":[{"taxonomy":"brand","embeddable":true,"href":"https:\/\/www.artesaniaparis.com\/fr\/wp-json\/wp\/v2\/brand?post=1759"},{"taxonomy":"product_brand","embeddable":true,"href":"https:\/\/www.artesaniaparis.com\/fr\/wp-json\/wp\/v2\/product_brand?post=1759"},{"taxonomy":"product_cat","embeddable":true,"href":"https:\/\/www.artesaniaparis.com\/fr\/wp-json\/wp\/v2\/product_cat?post=1759"},{"taxonomy":"product_tag","embeddable":true,"href":"https:\/\/www.artesaniaparis.com\/fr\/wp-json\/wp\/v2\/product_tag?post=1759"}],"curies":[{"name":"wp","href":"https:\/\/api.w.org\/{rel}","templated":true}]}}