{"id":1740,"date":"2025-08-19T10:57:08","date_gmt":"2025-08-19T08:57:08","guid":{"rendered":"https:\/\/www.artesaniaparis.com\/?post_type=product&#038;p=1740"},"modified":"2025-10-25T11:39:21","modified_gmt":"2025-10-25T09:39:21","slug":"bougie-pomme-damour-200ml","status":"publish","type":"product","link":"https:\/\/www.artesaniaparis.com\/fr\/produit\/bougie-pomme-damour-200ml\/","title":{"rendered":"Bougie Pomme d\u2019Amour 200ml"},"content":{"rendered":"<p style=\"text-align: center;\">Offrez une touche de gourmandise \u00e0 votre int\u00e9rieur avec cette <strong data-start=\"373\" data-end=\"428\">bougie gourmande Pomme d\u2019Amour 200ml <\/strong>. Fabriqu\u00e9e artisanalement en France,chez<\/p>\n<p class=\"f_t_base f_t_maxLines f_t_color f_t_paragraphSansMedium\" style=\"text-align: center;\"><strong>MURI CREATIONS<\/strong><\/p>\n<p style=\"text-align: center;\">elle est compos\u00e9e de cire de soja naturelle et parfum\u00e9e avec un v\u00e9ritable parfum de Grasse, offrant une <strong data-start=\"570\" data-end=\"618\">senteur sucr\u00e9e de pomme d&#8217;amour irr\u00e9sistible<\/strong> qui embaume votre espace d\u00e8s l\u2019allumage.<br data-start=\"659\" data-end=\"662\" \/>Son design \u00e9l\u00e9gant en verre avec ses d\u00e9cors roses raffin\u00e9s s\u2019adapte \u00e0 toutes les d\u00e9corations, cr\u00e9ant une ambiance chaleureuse, cosy et accueillante.<br data-start=\"810\" data-end=\"813\" \/>Elle est id\u00e9ale comme <strong data-start=\"835\" data-end=\"853\">cadeau parfum\u00e9<\/strong> pour vos proches ou pour agr\u00e9menter une table de f\u00eate, un bureau ou une chambre avec une note gourmande unique.<br data-start=\"965\" data-end=\"968\" \/>Durant la combustion, la bougie diffuse une odeur douce et sucr\u00e9e rappelant les pommes d\u2019amour des f\u00eates foraines tout en offrant une lumi\u00e8re r\u00e9confortante.<\/p>\n","protected":false},"excerpt":{"rendered":"<p style=\"text-align: center;\">Bougie parfum\u00e9e gourmande 200ml au parfum de pomme d&#8217;amour, fabriqu\u00e9e artisanalement en France en cire de soja avec parfum de Grasse, pour une d\u00e9coration chaleureuse et gourmande.<\/p>\n","protected":false},"featured_media":1829,"comment_status":"open","ping_status":"closed","template":"","meta":[],"brand":[],"product_brand":[],"product_cat":[473],"product_tag":[271,102,178,209,104,272,273,274,106,268,275],"class_list":{"0":"post-1740","1":"product","2":"type-product","3":"status-publish","4":"has-post-thumbnail","6":"product_cat-bougies-gourmandes","7":"product_tag-bougie-200ml","8":"product_tag-bougie-artisanale","9":"product_tag-bougie-cire-de-soja","10":"product_tag-bougie-gourmande","11":"product_tag-bougie-parfumee","12":"product_tag-bougie-pomme-damour","13":"product_tag-bougie-rose","14":"product_tag-cadeau-parfume","15":"product_tag-decoration-maison","16":"product_tag-muri-creations","17":"product_tag-parfum-de-grasse","18":"left-slider","20":"first","21":"instock","22":"shipping-taxable","23":"purchasable","24":"product-type-simple"},"yoast_head":"<!-- This site is optimized with the Yoast SEO plugin v26.9 - https:\/\/yoast.com\/product\/yoast-seo-wordpress\/ -->\n<title>Bougie Pomme d\u2019Amour 200ml \u2013 Bougie Gourmande Parfum\u00e9e Artisanale<\/title>\n<meta name=\"description\" content=\"Craquez pour la bougie Pomme d\u2019Amour 200ml de MURI CREATIONS, une bougie gourmande en cire de soja parfum\u00e9e au parfum de Grasse, id\u00e9ale pour offrir une ambiance chaleureuse, d\u00e9corative et sucr\u00e9e \u00e0 votre int\u00e9rieur\" \/>\n<meta name=\"robots\" content=\"index, follow, max-snippet:-1, max-image-preview:large, max-video-preview:-1\" \/>\n<link rel=\"canonical\" href=\"http:\/\/www.artesaniaparis.com\/fr\/produit\/bougie-pomme-damour-200ml\/\" \/>\n<meta property=\"og:locale\" content=\"fr_FR\" \/>\n<meta property=\"og:type\" content=\"article\" \/>\n<meta property=\"og:title\" content=\"Bougie Pomme d\u2019Amour 200ml \u2013 Bougie Gourmande Parfum\u00e9e Artisanale\" \/>\n<meta property=\"og:description\" content=\"Craquez pour la bougie Pomme d\u2019Amour 200ml de MURI CREATIONS, une bougie gourmande en cire de soja parfum\u00e9e au parfum de Grasse, id\u00e9ale pour offrir une ambiance chaleureuse, d\u00e9corative et sucr\u00e9e \u00e0 votre int\u00e9rieur\" \/>\n<meta property=\"og:url\" content=\"http:\/\/www.artesaniaparis.com\/fr\/produit\/bougie-pomme-damour-200ml\/\" \/>\n<meta property=\"og:site_name\" content=\"Mitti\" \/>\n<meta property=\"article:modified_time\" content=\"2025-10-25T09:39:21+00:00\" \/>\n<meta property=\"og:image\" content=\"https:\/\/www.artesaniaparis.com\/wp-content\/uploads\/2025\/08\/db36b75434c2781f94fb834f885c8e85090057c5049e33a8479bb7472e557a43.webp\" \/>\n\t<meta property=\"og:image:width\" content=\"720\" \/>\n\t<meta property=\"og:image:height\" content=\"720\" \/>\n\t<meta property=\"og:image:type\" content=\"image\/webp\" \/>\n<meta name=\"twitter:card\" content=\"summary_large_image\" \/>\n<meta name=\"twitter:label1\" content=\"Dur\u00e9e de lecture estim\u00e9e\" \/>\n\t<meta name=\"twitter:data1\" content=\"1 minute\" \/>\n<script type=\"application\/ld+json\" class=\"yoast-schema-graph\">{\"@context\":\"https:\/\/schema.org\",\"@graph\":[{\"@type\":\"WebPage\",\"@id\":\"http:\/\/www.artesaniaparis.com\/fr\/produit\/bougie-pomme-damour-200ml\/\",\"url\":\"http:\/\/www.artesaniaparis.com\/fr\/produit\/bougie-pomme-damour-200ml\/\",\"name\":\"Bougie Pomme d\u2019Amour 200ml \u2013 Bougie Gourmande Parfum\u00e9e Artisanale\",\"isPartOf\":{\"@id\":\"https:\/\/www.artesaniaparis.com\/#website\"},\"primaryImageOfPage\":{\"@id\":\"http:\/\/www.artesaniaparis.com\/fr\/produit\/bougie-pomme-damour-200ml\/#primaryimage\"},\"image\":{\"@id\":\"http:\/\/www.artesaniaparis.com\/fr\/produit\/bougie-pomme-damour-200ml\/#primaryimage\"},\"thumbnailUrl\":\"https:\/\/www.artesaniaparis.com\/wp-content\/uploads\/2025\/08\/db36b75434c2781f94fb834f885c8e85090057c5049e33a8479bb7472e557a43.webp\",\"datePublished\":\"2025-08-19T08:57:08+00:00\",\"dateModified\":\"2025-10-25T09:39:21+00:00\",\"description\":\"Craquez pour la bougie Pomme d\u2019Amour 200ml de MURI CREATIONS, une bougie gourmande en cire de soja parfum\u00e9e au parfum de Grasse, id\u00e9ale pour offrir une ambiance chaleureuse, d\u00e9corative et sucr\u00e9e \u00e0 votre int\u00e9rieur\",\"breadcrumb\":{\"@id\":\"http:\/\/www.artesaniaparis.com\/fr\/produit\/bougie-pomme-damour-200ml\/#breadcrumb\"},\"inLanguage\":\"fr-FR\",\"potentialAction\":[{\"@type\":\"ReadAction\",\"target\":[\"http:\/\/www.artesaniaparis.com\/fr\/produit\/bougie-pomme-damour-200ml\/\"]}]},{\"@type\":\"ImageObject\",\"inLanguage\":\"fr-FR\",\"@id\":\"http:\/\/www.artesaniaparis.com\/fr\/produit\/bougie-pomme-damour-200ml\/#primaryimage\",\"url\":\"https:\/\/www.artesaniaparis.com\/wp-content\/uploads\/2025\/08\/db36b75434c2781f94fb834f885c8e85090057c5049e33a8479bb7472e557a43.webp\",\"contentUrl\":\"https:\/\/www.artesaniaparis.com\/wp-content\/uploads\/2025\/08\/db36b75434c2781f94fb834f885c8e85090057c5049e33a8479bb7472e557a43.webp\",\"width\":720,\"height\":720},{\"@type\":\"BreadcrumbList\",\"@id\":\"http:\/\/www.artesaniaparis.com\/fr\/produit\/bougie-pomme-damour-200ml\/#breadcrumb\",\"itemListElement\":[{\"@type\":\"ListItem\",\"position\":1,\"name\":\"Accueil\",\"item\":\"https:\/\/www.artesaniaparis.com\/fr\/\"},{\"@type\":\"ListItem\",\"position\":2,\"name\":\"Boutique\",\"item\":\"http:\/\/www.artesaniaparis.com\/fr\/boutique\/\"},{\"@type\":\"ListItem\",\"position\":3,\"name\":\"Bougie Pomme d\u2019Amour 200ml\"}]},{\"@type\":\"WebSite\",\"@id\":\"https:\/\/www.artesaniaparis.com\/#website\",\"url\":\"https:\/\/www.artesaniaparis.com\/\",\"name\":\"Mitti\",\"description\":\"Une flamme, une \u00e9motion, un instant suspendu\",\"potentialAction\":[{\"@type\":\"SearchAction\",\"target\":{\"@type\":\"EntryPoint\",\"urlTemplate\":\"https:\/\/www.artesaniaparis.com\/?s={search_term_string}\"},\"query-input\":{\"@type\":\"PropertyValueSpecification\",\"valueRequired\":true,\"valueName\":\"search_term_string\"}}],\"inLanguage\":\"fr-FR\"}]}<\/script>\n<!-- \/ Yoast SEO plugin. -->","yoast_head_json":{"title":"Bougie Pomme d\u2019Amour 200ml \u2013 Bougie Gourmande Parfum\u00e9e Artisanale","description":"Craquez pour la bougie Pomme d\u2019Amour 200ml de MURI CREATIONS, une bougie gourmande en cire de soja parfum\u00e9e au parfum de Grasse, id\u00e9ale pour offrir une ambiance chaleureuse, d\u00e9corative et sucr\u00e9e \u00e0 votre int\u00e9rieur","robots":{"index":"index","follow":"follow","max-snippet":"max-snippet:-1","max-image-preview":"max-image-preview:large","max-video-preview":"max-video-preview:-1"},"canonical":"http:\/\/www.artesaniaparis.com\/fr\/produit\/bougie-pomme-damour-200ml\/","og_locale":"fr_FR","og_type":"article","og_title":"Bougie Pomme d\u2019Amour 200ml \u2013 Bougie Gourmande Parfum\u00e9e Artisanale","og_description":"Craquez pour la bougie Pomme d\u2019Amour 200ml de MURI CREATIONS, une bougie gourmande en cire de soja parfum\u00e9e au parfum de Grasse, id\u00e9ale pour offrir une ambiance chaleureuse, d\u00e9corative et sucr\u00e9e \u00e0 votre int\u00e9rieur","og_url":"http:\/\/www.artesaniaparis.com\/fr\/produit\/bougie-pomme-damour-200ml\/","og_site_name":"Mitti","article_modified_time":"2025-10-25T09:39:21+00:00","og_image":[{"width":720,"height":720,"url":"https:\/\/www.artesaniaparis.com\/wp-content\/uploads\/2025\/08\/db36b75434c2781f94fb834f885c8e85090057c5049e33a8479bb7472e557a43.webp","type":"image\/webp"}],"twitter_card":"summary_large_image","twitter_misc":{"Dur\u00e9e de lecture estim\u00e9e":"1 minute"},"schema":{"@context":"https:\/\/schema.org","@graph":[{"@type":"WebPage","@id":"http:\/\/www.artesaniaparis.com\/fr\/produit\/bougie-pomme-damour-200ml\/","url":"http:\/\/www.artesaniaparis.com\/fr\/produit\/bougie-pomme-damour-200ml\/","name":"Bougie Pomme d\u2019Amour 200ml \u2013 Bougie Gourmande Parfum\u00e9e Artisanale","isPartOf":{"@id":"https:\/\/www.artesaniaparis.com\/#website"},"primaryImageOfPage":{"@id":"http:\/\/www.artesaniaparis.com\/fr\/produit\/bougie-pomme-damour-200ml\/#primaryimage"},"image":{"@id":"http:\/\/www.artesaniaparis.com\/fr\/produit\/bougie-pomme-damour-200ml\/#primaryimage"},"thumbnailUrl":"https:\/\/www.artesaniaparis.com\/wp-content\/uploads\/2025\/08\/db36b75434c2781f94fb834f885c8e85090057c5049e33a8479bb7472e557a43.webp","datePublished":"2025-08-19T08:57:08+00:00","dateModified":"2025-10-25T09:39:21+00:00","description":"Craquez pour la bougie Pomme d\u2019Amour 200ml de MURI CREATIONS, une bougie gourmande en cire de soja parfum\u00e9e au parfum de Grasse, id\u00e9ale pour offrir une ambiance chaleureuse, d\u00e9corative et sucr\u00e9e \u00e0 votre int\u00e9rieur","breadcrumb":{"@id":"http:\/\/www.artesaniaparis.com\/fr\/produit\/bougie-pomme-damour-200ml\/#breadcrumb"},"inLanguage":"fr-FR","potentialAction":[{"@type":"ReadAction","target":["http:\/\/www.artesaniaparis.com\/fr\/produit\/bougie-pomme-damour-200ml\/"]}]},{"@type":"ImageObject","inLanguage":"fr-FR","@id":"http:\/\/www.artesaniaparis.com\/fr\/produit\/bougie-pomme-damour-200ml\/#primaryimage","url":"https:\/\/www.artesaniaparis.com\/wp-content\/uploads\/2025\/08\/db36b75434c2781f94fb834f885c8e85090057c5049e33a8479bb7472e557a43.webp","contentUrl":"https:\/\/www.artesaniaparis.com\/wp-content\/uploads\/2025\/08\/db36b75434c2781f94fb834f885c8e85090057c5049e33a8479bb7472e557a43.webp","width":720,"height":720},{"@type":"BreadcrumbList","@id":"http:\/\/www.artesaniaparis.com\/fr\/produit\/bougie-pomme-damour-200ml\/#breadcrumb","itemListElement":[{"@type":"ListItem","position":1,"name":"Accueil","item":"https:\/\/www.artesaniaparis.com\/fr\/"},{"@type":"ListItem","position":2,"name":"Boutique","item":"http:\/\/www.artesaniaparis.com\/fr\/boutique\/"},{"@type":"ListItem","position":3,"name":"Bougie Pomme d\u2019Amour 200ml"}]},{"@type":"WebSite","@id":"https:\/\/www.artesaniaparis.com\/#website","url":"https:\/\/www.artesaniaparis.com\/","name":"Mitti","description":"Une flamme, une \u00e9motion, un instant suspendu","potentialAction":[{"@type":"SearchAction","target":{"@type":"EntryPoint","urlTemplate":"https:\/\/www.artesaniaparis.com\/?s={search_term_string}"},"query-input":{"@type":"PropertyValueSpecification","valueRequired":true,"valueName":"search_term_string"}}],"inLanguage":"fr-FR"}]}},"jetpack_sharing_enabled":true,"_links":{"self":[{"href":"https:\/\/www.artesaniaparis.com\/fr\/wp-json\/wp\/v2\/product\/1740","targetHints":{"allow":["GET"]}}],"collection":[{"href":"https:\/\/www.artesaniaparis.com\/fr\/wp-json\/wp\/v2\/product"}],"about":[{"href":"https:\/\/www.artesaniaparis.com\/fr\/wp-json\/wp\/v2\/types\/product"}],"replies":[{"embeddable":true,"href":"https:\/\/www.artesaniaparis.com\/fr\/wp-json\/wp\/v2\/comments?post=1740"}],"version-history":[{"count":1,"href":"https:\/\/www.artesaniaparis.com\/fr\/wp-json\/wp\/v2\/product\/1740\/revisions"}],"predecessor-version":[{"id":11904,"href":"https:\/\/www.artesaniaparis.com\/fr\/wp-json\/wp\/v2\/product\/1740\/revisions\/11904"}],"wp:featuredmedia":[{"embeddable":true,"href":"https:\/\/www.artesaniaparis.com\/fr\/wp-json\/wp\/v2\/media\/1829"}],"wp:attachment":[{"href":"https:\/\/www.artesaniaparis.com\/fr\/wp-json\/wp\/v2\/media?parent=1740"}],"wp:term":[{"taxonomy":"brand","embeddable":true,"href":"https:\/\/www.artesaniaparis.com\/fr\/wp-json\/wp\/v2\/brand?post=1740"},{"taxonomy":"product_brand","embeddable":true,"href":"https:\/\/www.artesaniaparis.com\/fr\/wp-json\/wp\/v2\/product_brand?post=1740"},{"taxonomy":"product_cat","embeddable":true,"href":"https:\/\/www.artesaniaparis.com\/fr\/wp-json\/wp\/v2\/product_cat?post=1740"},{"taxonomy":"product_tag","embeddable":true,"href":"https:\/\/www.artesaniaparis.com\/fr\/wp-json\/wp\/v2\/product_tag?post=1740"}],"curies":[{"name":"wp","href":"https:\/\/api.w.org\/{rel}","templated":true}]}}