{"id":1731,"date":"2025-08-19T10:56:41","date_gmt":"2025-08-19T08:56:41","guid":{"rendered":"https:\/\/www.artesaniaparis.com\/?post_type=product&#038;p=1731"},"modified":"2025-10-25T11:36:25","modified_gmt":"2025-10-25T09:36:25","slug":"bougie-parfumee-200ml-douceur-des-iles","status":"publish","type":"product","link":"https:\/\/www.artesaniaparis.com\/fr\/produit\/bougie-parfumee-200ml-douceur-des-iles\/","title":{"rendered":"Bougie parfum\u00e9e 200ml Douceur des \u00celes"},"content":{"rendered":"<p style=\"text-align: center;\">D\u00e9couvrez la bougie parfum\u00e9e <strong data-start=\"471\" data-end=\"493\">\u201cDouceur des \u00celes\u201d<\/strong>\u00a0 con\u00e7ue pour transformer votre espace en un cocon aux accents tropicaux. Fabriqu\u00e9e \u00e0 partir de cire de soja v\u00e9g\u00e9tale, elle diffuse un parfum doux et exotique qui \u00e9voque le soleil et les vacances. Son design travaill\u00e9 avec des d\u00e9tails fleuris et color\u00e9s s\u2019int\u00e8gre parfaitement \u00e0 tout type d&#8217;int\u00e9rieur, ajoutant une touche de chaleur et d&#8217;\u00e9l\u00e9gance \u00e0 votre d\u00e9coration. Disponible en 200ml, elle est id\u00e9ale pour un usage quotidien ou pour offrir un moment de d\u00e9tente parfum\u00e9 \u00e0 vos proches.<\/p>\n<p style=\"text-align: center;\">Fabriqu\u00e9e en France chez\u00a0 \u00a0<strong>MURI CREATIONS<\/strong><\/p>\n","protected":false},"excerpt":{"rendered":"<p style=\"text-align: center;\">Cr\u00e9ez une ambiance chaleureuse et tropicale dans votre int\u00e9rieur avec cette bougie parfum\u00e9e aux notes exotiques, parfaite pour offrir ou compl\u00e9ter votre d\u00e9coration.<\/p>\n","protected":false},"featured_media":1820,"comment_status":"open","ping_status":"closed","template":"","meta":[],"brand":[],"product_brand":[],"product_cat":[464],"product_tag":[102,216,263,264,209,265,104,266,197,267,268],"class_list":{"0":"post-1731","1":"product","2":"type-product","3":"status-publish","4":"has-post-thumbnail","6":"product_cat-bougies-parfumees","7":"product_tag-bougie-artisanale","8":"product_tag-bougie-cadeau","9":"product_tag-bougie-cire-soja","10":"product_tag-bougie-decoration","11":"product_tag-bougie-gourmande","12":"product_tag-bougie-parfum-tropical","13":"product_tag-bougie-parfumee","14":"product_tag-bougie-tropicale","15":"product_tag-bougie-vegan","16":"product_tag-fabrication-artisanale-france","17":"product_tag-muri-creations","18":"left-slider","20":"first","21":"instock","22":"shipping-taxable","23":"purchasable","24":"product-type-simple"},"yoast_head":"<!-- This site is optimized with the Yoast SEO plugin v26.9 - https:\/\/yoast.com\/product\/yoast-seo-wordpress\/ -->\n<title>Bougie parfum\u00e9e 200ml Douceur des \u00celes \u2013 MURI CREATIONS<\/title>\n<meta name=\"description\" content=\"Bougie parfum\u00e9e Douceur des \u00celes 200ml MURI CREATIONS. Parfum exotique, cire v\u00e9g\u00e9tale, design fleuri. Cr\u00e9ez une ambiance tropicale chaleureuse chez vous.\" \/>\n<meta name=\"robots\" content=\"index, follow, max-snippet:-1, max-image-preview:large, max-video-preview:-1\" \/>\n<link rel=\"canonical\" href=\"http:\/\/www.artesaniaparis.com\/fr\/produit\/bougie-parfumee-200ml-douceur-des-iles\/\" \/>\n<meta property=\"og:locale\" content=\"fr_FR\" \/>\n<meta property=\"og:type\" content=\"article\" \/>\n<meta property=\"og:title\" content=\"Bougie parfum\u00e9e 200ml Douceur des \u00celes \u2013 MURI CREATIONS\" \/>\n<meta property=\"og:description\" content=\"Bougie parfum\u00e9e Douceur des \u00celes 200ml MURI CREATIONS. Parfum exotique, cire v\u00e9g\u00e9tale, design fleuri. Cr\u00e9ez une ambiance tropicale chaleureuse chez vous.\" \/>\n<meta property=\"og:url\" content=\"http:\/\/www.artesaniaparis.com\/fr\/produit\/bougie-parfumee-200ml-douceur-des-iles\/\" \/>\n<meta property=\"og:site_name\" content=\"Mitti\" \/>\n<meta property=\"article:modified_time\" content=\"2025-10-25T09:36:25+00:00\" \/>\n<meta property=\"og:image\" content=\"https:\/\/www.artesaniaparis.com\/wp-content\/uploads\/2025\/08\/7154f153a20f7a7a566151b86674a2b9388c7f7b141d28fe7a27b0220742c998-1.webp\" \/>\n\t<meta property=\"og:image:width\" content=\"720\" \/>\n\t<meta property=\"og:image:height\" content=\"720\" \/>\n\t<meta property=\"og:image:type\" content=\"image\/webp\" \/>\n<meta name=\"twitter:card\" content=\"summary_large_image\" \/>\n<meta name=\"twitter:label1\" content=\"Dur\u00e9e de lecture estim\u00e9e\" \/>\n\t<meta name=\"twitter:data1\" content=\"1 minute\" \/>\n<script type=\"application\/ld+json\" class=\"yoast-schema-graph\">{\"@context\":\"https:\/\/schema.org\",\"@graph\":[{\"@type\":\"WebPage\",\"@id\":\"http:\/\/www.artesaniaparis.com\/fr\/produit\/bougie-parfumee-200ml-douceur-des-iles\/\",\"url\":\"http:\/\/www.artesaniaparis.com\/fr\/produit\/bougie-parfumee-200ml-douceur-des-iles\/\",\"name\":\"Bougie parfum\u00e9e 200ml Douceur des \u00celes \u2013 MURI CREATIONS\",\"isPartOf\":{\"@id\":\"https:\/\/www.artesaniaparis.com\/#website\"},\"primaryImageOfPage\":{\"@id\":\"http:\/\/www.artesaniaparis.com\/fr\/produit\/bougie-parfumee-200ml-douceur-des-iles\/#primaryimage\"},\"image\":{\"@id\":\"http:\/\/www.artesaniaparis.com\/fr\/produit\/bougie-parfumee-200ml-douceur-des-iles\/#primaryimage\"},\"thumbnailUrl\":\"https:\/\/www.artesaniaparis.com\/wp-content\/uploads\/2025\/08\/7154f153a20f7a7a566151b86674a2b9388c7f7b141d28fe7a27b0220742c998-1.webp\",\"datePublished\":\"2025-08-19T08:56:41+00:00\",\"dateModified\":\"2025-10-25T09:36:25+00:00\",\"description\":\"Bougie parfum\u00e9e Douceur des \u00celes 200ml MURI CREATIONS. Parfum exotique, cire v\u00e9g\u00e9tale, design fleuri. Cr\u00e9ez une ambiance tropicale chaleureuse chez vous.\",\"breadcrumb\":{\"@id\":\"http:\/\/www.artesaniaparis.com\/fr\/produit\/bougie-parfumee-200ml-douceur-des-iles\/#breadcrumb\"},\"inLanguage\":\"fr-FR\",\"potentialAction\":[{\"@type\":\"ReadAction\",\"target\":[\"http:\/\/www.artesaniaparis.com\/fr\/produit\/bougie-parfumee-200ml-douceur-des-iles\/\"]}]},{\"@type\":\"ImageObject\",\"inLanguage\":\"fr-FR\",\"@id\":\"http:\/\/www.artesaniaparis.com\/fr\/produit\/bougie-parfumee-200ml-douceur-des-iles\/#primaryimage\",\"url\":\"https:\/\/www.artesaniaparis.com\/wp-content\/uploads\/2025\/08\/7154f153a20f7a7a566151b86674a2b9388c7f7b141d28fe7a27b0220742c998-1.webp\",\"contentUrl\":\"https:\/\/www.artesaniaparis.com\/wp-content\/uploads\/2025\/08\/7154f153a20f7a7a566151b86674a2b9388c7f7b141d28fe7a27b0220742c998-1.webp\",\"width\":720,\"height\":720},{\"@type\":\"BreadcrumbList\",\"@id\":\"http:\/\/www.artesaniaparis.com\/fr\/produit\/bougie-parfumee-200ml-douceur-des-iles\/#breadcrumb\",\"itemListElement\":[{\"@type\":\"ListItem\",\"position\":1,\"name\":\"Accueil\",\"item\":\"https:\/\/www.artesaniaparis.com\/fr\/\"},{\"@type\":\"ListItem\",\"position\":2,\"name\":\"Boutique\",\"item\":\"http:\/\/www.artesaniaparis.com\/fr\/boutique\/\"},{\"@type\":\"ListItem\",\"position\":3,\"name\":\"Bougie parfum\u00e9e 200ml Douceur des \u00celes\"}]},{\"@type\":\"WebSite\",\"@id\":\"https:\/\/www.artesaniaparis.com\/#website\",\"url\":\"https:\/\/www.artesaniaparis.com\/\",\"name\":\"Mitti\",\"description\":\"Une flamme, une \u00e9motion, un instant suspendu\",\"potentialAction\":[{\"@type\":\"SearchAction\",\"target\":{\"@type\":\"EntryPoint\",\"urlTemplate\":\"https:\/\/www.artesaniaparis.com\/?s={search_term_string}\"},\"query-input\":{\"@type\":\"PropertyValueSpecification\",\"valueRequired\":true,\"valueName\":\"search_term_string\"}}],\"inLanguage\":\"fr-FR\"}]}<\/script>\n<!-- \/ Yoast SEO plugin. -->","yoast_head_json":{"title":"Bougie parfum\u00e9e 200ml Douceur des \u00celes \u2013 MURI CREATIONS","description":"Bougie parfum\u00e9e Douceur des \u00celes 200ml MURI CREATIONS. Parfum exotique, cire v\u00e9g\u00e9tale, design fleuri. Cr\u00e9ez une ambiance tropicale chaleureuse chez vous.","robots":{"index":"index","follow":"follow","max-snippet":"max-snippet:-1","max-image-preview":"max-image-preview:large","max-video-preview":"max-video-preview:-1"},"canonical":"http:\/\/www.artesaniaparis.com\/fr\/produit\/bougie-parfumee-200ml-douceur-des-iles\/","og_locale":"fr_FR","og_type":"article","og_title":"Bougie parfum\u00e9e 200ml Douceur des \u00celes \u2013 MURI CREATIONS","og_description":"Bougie parfum\u00e9e Douceur des \u00celes 200ml MURI CREATIONS. Parfum exotique, cire v\u00e9g\u00e9tale, design fleuri. Cr\u00e9ez une ambiance tropicale chaleureuse chez vous.","og_url":"http:\/\/www.artesaniaparis.com\/fr\/produit\/bougie-parfumee-200ml-douceur-des-iles\/","og_site_name":"Mitti","article_modified_time":"2025-10-25T09:36:25+00:00","og_image":[{"width":720,"height":720,"url":"https:\/\/www.artesaniaparis.com\/wp-content\/uploads\/2025\/08\/7154f153a20f7a7a566151b86674a2b9388c7f7b141d28fe7a27b0220742c998-1.webp","type":"image\/webp"}],"twitter_card":"summary_large_image","twitter_misc":{"Dur\u00e9e de lecture estim\u00e9e":"1 minute"},"schema":{"@context":"https:\/\/schema.org","@graph":[{"@type":"WebPage","@id":"http:\/\/www.artesaniaparis.com\/fr\/produit\/bougie-parfumee-200ml-douceur-des-iles\/","url":"http:\/\/www.artesaniaparis.com\/fr\/produit\/bougie-parfumee-200ml-douceur-des-iles\/","name":"Bougie parfum\u00e9e 200ml Douceur des \u00celes \u2013 MURI CREATIONS","isPartOf":{"@id":"https:\/\/www.artesaniaparis.com\/#website"},"primaryImageOfPage":{"@id":"http:\/\/www.artesaniaparis.com\/fr\/produit\/bougie-parfumee-200ml-douceur-des-iles\/#primaryimage"},"image":{"@id":"http:\/\/www.artesaniaparis.com\/fr\/produit\/bougie-parfumee-200ml-douceur-des-iles\/#primaryimage"},"thumbnailUrl":"https:\/\/www.artesaniaparis.com\/wp-content\/uploads\/2025\/08\/7154f153a20f7a7a566151b86674a2b9388c7f7b141d28fe7a27b0220742c998-1.webp","datePublished":"2025-08-19T08:56:41+00:00","dateModified":"2025-10-25T09:36:25+00:00","description":"Bougie parfum\u00e9e Douceur des \u00celes 200ml MURI CREATIONS. Parfum exotique, cire v\u00e9g\u00e9tale, design fleuri. Cr\u00e9ez une ambiance tropicale chaleureuse chez vous.","breadcrumb":{"@id":"http:\/\/www.artesaniaparis.com\/fr\/produit\/bougie-parfumee-200ml-douceur-des-iles\/#breadcrumb"},"inLanguage":"fr-FR","potentialAction":[{"@type":"ReadAction","target":["http:\/\/www.artesaniaparis.com\/fr\/produit\/bougie-parfumee-200ml-douceur-des-iles\/"]}]},{"@type":"ImageObject","inLanguage":"fr-FR","@id":"http:\/\/www.artesaniaparis.com\/fr\/produit\/bougie-parfumee-200ml-douceur-des-iles\/#primaryimage","url":"https:\/\/www.artesaniaparis.com\/wp-content\/uploads\/2025\/08\/7154f153a20f7a7a566151b86674a2b9388c7f7b141d28fe7a27b0220742c998-1.webp","contentUrl":"https:\/\/www.artesaniaparis.com\/wp-content\/uploads\/2025\/08\/7154f153a20f7a7a566151b86674a2b9388c7f7b141d28fe7a27b0220742c998-1.webp","width":720,"height":720},{"@type":"BreadcrumbList","@id":"http:\/\/www.artesaniaparis.com\/fr\/produit\/bougie-parfumee-200ml-douceur-des-iles\/#breadcrumb","itemListElement":[{"@type":"ListItem","position":1,"name":"Accueil","item":"https:\/\/www.artesaniaparis.com\/fr\/"},{"@type":"ListItem","position":2,"name":"Boutique","item":"http:\/\/www.artesaniaparis.com\/fr\/boutique\/"},{"@type":"ListItem","position":3,"name":"Bougie parfum\u00e9e 200ml Douceur des \u00celes"}]},{"@type":"WebSite","@id":"https:\/\/www.artesaniaparis.com\/#website","url":"https:\/\/www.artesaniaparis.com\/","name":"Mitti","description":"Une flamme, une \u00e9motion, un instant suspendu","potentialAction":[{"@type":"SearchAction","target":{"@type":"EntryPoint","urlTemplate":"https:\/\/www.artesaniaparis.com\/?s={search_term_string}"},"query-input":{"@type":"PropertyValueSpecification","valueRequired":true,"valueName":"search_term_string"}}],"inLanguage":"fr-FR"}]}},"jetpack_sharing_enabled":true,"_links":{"self":[{"href":"https:\/\/www.artesaniaparis.com\/fr\/wp-json\/wp\/v2\/product\/1731","targetHints":{"allow":["GET"]}}],"collection":[{"href":"https:\/\/www.artesaniaparis.com\/fr\/wp-json\/wp\/v2\/product"}],"about":[{"href":"https:\/\/www.artesaniaparis.com\/fr\/wp-json\/wp\/v2\/types\/product"}],"replies":[{"embeddable":true,"href":"https:\/\/www.artesaniaparis.com\/fr\/wp-json\/wp\/v2\/comments?post=1731"}],"version-history":[{"count":1,"href":"https:\/\/www.artesaniaparis.com\/fr\/wp-json\/wp\/v2\/product\/1731\/revisions"}],"predecessor-version":[{"id":11900,"href":"https:\/\/www.artesaniaparis.com\/fr\/wp-json\/wp\/v2\/product\/1731\/revisions\/11900"}],"wp:featuredmedia":[{"embeddable":true,"href":"https:\/\/www.artesaniaparis.com\/fr\/wp-json\/wp\/v2\/media\/1820"}],"wp:attachment":[{"href":"https:\/\/www.artesaniaparis.com\/fr\/wp-json\/wp\/v2\/media?parent=1731"}],"wp:term":[{"taxonomy":"brand","embeddable":true,"href":"https:\/\/www.artesaniaparis.com\/fr\/wp-json\/wp\/v2\/brand?post=1731"},{"taxonomy":"product_brand","embeddable":true,"href":"https:\/\/www.artesaniaparis.com\/fr\/wp-json\/wp\/v2\/product_brand?post=1731"},{"taxonomy":"product_cat","embeddable":true,"href":"https:\/\/www.artesaniaparis.com\/fr\/wp-json\/wp\/v2\/product_cat?post=1731"},{"taxonomy":"product_tag","embeddable":true,"href":"https:\/\/www.artesaniaparis.com\/fr\/wp-json\/wp\/v2\/product_tag?post=1731"}],"curies":[{"name":"wp","href":"https:\/\/api.w.org\/{rel}","templated":true}]}}