{"id":1716,"date":"2025-08-19T10:56:07","date_gmt":"2025-08-19T08:56:07","guid":{"rendered":"https:\/\/www.artesaniaparis.com\/?post_type=product&#038;p=1716"},"modified":"2025-08-19T10:59:52","modified_gmt":"2025-08-19T08:59:52","slug":"skin-senteur-bougie-madeleine","status":"publish","type":"product","link":"https:\/\/www.artesaniaparis.com\/fr\/produit\/skin-senteur-bougie-madeleine\/","title":{"rendered":"Skin Senteur Bougie Madeleine"},"content":{"rendered":"<p style=\"text-align: center;\" data-start=\"768\" data-end=\"1106\">D\u00e9couvrez le flacon Skin Senteur Bougie Madeleine 27ml de Graine Cr\u00e9ative, con\u00e7u pour ajouter une touche d\u00e9licieusement gourmande \u00e0 vos cr\u00e9ations de bougies maison. Quelques gouttes suffisent pour impr\u00e9gner vos pr\u00e9parations d&#8217;un parfum r\u00e9confortant de madeleine, cr\u00e9ant ainsi une ambiance chaleureuse et accueillante dans votre int\u00e9rieur.<\/p>\n<p style=\"text-align: center;\" data-start=\"1108\" data-end=\"1349\">Fabriqu\u00e9 en France, ce parfum \u00e0 bougie est simple d&#8217;utilisation, se m\u00e9langeant facilement \u00e0 votre cire fondue avant le coulage. Attention, il est conseill\u00e9 de manipuler ce produit avec pr\u00e9caution pour \u00e9viter tout contact direct avec la peau.<\/p>\n<p style=\"text-align: center;\" data-start=\"1351\" data-end=\"1526\">Rendez vos bougies artisanales encore plus irr\u00e9sistibles avec ce parfum de madeleine, parfait pour compl\u00e9ter vos gammes de cr\u00e9ations ou offrir en compl\u00e9ment dans vos kits DIY.<\/p>\n","protected":false},"excerpt":{"rendered":"<p style=\"text-align: center;\">Parfumez vos bougies maison avec la senteur gourmande de madeleine gr\u00e2ce \u00e0 ce flacon Skin Senteur Bougie 27ml de Graine Cr\u00e9ative. Facile \u00e0 doser, id\u00e9al pour des bougies parfum\u00e9es d\u00e9licates.<\/p>\n","protected":false},"featured_media":1802,"comment_status":"open","ping_status":"closed","template":"","meta":[],"brand":[],"product_brand":[],"product_cat":[15],"product_tag":[258],"class_list":{"0":"post-1716","1":"product","2":"type-product","3":"status-publish","4":"has-post-thumbnail","6":"product_cat-non-classe","7":"product_tag-parfum-bougie-madeleine-fragrance-gourmande-bougie-parfum-cire-bougie-diy-madeleine-parfum-bougie-maison-fournitures-parfum-bougie","8":"left-slider","10":"first","11":"instock","12":"shipping-taxable","13":"purchasable","14":"product-type-simple"},"yoast_head":"<!-- This site is optimized with the Yoast SEO plugin v26.9 - https:\/\/yoast.com\/product\/yoast-seo-wordpress\/ -->\n<title>Skin Senteur Bougie Madeleine 27ml - Graine Cr\u00e9ative<\/title>\n<meta name=\"description\" content=\"Ajoutez un parfum de madeleine \u00e0 vos cr\u00e9ations gr\u00e2ce \u00e0 ce flacon Skin Senteur Bougie 27ml Graine Cr\u00e9ative, parfait pour parfumer vos bougies maison. Fabrication fran\u00e7aise, pratique et gourmand.\" \/>\n<meta name=\"robots\" content=\"index, follow, max-snippet:-1, max-image-preview:large, max-video-preview:-1\" \/>\n<link rel=\"canonical\" href=\"http:\/\/www.artesaniaparis.com\/fr\/produit\/skin-senteur-bougie-madeleine\/\" \/>\n<meta property=\"og:locale\" content=\"fr_FR\" \/>\n<meta property=\"og:type\" content=\"article\" \/>\n<meta property=\"og:title\" content=\"Skin Senteur Bougie Madeleine 27ml - Graine Cr\u00e9ative\" \/>\n<meta property=\"og:description\" content=\"Ajoutez un parfum de madeleine \u00e0 vos cr\u00e9ations gr\u00e2ce \u00e0 ce flacon Skin Senteur Bougie 27ml Graine Cr\u00e9ative, parfait pour parfumer vos bougies maison. Fabrication fran\u00e7aise, pratique et gourmand.\" \/>\n<meta property=\"og:url\" content=\"http:\/\/www.artesaniaparis.com\/fr\/produit\/skin-senteur-bougie-madeleine\/\" \/>\n<meta property=\"og:site_name\" content=\"Mitti\" \/>\n<meta property=\"article:modified_time\" content=\"2025-08-19T08:59:52+00:00\" \/>\n<meta property=\"og:image\" content=\"https:\/\/www.artesaniaparis.com\/wp-content\/uploads\/2025\/08\/a2cdd12142f2c6bd6004f914c241321ae1d7f9e0c57e16eda74638068c709520.webp\" \/>\n\t<meta property=\"og:image:width\" content=\"720\" \/>\n\t<meta property=\"og:image:height\" content=\"720\" \/>\n\t<meta property=\"og:image:type\" content=\"image\/webp\" \/>\n<meta name=\"twitter:card\" content=\"summary_large_image\" \/>\n<meta name=\"twitter:label1\" content=\"Dur\u00e9e de lecture estim\u00e9e\" \/>\n\t<meta name=\"twitter:data1\" content=\"1 minute\" \/>\n<script type=\"application\/ld+json\" class=\"yoast-schema-graph\">{\"@context\":\"https:\/\/schema.org\",\"@graph\":[{\"@type\":\"WebPage\",\"@id\":\"http:\/\/www.artesaniaparis.com\/fr\/produit\/skin-senteur-bougie-madeleine\/\",\"url\":\"http:\/\/www.artesaniaparis.com\/fr\/produit\/skin-senteur-bougie-madeleine\/\",\"name\":\"Skin Senteur Bougie Madeleine 27ml - Graine Cr\u00e9ative\",\"isPartOf\":{\"@id\":\"https:\/\/www.artesaniaparis.com\/#website\"},\"primaryImageOfPage\":{\"@id\":\"http:\/\/www.artesaniaparis.com\/fr\/produit\/skin-senteur-bougie-madeleine\/#primaryimage\"},\"image\":{\"@id\":\"http:\/\/www.artesaniaparis.com\/fr\/produit\/skin-senteur-bougie-madeleine\/#primaryimage\"},\"thumbnailUrl\":\"https:\/\/www.artesaniaparis.com\/wp-content\/uploads\/2025\/08\/a2cdd12142f2c6bd6004f914c241321ae1d7f9e0c57e16eda74638068c709520.webp\",\"datePublished\":\"2025-08-19T08:56:07+00:00\",\"dateModified\":\"2025-08-19T08:59:52+00:00\",\"description\":\"Ajoutez un parfum de madeleine \u00e0 vos cr\u00e9ations gr\u00e2ce \u00e0 ce flacon Skin Senteur Bougie 27ml Graine Cr\u00e9ative, parfait pour parfumer vos bougies maison. Fabrication fran\u00e7aise, pratique et gourmand.\",\"breadcrumb\":{\"@id\":\"http:\/\/www.artesaniaparis.com\/fr\/produit\/skin-senteur-bougie-madeleine\/#breadcrumb\"},\"inLanguage\":\"fr-FR\",\"potentialAction\":[{\"@type\":\"ReadAction\",\"target\":[\"http:\/\/www.artesaniaparis.com\/fr\/produit\/skin-senteur-bougie-madeleine\/\"]}]},{\"@type\":\"ImageObject\",\"inLanguage\":\"fr-FR\",\"@id\":\"http:\/\/www.artesaniaparis.com\/fr\/produit\/skin-senteur-bougie-madeleine\/#primaryimage\",\"url\":\"https:\/\/www.artesaniaparis.com\/wp-content\/uploads\/2025\/08\/a2cdd12142f2c6bd6004f914c241321ae1d7f9e0c57e16eda74638068c709520.webp\",\"contentUrl\":\"https:\/\/www.artesaniaparis.com\/wp-content\/uploads\/2025\/08\/a2cdd12142f2c6bd6004f914c241321ae1d7f9e0c57e16eda74638068c709520.webp\",\"width\":720,\"height\":720},{\"@type\":\"BreadcrumbList\",\"@id\":\"http:\/\/www.artesaniaparis.com\/fr\/produit\/skin-senteur-bougie-madeleine\/#breadcrumb\",\"itemListElement\":[{\"@type\":\"ListItem\",\"position\":1,\"name\":\"Accueil\",\"item\":\"https:\/\/www.artesaniaparis.com\/fr\/\"},{\"@type\":\"ListItem\",\"position\":2,\"name\":\"Boutique\",\"item\":\"http:\/\/www.artesaniaparis.com\/fr\/boutique\/\"},{\"@type\":\"ListItem\",\"position\":3,\"name\":\"Skin Senteur Bougie Madeleine\"}]},{\"@type\":\"WebSite\",\"@id\":\"https:\/\/www.artesaniaparis.com\/#website\",\"url\":\"https:\/\/www.artesaniaparis.com\/\",\"name\":\"Mitti\",\"description\":\"Une flamme, une \u00e9motion, un instant suspendu\",\"potentialAction\":[{\"@type\":\"SearchAction\",\"target\":{\"@type\":\"EntryPoint\",\"urlTemplate\":\"https:\/\/www.artesaniaparis.com\/?s={search_term_string}\"},\"query-input\":{\"@type\":\"PropertyValueSpecification\",\"valueRequired\":true,\"valueName\":\"search_term_string\"}}],\"inLanguage\":\"fr-FR\"}]}<\/script>\n<!-- \/ Yoast SEO plugin. -->","yoast_head_json":{"title":"Skin Senteur Bougie Madeleine 27ml - Graine Cr\u00e9ative","description":"Ajoutez un parfum de madeleine \u00e0 vos cr\u00e9ations gr\u00e2ce \u00e0 ce flacon Skin Senteur Bougie 27ml Graine Cr\u00e9ative, parfait pour parfumer vos bougies maison. Fabrication fran\u00e7aise, pratique et gourmand.","robots":{"index":"index","follow":"follow","max-snippet":"max-snippet:-1","max-image-preview":"max-image-preview:large","max-video-preview":"max-video-preview:-1"},"canonical":"http:\/\/www.artesaniaparis.com\/fr\/produit\/skin-senteur-bougie-madeleine\/","og_locale":"fr_FR","og_type":"article","og_title":"Skin Senteur Bougie Madeleine 27ml - Graine Cr\u00e9ative","og_description":"Ajoutez un parfum de madeleine \u00e0 vos cr\u00e9ations gr\u00e2ce \u00e0 ce flacon Skin Senteur Bougie 27ml Graine Cr\u00e9ative, parfait pour parfumer vos bougies maison. Fabrication fran\u00e7aise, pratique et gourmand.","og_url":"http:\/\/www.artesaniaparis.com\/fr\/produit\/skin-senteur-bougie-madeleine\/","og_site_name":"Mitti","article_modified_time":"2025-08-19T08:59:52+00:00","og_image":[{"width":720,"height":720,"url":"https:\/\/www.artesaniaparis.com\/wp-content\/uploads\/2025\/08\/a2cdd12142f2c6bd6004f914c241321ae1d7f9e0c57e16eda74638068c709520.webp","type":"image\/webp"}],"twitter_card":"summary_large_image","twitter_misc":{"Dur\u00e9e de lecture estim\u00e9e":"1 minute"},"schema":{"@context":"https:\/\/schema.org","@graph":[{"@type":"WebPage","@id":"http:\/\/www.artesaniaparis.com\/fr\/produit\/skin-senteur-bougie-madeleine\/","url":"http:\/\/www.artesaniaparis.com\/fr\/produit\/skin-senteur-bougie-madeleine\/","name":"Skin Senteur Bougie Madeleine 27ml - Graine Cr\u00e9ative","isPartOf":{"@id":"https:\/\/www.artesaniaparis.com\/#website"},"primaryImageOfPage":{"@id":"http:\/\/www.artesaniaparis.com\/fr\/produit\/skin-senteur-bougie-madeleine\/#primaryimage"},"image":{"@id":"http:\/\/www.artesaniaparis.com\/fr\/produit\/skin-senteur-bougie-madeleine\/#primaryimage"},"thumbnailUrl":"https:\/\/www.artesaniaparis.com\/wp-content\/uploads\/2025\/08\/a2cdd12142f2c6bd6004f914c241321ae1d7f9e0c57e16eda74638068c709520.webp","datePublished":"2025-08-19T08:56:07+00:00","dateModified":"2025-08-19T08:59:52+00:00","description":"Ajoutez un parfum de madeleine \u00e0 vos cr\u00e9ations gr\u00e2ce \u00e0 ce flacon Skin Senteur Bougie 27ml Graine Cr\u00e9ative, parfait pour parfumer vos bougies maison. Fabrication fran\u00e7aise, pratique et gourmand.","breadcrumb":{"@id":"http:\/\/www.artesaniaparis.com\/fr\/produit\/skin-senteur-bougie-madeleine\/#breadcrumb"},"inLanguage":"fr-FR","potentialAction":[{"@type":"ReadAction","target":["http:\/\/www.artesaniaparis.com\/fr\/produit\/skin-senteur-bougie-madeleine\/"]}]},{"@type":"ImageObject","inLanguage":"fr-FR","@id":"http:\/\/www.artesaniaparis.com\/fr\/produit\/skin-senteur-bougie-madeleine\/#primaryimage","url":"https:\/\/www.artesaniaparis.com\/wp-content\/uploads\/2025\/08\/a2cdd12142f2c6bd6004f914c241321ae1d7f9e0c57e16eda74638068c709520.webp","contentUrl":"https:\/\/www.artesaniaparis.com\/wp-content\/uploads\/2025\/08\/a2cdd12142f2c6bd6004f914c241321ae1d7f9e0c57e16eda74638068c709520.webp","width":720,"height":720},{"@type":"BreadcrumbList","@id":"http:\/\/www.artesaniaparis.com\/fr\/produit\/skin-senteur-bougie-madeleine\/#breadcrumb","itemListElement":[{"@type":"ListItem","position":1,"name":"Accueil","item":"https:\/\/www.artesaniaparis.com\/fr\/"},{"@type":"ListItem","position":2,"name":"Boutique","item":"http:\/\/www.artesaniaparis.com\/fr\/boutique\/"},{"@type":"ListItem","position":3,"name":"Skin Senteur Bougie Madeleine"}]},{"@type":"WebSite","@id":"https:\/\/www.artesaniaparis.com\/#website","url":"https:\/\/www.artesaniaparis.com\/","name":"Mitti","description":"Une flamme, une \u00e9motion, un instant suspendu","potentialAction":[{"@type":"SearchAction","target":{"@type":"EntryPoint","urlTemplate":"https:\/\/www.artesaniaparis.com\/?s={search_term_string}"},"query-input":{"@type":"PropertyValueSpecification","valueRequired":true,"valueName":"search_term_string"}}],"inLanguage":"fr-FR"}]}},"jetpack_sharing_enabled":true,"_links":{"self":[{"href":"https:\/\/www.artesaniaparis.com\/fr\/wp-json\/wp\/v2\/product\/1716","targetHints":{"allow":["GET"]}}],"collection":[{"href":"https:\/\/www.artesaniaparis.com\/fr\/wp-json\/wp\/v2\/product"}],"about":[{"href":"https:\/\/www.artesaniaparis.com\/fr\/wp-json\/wp\/v2\/types\/product"}],"replies":[{"embeddable":true,"href":"https:\/\/www.artesaniaparis.com\/fr\/wp-json\/wp\/v2\/comments?post=1716"}],"version-history":[{"count":0,"href":"https:\/\/www.artesaniaparis.com\/fr\/wp-json\/wp\/v2\/product\/1716\/revisions"}],"wp:featuredmedia":[{"embeddable":true,"href":"https:\/\/www.artesaniaparis.com\/fr\/wp-json\/wp\/v2\/media\/1802"}],"wp:attachment":[{"href":"https:\/\/www.artesaniaparis.com\/fr\/wp-json\/wp\/v2\/media?parent=1716"}],"wp:term":[{"taxonomy":"brand","embeddable":true,"href":"https:\/\/www.artesaniaparis.com\/fr\/wp-json\/wp\/v2\/brand?post=1716"},{"taxonomy":"product_brand","embeddable":true,"href":"https:\/\/www.artesaniaparis.com\/fr\/wp-json\/wp\/v2\/product_brand?post=1716"},{"taxonomy":"product_cat","embeddable":true,"href":"https:\/\/www.artesaniaparis.com\/fr\/wp-json\/wp\/v2\/product_cat?post=1716"},{"taxonomy":"product_tag","embeddable":true,"href":"https:\/\/www.artesaniaparis.com\/fr\/wp-json\/wp\/v2\/product_tag?post=1716"}],"curies":[{"name":"wp","href":"https:\/\/api.w.org\/{rel}","templated":true}]}}