{"id":1679,"date":"2025-08-19T10:54:36","date_gmt":"2025-08-19T08:54:36","guid":{"rendered":"https:\/\/www.artesaniaparis.com\/?post_type=product&#038;p=1679"},"modified":"2025-08-19T10:57:58","modified_gmt":"2025-08-19T08:57:58","slug":"bougie-gourmande-noix-de-coco","status":"publish","type":"product","link":"https:\/\/www.artesaniaparis.com\/fr\/produit\/bougie-gourmande-noix-de-coco\/","title":{"rendered":"Bougie Gourmande Noix de Coco"},"content":{"rendered":"<p style=\"text-align: center;\" data-start=\"327\" data-end=\"681\">Plongez dans une atmosph\u00e8re tropicale avec cette <strong data-start=\"376\" data-end=\"409\">bougie gourmande Noix de Coco<\/strong>, fa\u00e7onn\u00e9e \u00e0 la main en France avec un soin minutieux. Son parfum d\u00e9licat marie des notes de <strong data-start=\"502\" data-end=\"519\">p\u00eache juteuse<\/strong>, d\u2019<strong data-start=\"523\" data-end=\"539\">amande douce<\/strong> et de <strong data-start=\"546\" data-end=\"571\">noix de coco cr\u00e9meuse<\/strong>, rehauss\u00e9es d\u2019un accord de <strong data-start=\"599\" data-end=\"610\">vanille<\/strong> et de <strong data-start=\"617\" data-end=\"628\">caramel<\/strong>, pour une touche \u00e0 la fois fruit\u00e9e et r\u00e9confortante.<\/p>\n<p style=\"text-align: center;\" data-start=\"683\" data-end=\"985\">Cette bougie est coul\u00e9e dans une cire de <strong data-start=\"724\" data-end=\"747\">tournesol naturelle<\/strong>, sans CMR, sans phtalate, et lib\u00e8re une combustion saine et propre. Chaque d\u00e9tail est pens\u00e9 : une m\u00e8che en coton, un design travaill\u00e9 avec une d\u00e9coupe vitr\u00e9e en forme de f\u00e9e pour d\u00e9voiler son contenu, et un packaging recyclable &amp; r\u00e9duit.<\/p>\n<p style=\"text-align: center;\" data-start=\"987\" data-end=\"1268\">Fabriqu\u00e9e en France, elle incarne un engagement clair pour un <strong data-start=\"1049\" data-end=\"1078\">approvisionnement \u00e9thique<\/strong>, un transport \u00e0 faible impact, et des mat\u00e9riaux <strong data-start=\"1127\" data-end=\"1145\">sans plastique<\/strong> &amp; <strong data-start=\"1148\" data-end=\"1157\">v\u00e9gan<\/strong>. Id\u00e9ale pour un moment cocooning, pour offrir ou pour sublimer votre int\u00e9rieur d\u2019une note d\u2019\u00e9vasion tropicale.<\/p>\n<p style=\"text-align: center;\" data-start=\"1270\" data-end=\"1300\"><strong data-start=\"1270\" data-end=\"1294\">Dur\u00e9e de diffusion :<\/strong> ~30 h<\/p>\n","protected":false},"excerpt":{"rendered":"<p>Plongez dans une atmosph\u00e8re tropicale avec cette bougie gourmande Noix de Coco, fa\u00e7onn\u00e9e \u00e0 la main en France avec un [&hellip;]<\/p>\n","protected":false},"featured_media":1758,"comment_status":"open","ping_status":"closed","template":"","meta":[],"brand":[],"product_brand":[],"product_cat":[473],"product_tag":[232],"class_list":{"0":"post-1679","1":"product","2":"type-product","3":"status-publish","4":"has-post-thumbnail","6":"product_cat-bougies-gourmandes","7":"product_tag-bougies-gourmandes-bougies-artisanales-bougies-parfumees-deco-cocooning","8":"left-slider","10":"first","11":"instock","12":"shipping-taxable","13":"purchasable","14":"product-type-simple"},"yoast_head":"<!-- This site is optimized with the Yoast SEO plugin v26.9 - https:\/\/yoast.com\/product\/yoast-seo-wordpress\/ -->\n<title>Bougie Gourmande Noix de Coco \u2013 Bougie Artisanale Fruits Exotiques &amp; \u00c9co-responsable<\/title>\n<meta name=\"description\" content=\"D\u00e9couvrez notre bougie gourmande Noix de Coco artisanale : p\u00eache, amande &amp; vanille, \u00e9co-responsable, sans plastique &amp; v\u00e9gane\" \/>\n<meta name=\"robots\" content=\"index, follow, max-snippet:-1, max-image-preview:large, max-video-preview:-1\" \/>\n<link rel=\"canonical\" href=\"http:\/\/www.artesaniaparis.com\/fr\/produit\/bougie-gourmande-noix-de-coco\/\" \/>\n<meta property=\"og:locale\" content=\"fr_FR\" \/>\n<meta property=\"og:type\" content=\"article\" \/>\n<meta property=\"og:title\" content=\"Bougie Gourmande Noix de Coco \u2013 Bougie Artisanale Fruits Exotiques &amp; \u00c9co-responsable\" \/>\n<meta property=\"og:description\" content=\"D\u00e9couvrez notre bougie gourmande Noix de Coco artisanale : p\u00eache, amande &amp; vanille, \u00e9co-responsable, sans plastique &amp; v\u00e9gane\" \/>\n<meta property=\"og:url\" content=\"http:\/\/www.artesaniaparis.com\/fr\/produit\/bougie-gourmande-noix-de-coco\/\" \/>\n<meta property=\"og:site_name\" content=\"Mitti\" \/>\n<meta property=\"article:modified_time\" content=\"2025-08-19T08:57:58+00:00\" \/>\n<meta property=\"og:image\" content=\"https:\/\/www.artesaniaparis.com\/wp-content\/uploads\/2025\/08\/54baae54618af519012f0f2465a7143fcb301809626367ede9d37097ad910b02.webp\" \/>\n\t<meta property=\"og:image:width\" content=\"720\" \/>\n\t<meta property=\"og:image:height\" content=\"720\" \/>\n\t<meta property=\"og:image:type\" content=\"image\/webp\" \/>\n<meta name=\"twitter:card\" content=\"summary_large_image\" \/>\n<meta name=\"twitter:label1\" content=\"Dur\u00e9e de lecture estim\u00e9e\" \/>\n\t<meta name=\"twitter:data1\" content=\"1 minute\" \/>\n<script type=\"application\/ld+json\" class=\"yoast-schema-graph\">{\"@context\":\"https:\/\/schema.org\",\"@graph\":[{\"@type\":\"WebPage\",\"@id\":\"http:\/\/www.artesaniaparis.com\/fr\/produit\/bougie-gourmande-noix-de-coco\/\",\"url\":\"http:\/\/www.artesaniaparis.com\/fr\/produit\/bougie-gourmande-noix-de-coco\/\",\"name\":\"Bougie Gourmande Noix de Coco \u2013 Bougie Artisanale Fruits Exotiques &amp; \u00c9co-responsable\",\"isPartOf\":{\"@id\":\"https:\/\/www.artesaniaparis.com\/#website\"},\"primaryImageOfPage\":{\"@id\":\"http:\/\/www.artesaniaparis.com\/fr\/produit\/bougie-gourmande-noix-de-coco\/#primaryimage\"},\"image\":{\"@id\":\"http:\/\/www.artesaniaparis.com\/fr\/produit\/bougie-gourmande-noix-de-coco\/#primaryimage\"},\"thumbnailUrl\":\"https:\/\/www.artesaniaparis.com\/wp-content\/uploads\/2025\/08\/54baae54618af519012f0f2465a7143fcb301809626367ede9d37097ad910b02.webp\",\"datePublished\":\"2025-08-19T08:54:36+00:00\",\"dateModified\":\"2025-08-19T08:57:58+00:00\",\"description\":\"D\u00e9couvrez notre bougie gourmande Noix de Coco artisanale : p\u00eache, amande &amp; vanille, \u00e9co-responsable, sans plastique &amp; v\u00e9gane\",\"breadcrumb\":{\"@id\":\"http:\/\/www.artesaniaparis.com\/fr\/produit\/bougie-gourmande-noix-de-coco\/#breadcrumb\"},\"inLanguage\":\"fr-FR\",\"potentialAction\":[{\"@type\":\"ReadAction\",\"target\":[\"http:\/\/www.artesaniaparis.com\/fr\/produit\/bougie-gourmande-noix-de-coco\/\"]}]},{\"@type\":\"ImageObject\",\"inLanguage\":\"fr-FR\",\"@id\":\"http:\/\/www.artesaniaparis.com\/fr\/produit\/bougie-gourmande-noix-de-coco\/#primaryimage\",\"url\":\"https:\/\/www.artesaniaparis.com\/wp-content\/uploads\/2025\/08\/54baae54618af519012f0f2465a7143fcb301809626367ede9d37097ad910b02.webp\",\"contentUrl\":\"https:\/\/www.artesaniaparis.com\/wp-content\/uploads\/2025\/08\/54baae54618af519012f0f2465a7143fcb301809626367ede9d37097ad910b02.webp\",\"width\":720,\"height\":720},{\"@type\":\"BreadcrumbList\",\"@id\":\"http:\/\/www.artesaniaparis.com\/fr\/produit\/bougie-gourmande-noix-de-coco\/#breadcrumb\",\"itemListElement\":[{\"@type\":\"ListItem\",\"position\":1,\"name\":\"Accueil\",\"item\":\"https:\/\/www.artesaniaparis.com\/fr\/\"},{\"@type\":\"ListItem\",\"position\":2,\"name\":\"Boutique\",\"item\":\"http:\/\/www.artesaniaparis.com\/fr\/boutique\/\"},{\"@type\":\"ListItem\",\"position\":3,\"name\":\"Bougie Gourmande Noix de Coco\"}]},{\"@type\":\"WebSite\",\"@id\":\"https:\/\/www.artesaniaparis.com\/#website\",\"url\":\"https:\/\/www.artesaniaparis.com\/\",\"name\":\"Mitti\",\"description\":\"Une flamme, une \u00e9motion, un instant suspendu\",\"potentialAction\":[{\"@type\":\"SearchAction\",\"target\":{\"@type\":\"EntryPoint\",\"urlTemplate\":\"https:\/\/www.artesaniaparis.com\/?s={search_term_string}\"},\"query-input\":{\"@type\":\"PropertyValueSpecification\",\"valueRequired\":true,\"valueName\":\"search_term_string\"}}],\"inLanguage\":\"fr-FR\"}]}<\/script>\n<!-- \/ Yoast SEO plugin. -->","yoast_head_json":{"title":"Bougie Gourmande Noix de Coco \u2013 Bougie Artisanale Fruits Exotiques &amp; \u00c9co-responsable","description":"D\u00e9couvrez notre bougie gourmande Noix de Coco artisanale : p\u00eache, amande &amp; vanille, \u00e9co-responsable, sans plastique &amp; v\u00e9gane","robots":{"index":"index","follow":"follow","max-snippet":"max-snippet:-1","max-image-preview":"max-image-preview:large","max-video-preview":"max-video-preview:-1"},"canonical":"http:\/\/www.artesaniaparis.com\/fr\/produit\/bougie-gourmande-noix-de-coco\/","og_locale":"fr_FR","og_type":"article","og_title":"Bougie Gourmande Noix de Coco \u2013 Bougie Artisanale Fruits Exotiques &amp; \u00c9co-responsable","og_description":"D\u00e9couvrez notre bougie gourmande Noix de Coco artisanale : p\u00eache, amande &amp; vanille, \u00e9co-responsable, sans plastique &amp; v\u00e9gane","og_url":"http:\/\/www.artesaniaparis.com\/fr\/produit\/bougie-gourmande-noix-de-coco\/","og_site_name":"Mitti","article_modified_time":"2025-08-19T08:57:58+00:00","og_image":[{"width":720,"height":720,"url":"https:\/\/www.artesaniaparis.com\/wp-content\/uploads\/2025\/08\/54baae54618af519012f0f2465a7143fcb301809626367ede9d37097ad910b02.webp","type":"image\/webp"}],"twitter_card":"summary_large_image","twitter_misc":{"Dur\u00e9e de lecture estim\u00e9e":"1 minute"},"schema":{"@context":"https:\/\/schema.org","@graph":[{"@type":"WebPage","@id":"http:\/\/www.artesaniaparis.com\/fr\/produit\/bougie-gourmande-noix-de-coco\/","url":"http:\/\/www.artesaniaparis.com\/fr\/produit\/bougie-gourmande-noix-de-coco\/","name":"Bougie Gourmande Noix de Coco \u2013 Bougie Artisanale Fruits Exotiques &amp; \u00c9co-responsable","isPartOf":{"@id":"https:\/\/www.artesaniaparis.com\/#website"},"primaryImageOfPage":{"@id":"http:\/\/www.artesaniaparis.com\/fr\/produit\/bougie-gourmande-noix-de-coco\/#primaryimage"},"image":{"@id":"http:\/\/www.artesaniaparis.com\/fr\/produit\/bougie-gourmande-noix-de-coco\/#primaryimage"},"thumbnailUrl":"https:\/\/www.artesaniaparis.com\/wp-content\/uploads\/2025\/08\/54baae54618af519012f0f2465a7143fcb301809626367ede9d37097ad910b02.webp","datePublished":"2025-08-19T08:54:36+00:00","dateModified":"2025-08-19T08:57:58+00:00","description":"D\u00e9couvrez notre bougie gourmande Noix de Coco artisanale : p\u00eache, amande &amp; vanille, \u00e9co-responsable, sans plastique &amp; v\u00e9gane","breadcrumb":{"@id":"http:\/\/www.artesaniaparis.com\/fr\/produit\/bougie-gourmande-noix-de-coco\/#breadcrumb"},"inLanguage":"fr-FR","potentialAction":[{"@type":"ReadAction","target":["http:\/\/www.artesaniaparis.com\/fr\/produit\/bougie-gourmande-noix-de-coco\/"]}]},{"@type":"ImageObject","inLanguage":"fr-FR","@id":"http:\/\/www.artesaniaparis.com\/fr\/produit\/bougie-gourmande-noix-de-coco\/#primaryimage","url":"https:\/\/www.artesaniaparis.com\/wp-content\/uploads\/2025\/08\/54baae54618af519012f0f2465a7143fcb301809626367ede9d37097ad910b02.webp","contentUrl":"https:\/\/www.artesaniaparis.com\/wp-content\/uploads\/2025\/08\/54baae54618af519012f0f2465a7143fcb301809626367ede9d37097ad910b02.webp","width":720,"height":720},{"@type":"BreadcrumbList","@id":"http:\/\/www.artesaniaparis.com\/fr\/produit\/bougie-gourmande-noix-de-coco\/#breadcrumb","itemListElement":[{"@type":"ListItem","position":1,"name":"Accueil","item":"https:\/\/www.artesaniaparis.com\/fr\/"},{"@type":"ListItem","position":2,"name":"Boutique","item":"http:\/\/www.artesaniaparis.com\/fr\/boutique\/"},{"@type":"ListItem","position":3,"name":"Bougie Gourmande Noix de Coco"}]},{"@type":"WebSite","@id":"https:\/\/www.artesaniaparis.com\/#website","url":"https:\/\/www.artesaniaparis.com\/","name":"Mitti","description":"Une flamme, une \u00e9motion, un instant suspendu","potentialAction":[{"@type":"SearchAction","target":{"@type":"EntryPoint","urlTemplate":"https:\/\/www.artesaniaparis.com\/?s={search_term_string}"},"query-input":{"@type":"PropertyValueSpecification","valueRequired":true,"valueName":"search_term_string"}}],"inLanguage":"fr-FR"}]}},"jetpack_sharing_enabled":true,"_links":{"self":[{"href":"https:\/\/www.artesaniaparis.com\/fr\/wp-json\/wp\/v2\/product\/1679","targetHints":{"allow":["GET"]}}],"collection":[{"href":"https:\/\/www.artesaniaparis.com\/fr\/wp-json\/wp\/v2\/product"}],"about":[{"href":"https:\/\/www.artesaniaparis.com\/fr\/wp-json\/wp\/v2\/types\/product"}],"replies":[{"embeddable":true,"href":"https:\/\/www.artesaniaparis.com\/fr\/wp-json\/wp\/v2\/comments?post=1679"}],"version-history":[{"count":0,"href":"https:\/\/www.artesaniaparis.com\/fr\/wp-json\/wp\/v2\/product\/1679\/revisions"}],"wp:featuredmedia":[{"embeddable":true,"href":"https:\/\/www.artesaniaparis.com\/fr\/wp-json\/wp\/v2\/media\/1758"}],"wp:attachment":[{"href":"https:\/\/www.artesaniaparis.com\/fr\/wp-json\/wp\/v2\/media?parent=1679"}],"wp:term":[{"taxonomy":"brand","embeddable":true,"href":"https:\/\/www.artesaniaparis.com\/fr\/wp-json\/wp\/v2\/brand?post=1679"},{"taxonomy":"product_brand","embeddable":true,"href":"https:\/\/www.artesaniaparis.com\/fr\/wp-json\/wp\/v2\/product_brand?post=1679"},{"taxonomy":"product_cat","embeddable":true,"href":"https:\/\/www.artesaniaparis.com\/fr\/wp-json\/wp\/v2\/product_cat?post=1679"},{"taxonomy":"product_tag","embeddable":true,"href":"https:\/\/www.artesaniaparis.com\/fr\/wp-json\/wp\/v2\/product_tag?post=1679"}],"curies":[{"name":"wp","href":"https:\/\/api.w.org\/{rel}","templated":true}]}}