{"id":1669,"date":"2025-08-19T10:54:08","date_gmt":"2025-08-19T08:54:08","guid":{"rendered":"https:\/\/www.artesaniaparis.com\/?post_type=product&#038;p=1669"},"modified":"2026-03-03T09:38:30","modified_gmt":"2026-03-03T08:38:30","slug":"bougie-bijou-citron-meringue","status":"publish","type":"product","link":"https:\/\/www.artesaniaparis.com\/fr\/produit\/bougie-bijou-citron-meringue\/","title":{"rendered":"bougie bijou citron meringu\u00e9"},"content":{"rendered":"<p style=\"text-align: center;\" data-start=\"846\" data-end=\"1205\"><strong data-start=\"846\" data-end=\"1205\">Apportez une note de gourmandise et de raffinement \u00e0 votre int\u00e9rieur avec notre Bougie Bijou Gourmande Citron Meringu\u00e9 \u2013 \u00c9dition \u00c9t\u00e9. Fabriqu\u00e9e artisanalement en France, cette bougie d\u00e9licatement parfum\u00e9e au citron meringu\u00e9, gr\u00e2ce \u00e0 un v\u00e9ritable parfum de Grasse, embaume vos espaces de notes acidul\u00e9es et sucr\u00e9es pour une ambiance estivale et p\u00e9tillante.<\/strong><\/p>\n<p style=\"text-align: center;\" data-start=\"1207\" data-end=\"1455\">Chaque bougie cache un <strong data-start=\"1230\" data-end=\"1246\">bijou unique<\/strong> soigneusement emball\u00e9, faisant de chaque allumage une d\u00e9couverte pr\u00e9cieuse. Le bijou est pr\u00e9sent\u00e9 dans une \u00e9l\u00e9gante bo\u00eete bijou accompagnant la bougie, parfaite pour offrir en cadeau ou pour se faire plaisir.<\/p>\n<p style=\"text-align: center;\" data-start=\"1457\" data-end=\"1779\">La cire v\u00e9g\u00e9tale de haute qualit\u00e9 assure une combustion lente et propre, garantissant jusqu&#8217;\u00e0 <strong data-start=\"1551\" data-end=\"1574\">30 heures de parfum<\/strong> durable. Sans plastique, v\u00e9gane, et respectueuse de l&#8217;environnement, cette bougie se distingue par son emballage recyclable et r\u00e9duit ainsi qu\u2019un approvisionnement \u00e9thique \u00e0 faible impact environnemental.<\/p>\n<p style=\"text-align: center;\" data-start=\"1781\" data-end=\"1988\">Id\u00e9ale pour offrir lors d&#8217;un anniversaire, d&#8217;une f\u00eate ou comme attention sp\u00e9ciale, cette bougie bijou citron meringu\u00e9 deviendra un incontournable pour vos clients recherchant un <strong data-start=\"1959\" data-end=\"1987\">cadeau unique et raffin\u00e9<\/strong>.<\/p>\n","protected":false},"excerpt":{"rendered":"<p style=\"text-align: center;\">Savourez un moment estival avec cette bougie bijou citron meringu\u00e9 artisanale, fabriqu\u00e9e en France, d\u00e9livrant un parfum de Grasse d\u00e9licat, tout en d\u00e9couvrant un bijou unique \u00e0 l\u2019int\u00e9rieur. Cadeau parfait.<\/p>\n","protected":false},"featured_media":1755,"comment_status":"open","ping_status":"closed","template":"","meta":[],"brand":[],"product_brand":[],"product_cat":[475],"product_tag":[223],"class_list":{"0":"post-1669","1":"product","2":"type-product","3":"status-publish","4":"has-post-thumbnail","6":"product_cat-editions-limitees","7":"product_tag-bougie-bijou-bougie-parfumee-citron-meringue-bijou-surprise-fabriquee-en-france-ecoresponsable-cire-vegetale-parfum-de-grasse-idee-cadeau-ete","8":"left-slider","10":"first","11":"instock","12":"shipping-taxable","13":"purchasable","14":"product-type-simple"},"yoast_head":"<!-- This site is optimized with the Yoast SEO plugin v26.9 - https:\/\/yoast.com\/product\/yoast-seo-wordpress\/ -->\n<title>Bougie Bijou Citron Meringu\u00e9 \u2013 \u00c9dition \u00c9t\u00e9 Artisanale &amp; Gourmande \u2013 Cadeau Bijou Parfum\u00e9<\/title>\n<meta name=\"description\" content=\"Offrez-vous un instant de gourmandise avec notre bougie bijou parfum\u00e9e citron meringu\u00e9, \u00e9dition \u00e9t\u00e9 artisanale, fabriqu\u00e9e en France avec bijou unique et cire v\u00e9g\u00e9tale. Cadeau id\u00e9al.\" \/>\n<meta name=\"robots\" content=\"index, follow, max-snippet:-1, max-image-preview:large, max-video-preview:-1\" \/>\n<link rel=\"canonical\" href=\"https:\/\/www.artesaniaparis.com\/fr\/produit\/bougie-bijou-citron-meringue\/\" \/>\n<meta property=\"og:locale\" content=\"fr_FR\" \/>\n<meta property=\"og:type\" content=\"article\" \/>\n<meta property=\"og:title\" content=\"Bougie Bijou Citron Meringu\u00e9 \u2013 \u00c9dition \u00c9t\u00e9 Artisanale &amp; Gourmande \u2013 Cadeau Bijou Parfum\u00e9\" \/>\n<meta property=\"og:description\" content=\"Offrez-vous un instant de gourmandise avec notre bougie bijou parfum\u00e9e citron meringu\u00e9, \u00e9dition \u00e9t\u00e9 artisanale, fabriqu\u00e9e en France avec bijou unique et cire v\u00e9g\u00e9tale. Cadeau id\u00e9al.\" \/>\n<meta property=\"og:url\" content=\"https:\/\/www.artesaniaparis.com\/fr\/produit\/bougie-bijou-citron-meringue\/\" \/>\n<meta property=\"og:site_name\" content=\"Mitti\" \/>\n<meta property=\"article:modified_time\" content=\"2026-03-03T08:38:30+00:00\" \/>\n<meta property=\"og:image\" content=\"https:\/\/www.artesaniaparis.com\/wp-content\/uploads\/2025\/08\/0b7545195979b2cf28830ebba38aee0729bce669f0d67a7fd89773c44775b3b0.webp\" \/>\n\t<meta property=\"og:image:width\" content=\"720\" \/>\n\t<meta property=\"og:image:height\" content=\"720\" \/>\n\t<meta property=\"og:image:type\" content=\"image\/webp\" \/>\n<meta name=\"twitter:card\" content=\"summary_large_image\" \/>\n<meta name=\"twitter:label1\" content=\"Dur\u00e9e de lecture estim\u00e9e\" \/>\n\t<meta name=\"twitter:data1\" content=\"2 minutes\" \/>\n<script type=\"application\/ld+json\" class=\"yoast-schema-graph\">{\"@context\":\"https:\/\/schema.org\",\"@graph\":[{\"@type\":\"WebPage\",\"@id\":\"https:\/\/www.artesaniaparis.com\/produit\/bougie-bijou-citron-meringue\/\",\"url\":\"https:\/\/www.artesaniaparis.com\/produit\/bougie-bijou-citron-meringue\/\",\"name\":\"Bougie Bijou Citron Meringu\u00e9 \u2013 \u00c9dition \u00c9t\u00e9 Artisanale & Gourmande \u2013 Cadeau Bijou Parfum\u00e9\",\"isPartOf\":{\"@id\":\"https:\/\/www.artesaniaparis.com\/#website\"},\"primaryImageOfPage\":{\"@id\":\"https:\/\/www.artesaniaparis.com\/produit\/bougie-bijou-citron-meringue\/#primaryimage\"},\"image\":{\"@id\":\"https:\/\/www.artesaniaparis.com\/produit\/bougie-bijou-citron-meringue\/#primaryimage\"},\"thumbnailUrl\":\"https:\/\/www.artesaniaparis.com\/wp-content\/uploads\/2025\/08\/0b7545195979b2cf28830ebba38aee0729bce669f0d67a7fd89773c44775b3b0.webp\",\"datePublished\":\"2025-08-19T08:54:08+00:00\",\"dateModified\":\"2026-03-03T08:38:30+00:00\",\"description\":\"Offrez-vous un instant de gourmandise avec notre bougie bijou parfum\u00e9e citron meringu\u00e9, \u00e9dition \u00e9t\u00e9 artisanale, fabriqu\u00e9e en France avec bijou unique et cire v\u00e9g\u00e9tale. Cadeau id\u00e9al.\",\"breadcrumb\":{\"@id\":\"https:\/\/www.artesaniaparis.com\/produit\/bougie-bijou-citron-meringue\/#breadcrumb\"},\"inLanguage\":\"fr-FR\",\"potentialAction\":[{\"@type\":\"ReadAction\",\"target\":[\"https:\/\/www.artesaniaparis.com\/produit\/bougie-bijou-citron-meringue\/\"]}]},{\"@type\":\"ImageObject\",\"inLanguage\":\"fr-FR\",\"@id\":\"https:\/\/www.artesaniaparis.com\/produit\/bougie-bijou-citron-meringue\/#primaryimage\",\"url\":\"https:\/\/www.artesaniaparis.com\/wp-content\/uploads\/2025\/08\/0b7545195979b2cf28830ebba38aee0729bce669f0d67a7fd89773c44775b3b0.webp\",\"contentUrl\":\"https:\/\/www.artesaniaparis.com\/wp-content\/uploads\/2025\/08\/0b7545195979b2cf28830ebba38aee0729bce669f0d67a7fd89773c44775b3b0.webp\",\"width\":720,\"height\":720},{\"@type\":\"BreadcrumbList\",\"@id\":\"https:\/\/www.artesaniaparis.com\/produit\/bougie-bijou-citron-meringue\/#breadcrumb\",\"itemListElement\":[{\"@type\":\"ListItem\",\"position\":1,\"name\":\"Accueil\",\"item\":\"https:\/\/www.artesaniaparis.com\/fr\/\"},{\"@type\":\"ListItem\",\"position\":2,\"name\":\"Boutique\",\"item\":\"http:\/\/www.artesaniaparis.com\/fr\/boutique\/\"},{\"@type\":\"ListItem\",\"position\":3,\"name\":\"bougie bijou citron meringu\u00e9\"}]},{\"@type\":\"WebSite\",\"@id\":\"https:\/\/www.artesaniaparis.com\/#website\",\"url\":\"https:\/\/www.artesaniaparis.com\/\",\"name\":\"Mitti\",\"description\":\"Une flamme, une \u00e9motion, un instant suspendu\",\"potentialAction\":[{\"@type\":\"SearchAction\",\"target\":{\"@type\":\"EntryPoint\",\"urlTemplate\":\"https:\/\/www.artesaniaparis.com\/?s={search_term_string}\"},\"query-input\":{\"@type\":\"PropertyValueSpecification\",\"valueRequired\":true,\"valueName\":\"search_term_string\"}}],\"inLanguage\":\"fr-FR\"}]}<\/script>\n<!-- \/ Yoast SEO plugin. -->","yoast_head_json":{"title":"Bougie Bijou Citron Meringu\u00e9 \u2013 \u00c9dition \u00c9t\u00e9 Artisanale & Gourmande \u2013 Cadeau Bijou Parfum\u00e9","description":"Offrez-vous un instant de gourmandise avec notre bougie bijou parfum\u00e9e citron meringu\u00e9, \u00e9dition \u00e9t\u00e9 artisanale, fabriqu\u00e9e en France avec bijou unique et cire v\u00e9g\u00e9tale. Cadeau id\u00e9al.","robots":{"index":"index","follow":"follow","max-snippet":"max-snippet:-1","max-image-preview":"max-image-preview:large","max-video-preview":"max-video-preview:-1"},"canonical":"https:\/\/www.artesaniaparis.com\/fr\/produit\/bougie-bijou-citron-meringue\/","og_locale":"fr_FR","og_type":"article","og_title":"Bougie Bijou Citron Meringu\u00e9 \u2013 \u00c9dition \u00c9t\u00e9 Artisanale & Gourmande \u2013 Cadeau Bijou Parfum\u00e9","og_description":"Offrez-vous un instant de gourmandise avec notre bougie bijou parfum\u00e9e citron meringu\u00e9, \u00e9dition \u00e9t\u00e9 artisanale, fabriqu\u00e9e en France avec bijou unique et cire v\u00e9g\u00e9tale. Cadeau id\u00e9al.","og_url":"https:\/\/www.artesaniaparis.com\/fr\/produit\/bougie-bijou-citron-meringue\/","og_site_name":"Mitti","article_modified_time":"2026-03-03T08:38:30+00:00","og_image":[{"width":720,"height":720,"url":"https:\/\/www.artesaniaparis.com\/wp-content\/uploads\/2025\/08\/0b7545195979b2cf28830ebba38aee0729bce669f0d67a7fd89773c44775b3b0.webp","type":"image\/webp"}],"twitter_card":"summary_large_image","twitter_misc":{"Dur\u00e9e de lecture estim\u00e9e":"2 minutes"},"schema":{"@context":"https:\/\/schema.org","@graph":[{"@type":"WebPage","@id":"https:\/\/www.artesaniaparis.com\/produit\/bougie-bijou-citron-meringue\/","url":"https:\/\/www.artesaniaparis.com\/produit\/bougie-bijou-citron-meringue\/","name":"Bougie Bijou Citron Meringu\u00e9 \u2013 \u00c9dition \u00c9t\u00e9 Artisanale & Gourmande \u2013 Cadeau Bijou Parfum\u00e9","isPartOf":{"@id":"https:\/\/www.artesaniaparis.com\/#website"},"primaryImageOfPage":{"@id":"https:\/\/www.artesaniaparis.com\/produit\/bougie-bijou-citron-meringue\/#primaryimage"},"image":{"@id":"https:\/\/www.artesaniaparis.com\/produit\/bougie-bijou-citron-meringue\/#primaryimage"},"thumbnailUrl":"https:\/\/www.artesaniaparis.com\/wp-content\/uploads\/2025\/08\/0b7545195979b2cf28830ebba38aee0729bce669f0d67a7fd89773c44775b3b0.webp","datePublished":"2025-08-19T08:54:08+00:00","dateModified":"2026-03-03T08:38:30+00:00","description":"Offrez-vous un instant de gourmandise avec notre bougie bijou parfum\u00e9e citron meringu\u00e9, \u00e9dition \u00e9t\u00e9 artisanale, fabriqu\u00e9e en France avec bijou unique et cire v\u00e9g\u00e9tale. Cadeau id\u00e9al.","breadcrumb":{"@id":"https:\/\/www.artesaniaparis.com\/produit\/bougie-bijou-citron-meringue\/#breadcrumb"},"inLanguage":"fr-FR","potentialAction":[{"@type":"ReadAction","target":["https:\/\/www.artesaniaparis.com\/produit\/bougie-bijou-citron-meringue\/"]}]},{"@type":"ImageObject","inLanguage":"fr-FR","@id":"https:\/\/www.artesaniaparis.com\/produit\/bougie-bijou-citron-meringue\/#primaryimage","url":"https:\/\/www.artesaniaparis.com\/wp-content\/uploads\/2025\/08\/0b7545195979b2cf28830ebba38aee0729bce669f0d67a7fd89773c44775b3b0.webp","contentUrl":"https:\/\/www.artesaniaparis.com\/wp-content\/uploads\/2025\/08\/0b7545195979b2cf28830ebba38aee0729bce669f0d67a7fd89773c44775b3b0.webp","width":720,"height":720},{"@type":"BreadcrumbList","@id":"https:\/\/www.artesaniaparis.com\/produit\/bougie-bijou-citron-meringue\/#breadcrumb","itemListElement":[{"@type":"ListItem","position":1,"name":"Accueil","item":"https:\/\/www.artesaniaparis.com\/fr\/"},{"@type":"ListItem","position":2,"name":"Boutique","item":"http:\/\/www.artesaniaparis.com\/fr\/boutique\/"},{"@type":"ListItem","position":3,"name":"bougie bijou citron meringu\u00e9"}]},{"@type":"WebSite","@id":"https:\/\/www.artesaniaparis.com\/#website","url":"https:\/\/www.artesaniaparis.com\/","name":"Mitti","description":"Une flamme, une \u00e9motion, un instant suspendu","potentialAction":[{"@type":"SearchAction","target":{"@type":"EntryPoint","urlTemplate":"https:\/\/www.artesaniaparis.com\/?s={search_term_string}"},"query-input":{"@type":"PropertyValueSpecification","valueRequired":true,"valueName":"search_term_string"}}],"inLanguage":"fr-FR"}]}},"jetpack_sharing_enabled":true,"_links":{"self":[{"href":"https:\/\/www.artesaniaparis.com\/fr\/wp-json\/wp\/v2\/product\/1669","targetHints":{"allow":["GET"]}}],"collection":[{"href":"https:\/\/www.artesaniaparis.com\/fr\/wp-json\/wp\/v2\/product"}],"about":[{"href":"https:\/\/www.artesaniaparis.com\/fr\/wp-json\/wp\/v2\/types\/product"}],"replies":[{"embeddable":true,"href":"https:\/\/www.artesaniaparis.com\/fr\/wp-json\/wp\/v2\/comments?post=1669"}],"version-history":[{"count":1,"href":"https:\/\/www.artesaniaparis.com\/fr\/wp-json\/wp\/v2\/product\/1669\/revisions"}],"predecessor-version":[{"id":14123,"href":"https:\/\/www.artesaniaparis.com\/fr\/wp-json\/wp\/v2\/product\/1669\/revisions\/14123"}],"wp:featuredmedia":[{"embeddable":true,"href":"https:\/\/www.artesaniaparis.com\/fr\/wp-json\/wp\/v2\/media\/1755"}],"wp:attachment":[{"href":"https:\/\/www.artesaniaparis.com\/fr\/wp-json\/wp\/v2\/media?parent=1669"}],"wp:term":[{"taxonomy":"brand","embeddable":true,"href":"https:\/\/www.artesaniaparis.com\/fr\/wp-json\/wp\/v2\/brand?post=1669"},{"taxonomy":"product_brand","embeddable":true,"href":"https:\/\/www.artesaniaparis.com\/fr\/wp-json\/wp\/v2\/product_brand?post=1669"},{"taxonomy":"product_cat","embeddable":true,"href":"https:\/\/www.artesaniaparis.com\/fr\/wp-json\/wp\/v2\/product_cat?post=1669"},{"taxonomy":"product_tag","embeddable":true,"href":"https:\/\/www.artesaniaparis.com\/fr\/wp-json\/wp\/v2\/product_tag?post=1669"}],"curies":[{"name":"wp","href":"https:\/\/api.w.org\/{rel}","templated":true}]}}