{"id":1667,"date":"2025-08-19T10:54:07","date_gmt":"2025-08-19T08:54:07","guid":{"rendered":"https:\/\/www.artesaniaparis.com\/?post_type=product&#038;p=1667"},"modified":"2025-08-19T10:57:31","modified_gmt":"2025-08-19T08:57:31","slug":"bougie-tulipe-artisanale-rose","status":"publish","type":"product","link":"https:\/\/www.artesaniaparis.com\/fr\/produit\/bougie-tulipe-artisanale-rose\/","title":{"rendered":"Bougie Tulipe Artisanale rose"},"content":{"rendered":"<p style=\"text-align: center;\" data-start=\"814\" data-end=\"1148\">Apportez la douceur du printemps dans votre int\u00e9rieur avec cette <strong data-start=\"879\" data-end=\"907\">bougie tulipe artisanale<\/strong>, une pi\u00e8ce florale \u00e9l\u00e9gante qui allie d\u00e9coration et parfum l\u00e9ger. Fabriqu\u00e9e \u00e0 partir d&#8217;un m\u00e9lange de <strong data-start=\"1009\" data-end=\"1035\">cire de soja naturelle<\/strong> et d&#8217;une m\u00e8che en coton, elle diffuse une ambiance d\u00e9licate tout en apportant une touche color\u00e9e \u00e0 votre espace.<\/p>\n<p style=\"text-align: center;\" data-start=\"1150\" data-end=\"1355\">Id\u00e9ale comme <strong data-start=\"1163\" data-end=\"1186\">cadeau de printemps<\/strong>, d\u00e9coration florale de table ou pi\u00e8ce ma\u00eetresse dans une boutique \u00e9sot\u00e9rique ou un concept store, cette bougie tulipe attire le regard et cr\u00e9e une atmosph\u00e8re apaisante.<\/p>\n<h3 style=\"text-align: center;\" data-start=\"1357\" data-end=\"1397\">\u2705 <strong data-start=\"1363\" data-end=\"1397\">Caract\u00e9ristiques principales :<\/strong><\/h3>\n<ul style=\"text-align: center;\" data-start=\"1398\" data-end=\"1679\">\n<li data-start=\"1398\" data-end=\"1434\">\n<p data-start=\"1400\" data-end=\"1434\">Fabriqu\u00e9e \u00e0 la main aux \u00c9tats-Unis<\/p>\n<\/li>\n<li data-start=\"1435\" data-end=\"1464\">\n<p data-start=\"1437\" data-end=\"1464\">Cire de soja 100% naturelle<\/p>\n<\/li>\n<li data-start=\"1465\" data-end=\"1492\">\n<p data-start=\"1467\" data-end=\"1492\">M\u00e8che en coton sans plomb<\/p>\n<\/li>\n<li data-start=\"1493\" data-end=\"1547\">\n<p data-start=\"1495\" data-end=\"1547\">Colorants pour bougie et parfum naturel floral l\u00e9ger<\/p>\n<\/li>\n<li data-start=\"1548\" data-end=\"1615\">\n<p data-start=\"1550\" data-end=\"1615\">Disponible en plusieurs coloris (rose clair, blanc, jaune, rouge)<\/p>\n<\/li>\n<li data-start=\"1616\" data-end=\"1679\">\n<p data-start=\"1618\" data-end=\"1679\">Parfaite pour la d\u00e9coration de printemps ou comme id\u00e9e cadeau<\/p>\n<\/li>\n<\/ul>\n<h3 style=\"text-align: center;\" data-start=\"1681\" data-end=\"1712\">\ud83c\udf31 <strong data-start=\"1688\" data-end=\"1712\">\u00c9co-responsabilit\u00e9 :<\/strong><\/h3>\n<ul data-start=\"1713\" data-end=\"1844\">\n<li style=\"text-align: center;\" data-start=\"1713\" data-end=\"1753\">\n<p data-start=\"1715\" data-end=\"1753\">Mat\u00e9riaux bio, rechargeables et v\u00e9gans<\/p>\n<\/li>\n<li style=\"text-align: center;\" data-start=\"1754\" data-end=\"1786\">\n<p data-start=\"1756\" data-end=\"1786\">Emballage recyclable et r\u00e9duit<\/p>\n<\/li>\n<li data-start=\"1787\" data-end=\"1844\">\n<p style=\"text-align: center;\" data-start=\"1789\" data-end=\"1844\">Production et transport \u00e0 faible impact environnemental<\/p>\n<\/li>\n<\/ul>\n","protected":false},"excerpt":{"rendered":"<p style=\"text-align: center;\">Bougie tulipe artisanale en cire de soja, parfum floral l\u00e9ger. Apporte une \u00e9l\u00e9gance printani\u00e8re \u00e0 votre int\u00e9rieur, parfaite comme cadeau d\u00e9coratif \u00e9co-responsable.<\/p>\n","protected":false},"featured_media":1748,"comment_status":"open","ping_status":"closed","template":"","meta":[],"brand":[],"product_brand":[],"product_cat":[474,464],"product_tag":[207,102,216,193,217,104,218,197,199,106,219],"class_list":{"0":"post-1667","1":"product","2":"type-product","3":"status-publish","4":"has-post-thumbnail","6":"product_cat-bougies-decoratives","7":"product_cat-bougies-parfumees","8":"product_tag-artesania-paris","9":"product_tag-bougie-artisanale","10":"product_tag-bougie-cadeau","11":"product_tag-bougie-decorative","12":"product_tag-bougie-florale","13":"product_tag-bougie-parfumee","14":"product_tag-bougie-tulipe","15":"product_tag-bougie-vegan","16":"product_tag-cire-de-soja","17":"product_tag-decoration-maison","18":"product_tag-printemps","19":"left-slider","21":"first","22":"instock","23":"shipping-taxable","24":"purchasable","25":"product-type-simple"},"yoast_head":"<!-- This site is optimized with the Yoast SEO plugin v26.9 - https:\/\/yoast.com\/product\/yoast-seo-wordpress\/ -->\n<title>Bougie Tulipe Artisanale \u2013 \u00c9l\u00e9gance Florale en Cire de Soja | Cadeau D\u00e9coratif Printemps<\/title>\n<meta name=\"description\" content=\"Offrez une touche florale \u00e9l\u00e9gante avec notre bougie tulipe artisanale en cire de soja naturelle. Id\u00e9ale pour la d\u00e9co, les cadeaux printaniers ou une ambiance douce.\" \/>\n<meta name=\"robots\" content=\"index, follow, max-snippet:-1, max-image-preview:large, max-video-preview:-1\" \/>\n<link rel=\"canonical\" href=\"https:\/\/www.artesaniaparis.com\/fr\/produit\/bougie-tulipe-artisanale-rose\/\" \/>\n<meta property=\"og:locale\" content=\"fr_FR\" \/>\n<meta property=\"og:type\" content=\"article\" \/>\n<meta property=\"og:title\" content=\"Bougie Tulipe Artisanale \u2013 \u00c9l\u00e9gance Florale en Cire de Soja | Cadeau D\u00e9coratif Printemps\" \/>\n<meta property=\"og:description\" content=\"Offrez une touche florale \u00e9l\u00e9gante avec notre bougie tulipe artisanale en cire de soja naturelle. Id\u00e9ale pour la d\u00e9co, les cadeaux printaniers ou une ambiance douce.\" \/>\n<meta property=\"og:url\" content=\"https:\/\/www.artesaniaparis.com\/fr\/produit\/bougie-tulipe-artisanale-rose\/\" \/>\n<meta property=\"og:site_name\" content=\"Mitti\" \/>\n<meta property=\"article:modified_time\" content=\"2025-08-19T08:57:31+00:00\" \/>\n<meta property=\"og:image\" content=\"https:\/\/www.artesaniaparis.com\/wp-content\/uploads\/2025\/08\/fcc31d1dd1f4fcecf26592e1780135b7ba1032cdc8267c1d3cbb04bce5d86d09.webp\" \/>\n\t<meta property=\"og:image:width\" content=\"720\" \/>\n\t<meta property=\"og:image:height\" content=\"720\" \/>\n\t<meta property=\"og:image:type\" content=\"image\/webp\" \/>\n<meta name=\"twitter:card\" content=\"summary_large_image\" \/>\n<meta name=\"twitter:label1\" content=\"Dur\u00e9e de lecture estim\u00e9e\" \/>\n\t<meta name=\"twitter:data1\" content=\"1 minute\" \/>\n<script type=\"application\/ld+json\" class=\"yoast-schema-graph\">{\"@context\":\"https:\/\/schema.org\",\"@graph\":[{\"@type\":\"WebPage\",\"@id\":\"https:\/\/www.artesaniaparis.com\/produit\/bougie-tulipe-artisanale-rose\/\",\"url\":\"https:\/\/www.artesaniaparis.com\/produit\/bougie-tulipe-artisanale-rose\/\",\"name\":\"Bougie Tulipe Artisanale \u2013 \u00c9l\u00e9gance Florale en Cire de Soja | Cadeau D\u00e9coratif Printemps\",\"isPartOf\":{\"@id\":\"https:\/\/www.artesaniaparis.com\/#website\"},\"primaryImageOfPage\":{\"@id\":\"https:\/\/www.artesaniaparis.com\/produit\/bougie-tulipe-artisanale-rose\/#primaryimage\"},\"image\":{\"@id\":\"https:\/\/www.artesaniaparis.com\/produit\/bougie-tulipe-artisanale-rose\/#primaryimage\"},\"thumbnailUrl\":\"https:\/\/www.artesaniaparis.com\/wp-content\/uploads\/2025\/08\/fcc31d1dd1f4fcecf26592e1780135b7ba1032cdc8267c1d3cbb04bce5d86d09.webp\",\"datePublished\":\"2025-08-19T08:54:07+00:00\",\"dateModified\":\"2025-08-19T08:57:31+00:00\",\"description\":\"Offrez une touche florale \u00e9l\u00e9gante avec notre bougie tulipe artisanale en cire de soja naturelle. Id\u00e9ale pour la d\u00e9co, les cadeaux printaniers ou une ambiance douce.\",\"breadcrumb\":{\"@id\":\"https:\/\/www.artesaniaparis.com\/produit\/bougie-tulipe-artisanale-rose\/#breadcrumb\"},\"inLanguage\":\"fr-FR\",\"potentialAction\":[{\"@type\":\"ReadAction\",\"target\":[\"https:\/\/www.artesaniaparis.com\/produit\/bougie-tulipe-artisanale-rose\/\"]}]},{\"@type\":\"ImageObject\",\"inLanguage\":\"fr-FR\",\"@id\":\"https:\/\/www.artesaniaparis.com\/produit\/bougie-tulipe-artisanale-rose\/#primaryimage\",\"url\":\"https:\/\/www.artesaniaparis.com\/wp-content\/uploads\/2025\/08\/fcc31d1dd1f4fcecf26592e1780135b7ba1032cdc8267c1d3cbb04bce5d86d09.webp\",\"contentUrl\":\"https:\/\/www.artesaniaparis.com\/wp-content\/uploads\/2025\/08\/fcc31d1dd1f4fcecf26592e1780135b7ba1032cdc8267c1d3cbb04bce5d86d09.webp\",\"width\":720,\"height\":720},{\"@type\":\"BreadcrumbList\",\"@id\":\"https:\/\/www.artesaniaparis.com\/produit\/bougie-tulipe-artisanale-rose\/#breadcrumb\",\"itemListElement\":[{\"@type\":\"ListItem\",\"position\":1,\"name\":\"Accueil\",\"item\":\"https:\/\/www.artesaniaparis.com\/fr\/\"},{\"@type\":\"ListItem\",\"position\":2,\"name\":\"Boutique\",\"item\":\"http:\/\/www.artesaniaparis.com\/fr\/boutique\/\"},{\"@type\":\"ListItem\",\"position\":3,\"name\":\"Bougie Tulipe Artisanale rose\"}]},{\"@type\":\"WebSite\",\"@id\":\"https:\/\/www.artesaniaparis.com\/#website\",\"url\":\"https:\/\/www.artesaniaparis.com\/\",\"name\":\"Mitti\",\"description\":\"Une flamme, une \u00e9motion, un instant suspendu\",\"potentialAction\":[{\"@type\":\"SearchAction\",\"target\":{\"@type\":\"EntryPoint\",\"urlTemplate\":\"https:\/\/www.artesaniaparis.com\/?s={search_term_string}\"},\"query-input\":{\"@type\":\"PropertyValueSpecification\",\"valueRequired\":true,\"valueName\":\"search_term_string\"}}],\"inLanguage\":\"fr-FR\"}]}<\/script>\n<!-- \/ Yoast SEO plugin. -->","yoast_head_json":{"title":"Bougie Tulipe Artisanale \u2013 \u00c9l\u00e9gance Florale en Cire de Soja | Cadeau D\u00e9coratif Printemps","description":"Offrez une touche florale \u00e9l\u00e9gante avec notre bougie tulipe artisanale en cire de soja naturelle. Id\u00e9ale pour la d\u00e9co, les cadeaux printaniers ou une ambiance douce.","robots":{"index":"index","follow":"follow","max-snippet":"max-snippet:-1","max-image-preview":"max-image-preview:large","max-video-preview":"max-video-preview:-1"},"canonical":"https:\/\/www.artesaniaparis.com\/fr\/produit\/bougie-tulipe-artisanale-rose\/","og_locale":"fr_FR","og_type":"article","og_title":"Bougie Tulipe Artisanale \u2013 \u00c9l\u00e9gance Florale en Cire de Soja | Cadeau D\u00e9coratif Printemps","og_description":"Offrez une touche florale \u00e9l\u00e9gante avec notre bougie tulipe artisanale en cire de soja naturelle. Id\u00e9ale pour la d\u00e9co, les cadeaux printaniers ou une ambiance douce.","og_url":"https:\/\/www.artesaniaparis.com\/fr\/produit\/bougie-tulipe-artisanale-rose\/","og_site_name":"Mitti","article_modified_time":"2025-08-19T08:57:31+00:00","og_image":[{"width":720,"height":720,"url":"https:\/\/www.artesaniaparis.com\/wp-content\/uploads\/2025\/08\/fcc31d1dd1f4fcecf26592e1780135b7ba1032cdc8267c1d3cbb04bce5d86d09.webp","type":"image\/webp"}],"twitter_card":"summary_large_image","twitter_misc":{"Dur\u00e9e de lecture estim\u00e9e":"1 minute"},"schema":{"@context":"https:\/\/schema.org","@graph":[{"@type":"WebPage","@id":"https:\/\/www.artesaniaparis.com\/produit\/bougie-tulipe-artisanale-rose\/","url":"https:\/\/www.artesaniaparis.com\/produit\/bougie-tulipe-artisanale-rose\/","name":"Bougie Tulipe Artisanale \u2013 \u00c9l\u00e9gance Florale en Cire de Soja | Cadeau D\u00e9coratif Printemps","isPartOf":{"@id":"https:\/\/www.artesaniaparis.com\/#website"},"primaryImageOfPage":{"@id":"https:\/\/www.artesaniaparis.com\/produit\/bougie-tulipe-artisanale-rose\/#primaryimage"},"image":{"@id":"https:\/\/www.artesaniaparis.com\/produit\/bougie-tulipe-artisanale-rose\/#primaryimage"},"thumbnailUrl":"https:\/\/www.artesaniaparis.com\/wp-content\/uploads\/2025\/08\/fcc31d1dd1f4fcecf26592e1780135b7ba1032cdc8267c1d3cbb04bce5d86d09.webp","datePublished":"2025-08-19T08:54:07+00:00","dateModified":"2025-08-19T08:57:31+00:00","description":"Offrez une touche florale \u00e9l\u00e9gante avec notre bougie tulipe artisanale en cire de soja naturelle. Id\u00e9ale pour la d\u00e9co, les cadeaux printaniers ou une ambiance douce.","breadcrumb":{"@id":"https:\/\/www.artesaniaparis.com\/produit\/bougie-tulipe-artisanale-rose\/#breadcrumb"},"inLanguage":"fr-FR","potentialAction":[{"@type":"ReadAction","target":["https:\/\/www.artesaniaparis.com\/produit\/bougie-tulipe-artisanale-rose\/"]}]},{"@type":"ImageObject","inLanguage":"fr-FR","@id":"https:\/\/www.artesaniaparis.com\/produit\/bougie-tulipe-artisanale-rose\/#primaryimage","url":"https:\/\/www.artesaniaparis.com\/wp-content\/uploads\/2025\/08\/fcc31d1dd1f4fcecf26592e1780135b7ba1032cdc8267c1d3cbb04bce5d86d09.webp","contentUrl":"https:\/\/www.artesaniaparis.com\/wp-content\/uploads\/2025\/08\/fcc31d1dd1f4fcecf26592e1780135b7ba1032cdc8267c1d3cbb04bce5d86d09.webp","width":720,"height":720},{"@type":"BreadcrumbList","@id":"https:\/\/www.artesaniaparis.com\/produit\/bougie-tulipe-artisanale-rose\/#breadcrumb","itemListElement":[{"@type":"ListItem","position":1,"name":"Accueil","item":"https:\/\/www.artesaniaparis.com\/fr\/"},{"@type":"ListItem","position":2,"name":"Boutique","item":"http:\/\/www.artesaniaparis.com\/fr\/boutique\/"},{"@type":"ListItem","position":3,"name":"Bougie Tulipe Artisanale rose"}]},{"@type":"WebSite","@id":"https:\/\/www.artesaniaparis.com\/#website","url":"https:\/\/www.artesaniaparis.com\/","name":"Mitti","description":"Une flamme, une \u00e9motion, un instant suspendu","potentialAction":[{"@type":"SearchAction","target":{"@type":"EntryPoint","urlTemplate":"https:\/\/www.artesaniaparis.com\/?s={search_term_string}"},"query-input":{"@type":"PropertyValueSpecification","valueRequired":true,"valueName":"search_term_string"}}],"inLanguage":"fr-FR"}]}},"jetpack_sharing_enabled":true,"_links":{"self":[{"href":"https:\/\/www.artesaniaparis.com\/fr\/wp-json\/wp\/v2\/product\/1667","targetHints":{"allow":["GET"]}}],"collection":[{"href":"https:\/\/www.artesaniaparis.com\/fr\/wp-json\/wp\/v2\/product"}],"about":[{"href":"https:\/\/www.artesaniaparis.com\/fr\/wp-json\/wp\/v2\/types\/product"}],"replies":[{"embeddable":true,"href":"https:\/\/www.artesaniaparis.com\/fr\/wp-json\/wp\/v2\/comments?post=1667"}],"version-history":[{"count":0,"href":"https:\/\/www.artesaniaparis.com\/fr\/wp-json\/wp\/v2\/product\/1667\/revisions"}],"wp:featuredmedia":[{"embeddable":true,"href":"https:\/\/www.artesaniaparis.com\/fr\/wp-json\/wp\/v2\/media\/1748"}],"wp:attachment":[{"href":"https:\/\/www.artesaniaparis.com\/fr\/wp-json\/wp\/v2\/media?parent=1667"}],"wp:term":[{"taxonomy":"brand","embeddable":true,"href":"https:\/\/www.artesaniaparis.com\/fr\/wp-json\/wp\/v2\/brand?post=1667"},{"taxonomy":"product_brand","embeddable":true,"href":"https:\/\/www.artesaniaparis.com\/fr\/wp-json\/wp\/v2\/product_brand?post=1667"},{"taxonomy":"product_cat","embeddable":true,"href":"https:\/\/www.artesaniaparis.com\/fr\/wp-json\/wp\/v2\/product_cat?post=1667"},{"taxonomy":"product_tag","embeddable":true,"href":"https:\/\/www.artesaniaparis.com\/fr\/wp-json\/wp\/v2\/product_tag?post=1667"}],"curies":[{"name":"wp","href":"https:\/\/api.w.org\/{rel}","templated":true}]}}