{"id":1666,"date":"2025-08-19T10:54:06","date_gmt":"2025-08-19T08:54:06","guid":{"rendered":"https:\/\/www.artesaniaparis.com\/?post_type=product&#038;p=1666"},"modified":"2025-08-19T10:57:25","modified_gmt":"2025-08-19T08:57:25","slug":"bougie-fouettee-a-la-cannelle-et-vanille","status":"publish","type":"product","link":"https:\/\/www.artesaniaparis.com\/fr\/produit\/bougie-fouettee-a-la-cannelle-et-vanille\/","title":{"rendered":"Bougie Fouett\u00e9e \u00e0 la Cannelle et Vanille"},"content":{"rendered":"<p style=\"text-align: center;\" data-start=\"835\" data-end=\"1150\">Apportez une ambiance cocooning et r\u00e9confortante dans votre int\u00e9rieur avec cette <strong data-start=\"916\" data-end=\"965\">bougie fouett\u00e9e \u00e0 la cannelle et \u00e0 la vanille<\/strong>. Son parfum chaud m\u00ealant la douceur vanill\u00e9e et les \u00e9pices r\u00e9confortantes de la cannelle cr\u00e9e une atmosph\u00e8re enveloppante parfaite pour les journ\u00e9es fra\u00eeches ou vos moments de d\u00e9tente.<\/p>\n<p style=\"text-align: center;\" data-start=\"1152\" data-end=\"1506\">Fabriqu\u00e9e artisanalement aux \u00c9tats-Unis, cette bougie est compos\u00e9e de <strong data-start=\"1222\" data-end=\"1253\">cire de soja 100% naturelle<\/strong>, de m\u00e8che en coton sans plomb, d\u2019huiles essentielles naturelles et d\u2019une touche de paillettes pour un aspect visuel \u00e9l\u00e9gant. Son aspect fouett\u00e9 gourmand et ses \u00e9clats de cannelle ajoutent une touche d\u00e9corative unique qui attire imm\u00e9diatement le regard.<\/p>\n<p style=\"text-align: center;\" data-start=\"1508\" data-end=\"1531\">Elle est id\u00e9ale comme :<\/p>\n<ul data-start=\"1532\" data-end=\"1735\">\n<li style=\"text-align: center;\" data-start=\"1532\" data-end=\"1592\">\n<p data-start=\"1534\" data-end=\"1592\">Cadeau chaleureux pour les amateurs de bougies gourmandes,<\/p>\n<\/li>\n<li style=\"text-align: center;\" data-start=\"1593\" data-end=\"1644\">\n<p data-start=\"1595\" data-end=\"1644\">D\u00e9coration cocooning pour le salon ou la chambre,<\/p>\n<\/li>\n<li data-start=\"1645\" data-end=\"1735\">\n<p style=\"text-align: center;\" data-start=\"1647\" data-end=\"1735\">Cr\u00e9ation d&#8217;une ambiance r\u00e9confortante pour vos soir\u00e9es d\u2019hiver ou s\u00e9ances de m\u00e9ditation.<\/p>\n<\/li>\n<\/ul>\n","protected":false},"excerpt":{"rendered":"<p style=\"text-align: center;\">Bougie fouett\u00e9e artisanale parfum cannelle et vanille, parfaite pour cr\u00e9er une atmosph\u00e8re chaleureuse et gourmande dans votre int\u00e9rieur. Cire de soja, m\u00e8che coton, \u00e9co-responsable.<\/p>\n","protected":false},"featured_media":1745,"comment_status":"open","ping_status":"closed","template":"","meta":[],"brand":[],"product_brand":[],"product_cat":[473],"product_tag":[207,102,208,195,209,104,210,211,199,212,213,214,206],"class_list":{"0":"post-1666","1":"product","2":"type-product","3":"status-publish","4":"has-post-thumbnail","6":"product_cat-bougies-gourmandes","7":"product_tag-artesania-paris","8":"product_tag-bougie-artisanale","9":"product_tag-bougie-cocooning","10":"product_tag-bougie-fouettee","11":"product_tag-bougie-gourmande","12":"product_tag-bougie-parfumee","13":"product_tag-cadeau-cocooning","14":"product_tag-cannelle","15":"product_tag-cire-de-soja","16":"product_tag-eco-responsable","17":"product_tag-meche-coton","18":"product_tag-vanille","19":"product_tag-vegan","20":"left-slider","22":"first","23":"instock","24":"shipping-taxable","25":"purchasable","26":"product-type-simple"},"yoast_head":"<!-- This site is optimized with the Yoast SEO plugin v26.9 - https:\/\/yoast.com\/product\/yoast-seo-wordpress\/ -->\n<title>Bougie Fouett\u00e9e \u00e0 la Cannelle et Vanille \u2013 Artisanale, Parfum Chaud et Gourmand<\/title>\n<meta name=\"description\" content=\"D\u00e9couvrez notre bougie fouett\u00e9e artisanale \u00e0 la cannelle et \u00e0 la vanille, parfum chaud et gourmand pour vos moments cocooning. Bougie vegan, cire de soja, m\u00e8che coton, \u00e9co-responsable.\" \/>\n<meta name=\"robots\" content=\"index, follow, max-snippet:-1, max-image-preview:large, max-video-preview:-1\" \/>\n<link rel=\"canonical\" href=\"https:\/\/www.artesaniaparis.com\/fr\/produit\/bougie-fouettee-a-la-cannelle-et-vanille\/\" \/>\n<meta property=\"og:locale\" content=\"fr_FR\" \/>\n<meta property=\"og:type\" content=\"article\" \/>\n<meta property=\"og:title\" content=\"Bougie Fouett\u00e9e \u00e0 la Cannelle et Vanille \u2013 Artisanale, Parfum Chaud et Gourmand\" \/>\n<meta property=\"og:description\" content=\"D\u00e9couvrez notre bougie fouett\u00e9e artisanale \u00e0 la cannelle et \u00e0 la vanille, parfum chaud et gourmand pour vos moments cocooning. Bougie vegan, cire de soja, m\u00e8che coton, \u00e9co-responsable.\" \/>\n<meta property=\"og:url\" content=\"https:\/\/www.artesaniaparis.com\/fr\/produit\/bougie-fouettee-a-la-cannelle-et-vanille\/\" \/>\n<meta property=\"og:site_name\" content=\"Mitti\" \/>\n<meta property=\"article:modified_time\" content=\"2025-08-19T08:57:25+00:00\" \/>\n<meta property=\"og:image\" content=\"https:\/\/www.artesaniaparis.com\/wp-content\/uploads\/2025\/08\/51dfa4e8ed696f8f03a4943673267de1bad09e5cb2ba73bd3a8188e42efccd29.webp\" \/>\n\t<meta property=\"og:image:width\" content=\"720\" \/>\n\t<meta property=\"og:image:height\" content=\"720\" \/>\n\t<meta property=\"og:image:type\" content=\"image\/webp\" \/>\n<meta name=\"twitter:card\" content=\"summary_large_image\" \/>\n<meta name=\"twitter:label1\" content=\"Dur\u00e9e de lecture estim\u00e9e\" \/>\n\t<meta name=\"twitter:data1\" content=\"1 minute\" \/>\n<script type=\"application\/ld+json\" class=\"yoast-schema-graph\">{\"@context\":\"https:\/\/schema.org\",\"@graph\":[{\"@type\":\"WebPage\",\"@id\":\"https:\/\/www.artesaniaparis.com\/produit\/bougie-fouettee-a-la-cannelle-et-vanille\/\",\"url\":\"https:\/\/www.artesaniaparis.com\/produit\/bougie-fouettee-a-la-cannelle-et-vanille\/\",\"name\":\"Bougie Fouett\u00e9e \u00e0 la Cannelle et Vanille \u2013 Artisanale, Parfum Chaud et Gourmand\",\"isPartOf\":{\"@id\":\"https:\/\/www.artesaniaparis.com\/#website\"},\"primaryImageOfPage\":{\"@id\":\"https:\/\/www.artesaniaparis.com\/produit\/bougie-fouettee-a-la-cannelle-et-vanille\/#primaryimage\"},\"image\":{\"@id\":\"https:\/\/www.artesaniaparis.com\/produit\/bougie-fouettee-a-la-cannelle-et-vanille\/#primaryimage\"},\"thumbnailUrl\":\"https:\/\/www.artesaniaparis.com\/wp-content\/uploads\/2025\/08\/51dfa4e8ed696f8f03a4943673267de1bad09e5cb2ba73bd3a8188e42efccd29.webp\",\"datePublished\":\"2025-08-19T08:54:06+00:00\",\"dateModified\":\"2025-08-19T08:57:25+00:00\",\"description\":\"D\u00e9couvrez notre bougie fouett\u00e9e artisanale \u00e0 la cannelle et \u00e0 la vanille, parfum chaud et gourmand pour vos moments cocooning. Bougie vegan, cire de soja, m\u00e8che coton, \u00e9co-responsable.\",\"breadcrumb\":{\"@id\":\"https:\/\/www.artesaniaparis.com\/produit\/bougie-fouettee-a-la-cannelle-et-vanille\/#breadcrumb\"},\"inLanguage\":\"fr-FR\",\"potentialAction\":[{\"@type\":\"ReadAction\",\"target\":[\"https:\/\/www.artesaniaparis.com\/produit\/bougie-fouettee-a-la-cannelle-et-vanille\/\"]}]},{\"@type\":\"ImageObject\",\"inLanguage\":\"fr-FR\",\"@id\":\"https:\/\/www.artesaniaparis.com\/produit\/bougie-fouettee-a-la-cannelle-et-vanille\/#primaryimage\",\"url\":\"https:\/\/www.artesaniaparis.com\/wp-content\/uploads\/2025\/08\/51dfa4e8ed696f8f03a4943673267de1bad09e5cb2ba73bd3a8188e42efccd29.webp\",\"contentUrl\":\"https:\/\/www.artesaniaparis.com\/wp-content\/uploads\/2025\/08\/51dfa4e8ed696f8f03a4943673267de1bad09e5cb2ba73bd3a8188e42efccd29.webp\",\"width\":720,\"height\":720},{\"@type\":\"BreadcrumbList\",\"@id\":\"https:\/\/www.artesaniaparis.com\/produit\/bougie-fouettee-a-la-cannelle-et-vanille\/#breadcrumb\",\"itemListElement\":[{\"@type\":\"ListItem\",\"position\":1,\"name\":\"Accueil\",\"item\":\"https:\/\/www.artesaniaparis.com\/fr\/\"},{\"@type\":\"ListItem\",\"position\":2,\"name\":\"Boutique\",\"item\":\"http:\/\/www.artesaniaparis.com\/fr\/boutique\/\"},{\"@type\":\"ListItem\",\"position\":3,\"name\":\"Bougie Fouett\u00e9e \u00e0 la Cannelle et Vanille\"}]},{\"@type\":\"WebSite\",\"@id\":\"https:\/\/www.artesaniaparis.com\/#website\",\"url\":\"https:\/\/www.artesaniaparis.com\/\",\"name\":\"Mitti\",\"description\":\"Une flamme, une \u00e9motion, un instant suspendu\",\"potentialAction\":[{\"@type\":\"SearchAction\",\"target\":{\"@type\":\"EntryPoint\",\"urlTemplate\":\"https:\/\/www.artesaniaparis.com\/?s={search_term_string}\"},\"query-input\":{\"@type\":\"PropertyValueSpecification\",\"valueRequired\":true,\"valueName\":\"search_term_string\"}}],\"inLanguage\":\"fr-FR\"}]}<\/script>\n<!-- \/ Yoast SEO plugin. -->","yoast_head_json":{"title":"Bougie Fouett\u00e9e \u00e0 la Cannelle et Vanille \u2013 Artisanale, Parfum Chaud et Gourmand","description":"D\u00e9couvrez notre bougie fouett\u00e9e artisanale \u00e0 la cannelle et \u00e0 la vanille, parfum chaud et gourmand pour vos moments cocooning. Bougie vegan, cire de soja, m\u00e8che coton, \u00e9co-responsable.","robots":{"index":"index","follow":"follow","max-snippet":"max-snippet:-1","max-image-preview":"max-image-preview:large","max-video-preview":"max-video-preview:-1"},"canonical":"https:\/\/www.artesaniaparis.com\/fr\/produit\/bougie-fouettee-a-la-cannelle-et-vanille\/","og_locale":"fr_FR","og_type":"article","og_title":"Bougie Fouett\u00e9e \u00e0 la Cannelle et Vanille \u2013 Artisanale, Parfum Chaud et Gourmand","og_description":"D\u00e9couvrez notre bougie fouett\u00e9e artisanale \u00e0 la cannelle et \u00e0 la vanille, parfum chaud et gourmand pour vos moments cocooning. Bougie vegan, cire de soja, m\u00e8che coton, \u00e9co-responsable.","og_url":"https:\/\/www.artesaniaparis.com\/fr\/produit\/bougie-fouettee-a-la-cannelle-et-vanille\/","og_site_name":"Mitti","article_modified_time":"2025-08-19T08:57:25+00:00","og_image":[{"width":720,"height":720,"url":"https:\/\/www.artesaniaparis.com\/wp-content\/uploads\/2025\/08\/51dfa4e8ed696f8f03a4943673267de1bad09e5cb2ba73bd3a8188e42efccd29.webp","type":"image\/webp"}],"twitter_card":"summary_large_image","twitter_misc":{"Dur\u00e9e de lecture estim\u00e9e":"1 minute"},"schema":{"@context":"https:\/\/schema.org","@graph":[{"@type":"WebPage","@id":"https:\/\/www.artesaniaparis.com\/produit\/bougie-fouettee-a-la-cannelle-et-vanille\/","url":"https:\/\/www.artesaniaparis.com\/produit\/bougie-fouettee-a-la-cannelle-et-vanille\/","name":"Bougie Fouett\u00e9e \u00e0 la Cannelle et Vanille \u2013 Artisanale, Parfum Chaud et Gourmand","isPartOf":{"@id":"https:\/\/www.artesaniaparis.com\/#website"},"primaryImageOfPage":{"@id":"https:\/\/www.artesaniaparis.com\/produit\/bougie-fouettee-a-la-cannelle-et-vanille\/#primaryimage"},"image":{"@id":"https:\/\/www.artesaniaparis.com\/produit\/bougie-fouettee-a-la-cannelle-et-vanille\/#primaryimage"},"thumbnailUrl":"https:\/\/www.artesaniaparis.com\/wp-content\/uploads\/2025\/08\/51dfa4e8ed696f8f03a4943673267de1bad09e5cb2ba73bd3a8188e42efccd29.webp","datePublished":"2025-08-19T08:54:06+00:00","dateModified":"2025-08-19T08:57:25+00:00","description":"D\u00e9couvrez notre bougie fouett\u00e9e artisanale \u00e0 la cannelle et \u00e0 la vanille, parfum chaud et gourmand pour vos moments cocooning. Bougie vegan, cire de soja, m\u00e8che coton, \u00e9co-responsable.","breadcrumb":{"@id":"https:\/\/www.artesaniaparis.com\/produit\/bougie-fouettee-a-la-cannelle-et-vanille\/#breadcrumb"},"inLanguage":"fr-FR","potentialAction":[{"@type":"ReadAction","target":["https:\/\/www.artesaniaparis.com\/produit\/bougie-fouettee-a-la-cannelle-et-vanille\/"]}]},{"@type":"ImageObject","inLanguage":"fr-FR","@id":"https:\/\/www.artesaniaparis.com\/produit\/bougie-fouettee-a-la-cannelle-et-vanille\/#primaryimage","url":"https:\/\/www.artesaniaparis.com\/wp-content\/uploads\/2025\/08\/51dfa4e8ed696f8f03a4943673267de1bad09e5cb2ba73bd3a8188e42efccd29.webp","contentUrl":"https:\/\/www.artesaniaparis.com\/wp-content\/uploads\/2025\/08\/51dfa4e8ed696f8f03a4943673267de1bad09e5cb2ba73bd3a8188e42efccd29.webp","width":720,"height":720},{"@type":"BreadcrumbList","@id":"https:\/\/www.artesaniaparis.com\/produit\/bougie-fouettee-a-la-cannelle-et-vanille\/#breadcrumb","itemListElement":[{"@type":"ListItem","position":1,"name":"Accueil","item":"https:\/\/www.artesaniaparis.com\/fr\/"},{"@type":"ListItem","position":2,"name":"Boutique","item":"http:\/\/www.artesaniaparis.com\/fr\/boutique\/"},{"@type":"ListItem","position":3,"name":"Bougie Fouett\u00e9e \u00e0 la Cannelle et Vanille"}]},{"@type":"WebSite","@id":"https:\/\/www.artesaniaparis.com\/#website","url":"https:\/\/www.artesaniaparis.com\/","name":"Mitti","description":"Une flamme, une \u00e9motion, un instant suspendu","potentialAction":[{"@type":"SearchAction","target":{"@type":"EntryPoint","urlTemplate":"https:\/\/www.artesaniaparis.com\/?s={search_term_string}"},"query-input":{"@type":"PropertyValueSpecification","valueRequired":true,"valueName":"search_term_string"}}],"inLanguage":"fr-FR"}]}},"jetpack_sharing_enabled":true,"_links":{"self":[{"href":"https:\/\/www.artesaniaparis.com\/fr\/wp-json\/wp\/v2\/product\/1666","targetHints":{"allow":["GET"]}}],"collection":[{"href":"https:\/\/www.artesaniaparis.com\/fr\/wp-json\/wp\/v2\/product"}],"about":[{"href":"https:\/\/www.artesaniaparis.com\/fr\/wp-json\/wp\/v2\/types\/product"}],"replies":[{"embeddable":true,"href":"https:\/\/www.artesaniaparis.com\/fr\/wp-json\/wp\/v2\/comments?post=1666"}],"version-history":[{"count":0,"href":"https:\/\/www.artesaniaparis.com\/fr\/wp-json\/wp\/v2\/product\/1666\/revisions"}],"wp:featuredmedia":[{"embeddable":true,"href":"https:\/\/www.artesaniaparis.com\/fr\/wp-json\/wp\/v2\/media\/1745"}],"wp:attachment":[{"href":"https:\/\/www.artesaniaparis.com\/fr\/wp-json\/wp\/v2\/media?parent=1666"}],"wp:term":[{"taxonomy":"brand","embeddable":true,"href":"https:\/\/www.artesaniaparis.com\/fr\/wp-json\/wp\/v2\/brand?post=1666"},{"taxonomy":"product_brand","embeddable":true,"href":"https:\/\/www.artesaniaparis.com\/fr\/wp-json\/wp\/v2\/product_brand?post=1666"},{"taxonomy":"product_cat","embeddable":true,"href":"https:\/\/www.artesaniaparis.com\/fr\/wp-json\/wp\/v2\/product_cat?post=1666"},{"taxonomy":"product_tag","embeddable":true,"href":"https:\/\/www.artesaniaparis.com\/fr\/wp-json\/wp\/v2\/product_tag?post=1666"}],"curies":[{"name":"wp","href":"https:\/\/api.w.org\/{rel}","templated":true}]}}