{"id":1641,"date":"2025-08-19T10:53:01","date_gmt":"2025-08-19T08:53:01","guid":{"rendered":"https:\/\/www.artesaniaparis.com\/?post_type=product&#038;p=1641"},"modified":"2025-12-11T14:15:35","modified_gmt":"2025-12-11T13:15:35","slug":"bougie-de-massage-framboise-poivre-noir","status":"publish","type":"product","link":"https:\/\/www.artesaniaparis.com\/fr\/produit\/bougie-de-massage-framboise-poivre-noir\/","title":{"rendered":"Bougie de massage Framboise &#038; Poivre Noir"},"content":{"rendered":"<p style=\"text-align: center;\" data-start=\"447\" data-end=\"743\">D\u00e9couvrez cette <strong data-start=\"463\" data-end=\"517\">bougie de massage \u00e0 la framboise et au poivre noir<\/strong> qui transforme vos soins en v\u00e9ritables rituels de bien-\u00eatre. Son parfum fruit\u00e9 de framboise relev\u00e9 par les notes \u00e9pic\u00e9es de poivre noir offre une exp\u00e9rience olfactive unique, id\u00e9ale pour \u00e9veiller les sens et relaxer le corps.<\/p>\n<p style=\"text-align: center;\" data-start=\"745\" data-end=\"1046\">En allumant cette bougie, le beurre de karit\u00e9 et le beurre de cacao qu\u2019elle contient fondent en une huile de massage chaude, douce et hydratante. Son utilisation r\u00e9guli\u00e8re laisse la peau souple, nourrie et d\u00e9licatement parfum\u00e9e, tout en favorisant la d\u00e9tente et la relaxation apr\u00e8s une longue journ\u00e9e.<\/p>\n<p style=\"text-align: center;\" data-start=\"1048\" data-end=\"1241\"><strong data-start=\"1048\" data-end=\"1066\">Points forts :<\/strong><br \/>\n\u2705 Parfum gourmand framboise et poivre noir<br data-start=\"1109\" data-end=\"1112\" \/>\u2705 Hydrate, nourrit et parfume la peau<br data-start=\"1149\" data-end=\"1152\" \/>\u2705 Cr\u00e9e une atmosph\u00e8re relaxante lors du massage<br data-start=\"1199\" data-end=\"1202\" \/>\u2705 Fabrication artisanale au Royaume-Uni<\/p>\n<p style=\"text-align: center;\" data-start=\"1243\" data-end=\"1368\">Parfait pour vos rituels du soir ou pour offrir \u00e0 vos clientes un instant cocooning unique gr\u00e2ce aux bougies Artesania Paris.<\/p>\n<h2 style=\"text-align: center;\" data-start=\"1595\" data-end=\"1625\">\ud83d\udce6 <strong data-start=\"1601\" data-end=\"1625\">D\u00e9tails techniques :<\/strong><\/h2>\n<ul data-start=\"1626\" data-end=\"1826\">\n<li style=\"text-align: center;\" data-start=\"1626\" data-end=\"1644\">\n<p data-start=\"1628\" data-end=\"1644\"><strong data-start=\"1628\" data-end=\"1639\">Poids :<\/strong> 60 g<\/p>\n<\/li>\n<li style=\"text-align: center;\" data-start=\"1645\" data-end=\"1693\">\n<p data-start=\"1647\" data-end=\"1693\"><strong data-start=\"1647\" data-end=\"1672\">Dur\u00e9e de combustion :<\/strong> 12-15 heures environ<\/p>\n<\/li>\n<li data-start=\"1694\" data-end=\"1758\">\n<p style=\"text-align: center;\" data-start=\"1696\" data-end=\"1758\"><strong data-start=\"1696\" data-end=\"1724\">Ingr\u00e9dients principaux :<\/strong> Beurre de karit\u00e9, beurre de cacao<\/p>\n<\/li>\n<\/ul>\n","protected":false},"excerpt":{"rendered":"<p style=\"text-align: center;\">Bougie de massage artisanale au parfum gourmand de framboise relev\u00e9 par des notes \u00e9pic\u00e9es de poivre noir. Parfaite pour vos rituels d\u00e9tente tout en nourrissant la peau.<\/p>\n","protected":false},"featured_media":1707,"comment_status":"open","ping_status":"closed","template":"","meta":[],"brand":[],"product_brand":[],"product_cat":[470],"product_tag":[101,92,102,149,137,150,151,152,99,140,146],"class_list":{"0":"post-1641","1":"product","2":"type-product","3":"status-publish","4":"has-post-thumbnail","6":"product_cat-bougies-de-massage","7":"product_tag-artisanat","8":"product_tag-bien-etre","9":"product_tag-bougie-artisanale","10":"product_tag-bougie-de-massage","11":"product_tag-detente","12":"product_tag-framboise","13":"product_tag-massage","14":"product_tag-poivre-noir","15":"product_tag-relaxation","16":"product_tag-soin-corps","17":"product_tag-spa-maison","18":"left-slider","20":"first","21":"instock","22":"shipping-taxable","23":"purchasable","24":"product-type-simple"},"yoast_head":"<!-- This site is optimized with the Yoast SEO plugin v26.9 - https:\/\/yoast.com\/product\/yoast-seo-wordpress\/ -->\n<title>Bougie de massage framboise &amp; poivre noir \u2013 Hydratante &amp; parfum\u00e9e \u2013 Artesania Paris<\/title>\n<meta name=\"description\" content=\"Bougie de massage artisanale framboise et poivre noir, hydratante et parfum\u00e9e, id\u00e9ale pour vos rituels bien-\u00eatre et d\u00e9tente \u00e0 la maison. Artesania Paris.\" \/>\n<meta name=\"robots\" content=\"index, follow, max-snippet:-1, max-image-preview:large, max-video-preview:-1\" \/>\n<link rel=\"canonical\" href=\"https:\/\/www.artesaniaparis.com\/fr\/produit\/bougie-de-massage-framboise-poivre-noir\/\" \/>\n<meta property=\"og:locale\" content=\"fr_FR\" \/>\n<meta property=\"og:type\" content=\"article\" \/>\n<meta property=\"og:title\" content=\"Bougie de massage framboise &amp; poivre noir \u2013 Hydratante &amp; parfum\u00e9e \u2013 Artesania Paris\" \/>\n<meta property=\"og:description\" content=\"Bougie de massage artisanale framboise et poivre noir, hydratante et parfum\u00e9e, id\u00e9ale pour vos rituels bien-\u00eatre et d\u00e9tente \u00e0 la maison. Artesania Paris.\" \/>\n<meta property=\"og:url\" content=\"https:\/\/www.artesaniaparis.com\/fr\/produit\/bougie-de-massage-framboise-poivre-noir\/\" \/>\n<meta property=\"og:site_name\" content=\"Mitti\" \/>\n<meta property=\"article:modified_time\" content=\"2025-12-11T13:15:35+00:00\" \/>\n<meta property=\"og:image\" content=\"https:\/\/www.artesaniaparis.com\/wp-content\/uploads\/2025\/08\/b42950f1e90a2f99170925d1e736d902596d355f37264be1c44026bb4d510d0f.webp\" \/>\n\t<meta property=\"og:image:width\" content=\"429\" \/>\n\t<meta property=\"og:image:height\" content=\"429\" \/>\n\t<meta property=\"og:image:type\" content=\"image\/webp\" \/>\n<meta name=\"twitter:card\" content=\"summary_large_image\" \/>\n<meta name=\"twitter:label1\" content=\"Dur\u00e9e de lecture estim\u00e9e\" \/>\n\t<meta name=\"twitter:data1\" content=\"2 minutes\" \/>\n<script type=\"application\/ld+json\" class=\"yoast-schema-graph\">{\"@context\":\"https:\/\/schema.org\",\"@graph\":[{\"@type\":\"WebPage\",\"@id\":\"https:\/\/www.artesaniaparis.com\/produit\/bougie-de-massage-framboise-poivre-noir\/\",\"url\":\"https:\/\/www.artesaniaparis.com\/produit\/bougie-de-massage-framboise-poivre-noir\/\",\"name\":\"Bougie de massage framboise &amp; poivre noir \u2013 Hydratante &amp; parfum\u00e9e \u2013 Artesania Paris\",\"isPartOf\":{\"@id\":\"https:\/\/www.artesaniaparis.com\/#website\"},\"primaryImageOfPage\":{\"@id\":\"https:\/\/www.artesaniaparis.com\/produit\/bougie-de-massage-framboise-poivre-noir\/#primaryimage\"},\"image\":{\"@id\":\"https:\/\/www.artesaniaparis.com\/produit\/bougie-de-massage-framboise-poivre-noir\/#primaryimage\"},\"thumbnailUrl\":\"https:\/\/www.artesaniaparis.com\/wp-content\/uploads\/2025\/08\/b42950f1e90a2f99170925d1e736d902596d355f37264be1c44026bb4d510d0f.webp\",\"datePublished\":\"2025-08-19T08:53:01+00:00\",\"dateModified\":\"2025-12-11T13:15:35+00:00\",\"description\":\"Bougie de massage artisanale framboise et poivre noir, hydratante et parfum\u00e9e, id\u00e9ale pour vos rituels bien-\u00eatre et d\u00e9tente \u00e0 la maison. Artesania Paris.\",\"breadcrumb\":{\"@id\":\"https:\/\/www.artesaniaparis.com\/produit\/bougie-de-massage-framboise-poivre-noir\/#breadcrumb\"},\"inLanguage\":\"fr-FR\",\"potentialAction\":[{\"@type\":\"ReadAction\",\"target\":[\"https:\/\/www.artesaniaparis.com\/produit\/bougie-de-massage-framboise-poivre-noir\/\"]}]},{\"@type\":\"ImageObject\",\"inLanguage\":\"fr-FR\",\"@id\":\"https:\/\/www.artesaniaparis.com\/produit\/bougie-de-massage-framboise-poivre-noir\/#primaryimage\",\"url\":\"https:\/\/www.artesaniaparis.com\/wp-content\/uploads\/2025\/08\/b42950f1e90a2f99170925d1e736d902596d355f37264be1c44026bb4d510d0f.webp\",\"contentUrl\":\"https:\/\/www.artesaniaparis.com\/wp-content\/uploads\/2025\/08\/b42950f1e90a2f99170925d1e736d902596d355f37264be1c44026bb4d510d0f.webp\",\"width\":429,\"height\":429},{\"@type\":\"BreadcrumbList\",\"@id\":\"https:\/\/www.artesaniaparis.com\/produit\/bougie-de-massage-framboise-poivre-noir\/#breadcrumb\",\"itemListElement\":[{\"@type\":\"ListItem\",\"position\":1,\"name\":\"Accueil\",\"item\":\"https:\/\/www.artesaniaparis.com\/fr\/\"},{\"@type\":\"ListItem\",\"position\":2,\"name\":\"Boutique\",\"item\":\"http:\/\/www.artesaniaparis.com\/fr\/boutique\/\"},{\"@type\":\"ListItem\",\"position\":3,\"name\":\"Bougie de massage Framboise &#038; Poivre Noir\"}]},{\"@type\":\"WebSite\",\"@id\":\"https:\/\/www.artesaniaparis.com\/#website\",\"url\":\"https:\/\/www.artesaniaparis.com\/\",\"name\":\"Mitti\",\"description\":\"Une flamme, une \u00e9motion, un instant suspendu\",\"potentialAction\":[{\"@type\":\"SearchAction\",\"target\":{\"@type\":\"EntryPoint\",\"urlTemplate\":\"https:\/\/www.artesaniaparis.com\/?s={search_term_string}\"},\"query-input\":{\"@type\":\"PropertyValueSpecification\",\"valueRequired\":true,\"valueName\":\"search_term_string\"}}],\"inLanguage\":\"fr-FR\"}]}<\/script>\n<!-- \/ Yoast SEO plugin. -->","yoast_head_json":{"title":"Bougie de massage framboise &amp; poivre noir \u2013 Hydratante &amp; parfum\u00e9e \u2013 Artesania Paris","description":"Bougie de massage artisanale framboise et poivre noir, hydratante et parfum\u00e9e, id\u00e9ale pour vos rituels bien-\u00eatre et d\u00e9tente \u00e0 la maison. Artesania Paris.","robots":{"index":"index","follow":"follow","max-snippet":"max-snippet:-1","max-image-preview":"max-image-preview:large","max-video-preview":"max-video-preview:-1"},"canonical":"https:\/\/www.artesaniaparis.com\/fr\/produit\/bougie-de-massage-framboise-poivre-noir\/","og_locale":"fr_FR","og_type":"article","og_title":"Bougie de massage framboise &amp; poivre noir \u2013 Hydratante &amp; parfum\u00e9e \u2013 Artesania Paris","og_description":"Bougie de massage artisanale framboise et poivre noir, hydratante et parfum\u00e9e, id\u00e9ale pour vos rituels bien-\u00eatre et d\u00e9tente \u00e0 la maison. Artesania Paris.","og_url":"https:\/\/www.artesaniaparis.com\/fr\/produit\/bougie-de-massage-framboise-poivre-noir\/","og_site_name":"Mitti","article_modified_time":"2025-12-11T13:15:35+00:00","og_image":[{"width":429,"height":429,"url":"https:\/\/www.artesaniaparis.com\/wp-content\/uploads\/2025\/08\/b42950f1e90a2f99170925d1e736d902596d355f37264be1c44026bb4d510d0f.webp","type":"image\/webp"}],"twitter_card":"summary_large_image","twitter_misc":{"Dur\u00e9e de lecture estim\u00e9e":"2 minutes"},"schema":{"@context":"https:\/\/schema.org","@graph":[{"@type":"WebPage","@id":"https:\/\/www.artesaniaparis.com\/produit\/bougie-de-massage-framboise-poivre-noir\/","url":"https:\/\/www.artesaniaparis.com\/produit\/bougie-de-massage-framboise-poivre-noir\/","name":"Bougie de massage framboise &amp; poivre noir \u2013 Hydratante &amp; parfum\u00e9e \u2013 Artesania Paris","isPartOf":{"@id":"https:\/\/www.artesaniaparis.com\/#website"},"primaryImageOfPage":{"@id":"https:\/\/www.artesaniaparis.com\/produit\/bougie-de-massage-framboise-poivre-noir\/#primaryimage"},"image":{"@id":"https:\/\/www.artesaniaparis.com\/produit\/bougie-de-massage-framboise-poivre-noir\/#primaryimage"},"thumbnailUrl":"https:\/\/www.artesaniaparis.com\/wp-content\/uploads\/2025\/08\/b42950f1e90a2f99170925d1e736d902596d355f37264be1c44026bb4d510d0f.webp","datePublished":"2025-08-19T08:53:01+00:00","dateModified":"2025-12-11T13:15:35+00:00","description":"Bougie de massage artisanale framboise et poivre noir, hydratante et parfum\u00e9e, id\u00e9ale pour vos rituels bien-\u00eatre et d\u00e9tente \u00e0 la maison. Artesania Paris.","breadcrumb":{"@id":"https:\/\/www.artesaniaparis.com\/produit\/bougie-de-massage-framboise-poivre-noir\/#breadcrumb"},"inLanguage":"fr-FR","potentialAction":[{"@type":"ReadAction","target":["https:\/\/www.artesaniaparis.com\/produit\/bougie-de-massage-framboise-poivre-noir\/"]}]},{"@type":"ImageObject","inLanguage":"fr-FR","@id":"https:\/\/www.artesaniaparis.com\/produit\/bougie-de-massage-framboise-poivre-noir\/#primaryimage","url":"https:\/\/www.artesaniaparis.com\/wp-content\/uploads\/2025\/08\/b42950f1e90a2f99170925d1e736d902596d355f37264be1c44026bb4d510d0f.webp","contentUrl":"https:\/\/www.artesaniaparis.com\/wp-content\/uploads\/2025\/08\/b42950f1e90a2f99170925d1e736d902596d355f37264be1c44026bb4d510d0f.webp","width":429,"height":429},{"@type":"BreadcrumbList","@id":"https:\/\/www.artesaniaparis.com\/produit\/bougie-de-massage-framboise-poivre-noir\/#breadcrumb","itemListElement":[{"@type":"ListItem","position":1,"name":"Accueil","item":"https:\/\/www.artesaniaparis.com\/fr\/"},{"@type":"ListItem","position":2,"name":"Boutique","item":"http:\/\/www.artesaniaparis.com\/fr\/boutique\/"},{"@type":"ListItem","position":3,"name":"Bougie de massage Framboise &#038; Poivre Noir"}]},{"@type":"WebSite","@id":"https:\/\/www.artesaniaparis.com\/#website","url":"https:\/\/www.artesaniaparis.com\/","name":"Mitti","description":"Une flamme, une \u00e9motion, un instant suspendu","potentialAction":[{"@type":"SearchAction","target":{"@type":"EntryPoint","urlTemplate":"https:\/\/www.artesaniaparis.com\/?s={search_term_string}"},"query-input":{"@type":"PropertyValueSpecification","valueRequired":true,"valueName":"search_term_string"}}],"inLanguage":"fr-FR"}]}},"jetpack_sharing_enabled":true,"_links":{"self":[{"href":"https:\/\/www.artesaniaparis.com\/fr\/wp-json\/wp\/v2\/product\/1641","targetHints":{"allow":["GET"]}}],"collection":[{"href":"https:\/\/www.artesaniaparis.com\/fr\/wp-json\/wp\/v2\/product"}],"about":[{"href":"https:\/\/www.artesaniaparis.com\/fr\/wp-json\/wp\/v2\/types\/product"}],"replies":[{"embeddable":true,"href":"https:\/\/www.artesaniaparis.com\/fr\/wp-json\/wp\/v2\/comments?post=1641"}],"version-history":[{"count":0,"href":"https:\/\/www.artesaniaparis.com\/fr\/wp-json\/wp\/v2\/product\/1641\/revisions"}],"wp:featuredmedia":[{"embeddable":true,"href":"https:\/\/www.artesaniaparis.com\/fr\/wp-json\/wp\/v2\/media\/1707"}],"wp:attachment":[{"href":"https:\/\/www.artesaniaparis.com\/fr\/wp-json\/wp\/v2\/media?parent=1641"}],"wp:term":[{"taxonomy":"brand","embeddable":true,"href":"https:\/\/www.artesaniaparis.com\/fr\/wp-json\/wp\/v2\/brand?post=1641"},{"taxonomy":"product_brand","embeddable":true,"href":"https:\/\/www.artesaniaparis.com\/fr\/wp-json\/wp\/v2\/product_brand?post=1641"},{"taxonomy":"product_cat","embeddable":true,"href":"https:\/\/www.artesaniaparis.com\/fr\/wp-json\/wp\/v2\/product_cat?post=1641"},{"taxonomy":"product_tag","embeddable":true,"href":"https:\/\/www.artesaniaparis.com\/fr\/wp-json\/wp\/v2\/product_tag?post=1641"}],"curies":[{"name":"wp","href":"https:\/\/api.w.org\/{rel}","templated":true}]}}