{"id":1637,"date":"2025-08-19T10:52:58","date_gmt":"2025-08-19T08:52:58","guid":{"rendered":"https:\/\/www.artesaniaparis.com\/?post_type=product&#038;p=1637"},"modified":"2025-08-19T10:55:23","modified_gmt":"2025-08-19T08:55:23","slug":"bougie-de-massage-man-soin-masculin-detente","status":"publish","type":"product","link":"https:\/\/www.artesaniaparis.com\/fr\/produit\/bougie-de-massage-man-soin-masculin-detente\/","title":{"rendered":"Bougie de massage MAN \u2013 Soin masculin d\u00e9tente"},"content":{"rendered":"<p style=\"text-align: center;\" data-start=\"834\" data-end=\"977\">Cette <strong data-start=\"840\" data-end=\"865\">bougie de massage MAN<\/strong> offre un parfum masculin raffin\u00e9 tout en transformant vos massages en v\u00e9ritables moments de d\u00e9tente et de soin.<\/p>\n<p style=\"text-align: center;\" data-start=\"979\" data-end=\"1181\">Elle fond en une huile chaude enrichie en beurre de karit\u00e9 et de cacao, nourrissant et hydratant la peau en profondeur, tout en laissant un parfum \u00e9l\u00e9gant m\u00ealant agrumes, bois de santal et ambre musqu\u00e9.<\/p>\n<p style=\"text-align: center;\" data-start=\"1183\" data-end=\"1288\">Id\u00e9ale pour un massage relaxant apr\u00e8s le sport, une soir\u00e9e d\u00e9tente ou pour offrir un moment de bien-\u00eatre.<\/p>\n<p style=\"text-align: center;\" data-start=\"1290\" data-end=\"1497\">\u2728 <strong data-start=\"1292\" data-end=\"1314\">Caract\u00e9ristiques :<\/strong><br data-start=\"1314\" data-end=\"1317\" \/>\u2714\ufe0f Parfum masculin bois\u00e9 et \u00e9l\u00e9gant<br data-start=\"1352\" data-end=\"1355\" \/>\u2714\ufe0f Format : 60 g<br data-start=\"1371\" data-end=\"1374\" \/>\u2714\ufe0f Fabrication artisanale au Royaume-Uni<br data-start=\"1414\" data-end=\"1417\" \/>\u2714\ufe0f \u00c0 base de beurre de karit\u00e9 et cacao<br data-start=\"1455\" data-end=\"1458\" \/>\u2714\ufe0f Utilisation : massage, soin, d\u00e9tente<\/p>\n","protected":false},"excerpt":{"rendered":"<p style=\"text-align: center;\"><strong>Bougie de massage MAN, au parfum masculin raffin\u00e9, id\u00e9ale pour un soin d\u00e9tente et nourrissant \u00e0 la maison.<\/strong><\/p>\n","protected":false},"featured_media":1698,"comment_status":"open","ping_status":"closed","template":"","meta":[],"brand":[],"product_brand":[],"product_cat":[470],"product_tag":[101,92,135,141,142,99,143],"class_list":{"0":"post-1637","1":"product","2":"type-product","3":"status-publish","4":"has-post-thumbnail","6":"product_cat-bougies-de-massage","7":"product_tag-artisanat","8":"product_tag-bien-etre","9":"product_tag-bougie-massage","10":"product_tag-cadeau-homme","11":"product_tag-homme","12":"product_tag-relaxation","13":"product_tag-soin-detente","14":"left-slider","16":"first","17":"instock","18":"shipping-taxable","19":"purchasable","20":"product-type-simple"},"yoast_head":"<!-- This site is optimized with the Yoast SEO plugin v26.9 - https:\/\/yoast.com\/product\/yoast-seo-wordpress\/ -->\n<title>Bougie de massage MAN \u2013 Soin masculin d\u00e9tente - Mitti<\/title>\n<meta name=\"description\" content=\"Bougie de massage MAN au parfum masculin, pour un soin d\u00e9tente nourrissant et un moment de relaxation \u00e0 la maison.\" \/>\n<meta name=\"robots\" content=\"index, follow, max-snippet:-1, max-image-preview:large, max-video-preview:-1\" \/>\n<link rel=\"canonical\" href=\"https:\/\/www.artesaniaparis.com\/fr\/produit\/bougie-de-massage-man-soin-masculin-detente\/\" \/>\n<meta property=\"og:locale\" content=\"fr_FR\" \/>\n<meta property=\"og:type\" content=\"article\" \/>\n<meta property=\"og:title\" content=\"Bougie de massage MAN \u2013 Soin masculin d\u00e9tente - Mitti\" \/>\n<meta property=\"og:description\" content=\"Bougie de massage MAN au parfum masculin, pour un soin d\u00e9tente nourrissant et un moment de relaxation \u00e0 la maison.\" \/>\n<meta property=\"og:url\" content=\"https:\/\/www.artesaniaparis.com\/fr\/produit\/bougie-de-massage-man-soin-masculin-detente\/\" \/>\n<meta property=\"og:site_name\" content=\"Mitti\" \/>\n<meta property=\"article:modified_time\" content=\"2025-08-19T08:55:23+00:00\" \/>\n<meta property=\"og:image\" content=\"https:\/\/www.artesaniaparis.com\/wp-content\/uploads\/2025\/08\/cba584e7c96a35abe23cd0ce29485e48b8733ace17420ea7c98a233b073a764b.webp\" \/>\n\t<meta property=\"og:image:width\" content=\"429\" \/>\n\t<meta property=\"og:image:height\" content=\"429\" \/>\n\t<meta property=\"og:image:type\" content=\"image\/webp\" \/>\n<meta name=\"twitter:card\" content=\"summary_large_image\" \/>\n<meta name=\"twitter:label1\" content=\"Dur\u00e9e de lecture estim\u00e9e\" \/>\n\t<meta name=\"twitter:data1\" content=\"1 minute\" \/>\n<script type=\"application\/ld+json\" class=\"yoast-schema-graph\">{\"@context\":\"https:\/\/schema.org\",\"@graph\":[{\"@type\":\"WebPage\",\"@id\":\"https:\/\/www.artesaniaparis.com\/produit\/bougie-de-massage-man-soin-masculin-detente\/\",\"url\":\"https:\/\/www.artesaniaparis.com\/produit\/bougie-de-massage-man-soin-masculin-detente\/\",\"name\":\"Bougie de massage MAN \u2013 Soin masculin d\u00e9tente - Mitti\",\"isPartOf\":{\"@id\":\"https:\/\/www.artesaniaparis.com\/#website\"},\"primaryImageOfPage\":{\"@id\":\"https:\/\/www.artesaniaparis.com\/produit\/bougie-de-massage-man-soin-masculin-detente\/#primaryimage\"},\"image\":{\"@id\":\"https:\/\/www.artesaniaparis.com\/produit\/bougie-de-massage-man-soin-masculin-detente\/#primaryimage\"},\"thumbnailUrl\":\"https:\/\/www.artesaniaparis.com\/wp-content\/uploads\/2025\/08\/cba584e7c96a35abe23cd0ce29485e48b8733ace17420ea7c98a233b073a764b.webp\",\"datePublished\":\"2025-08-19T08:52:58+00:00\",\"dateModified\":\"2025-08-19T08:55:23+00:00\",\"description\":\"Bougie de massage MAN au parfum masculin, pour un soin d\u00e9tente nourrissant et un moment de relaxation \u00e0 la maison.\",\"breadcrumb\":{\"@id\":\"https:\/\/www.artesaniaparis.com\/produit\/bougie-de-massage-man-soin-masculin-detente\/#breadcrumb\"},\"inLanguage\":\"fr-FR\",\"potentialAction\":[{\"@type\":\"ReadAction\",\"target\":[\"https:\/\/www.artesaniaparis.com\/produit\/bougie-de-massage-man-soin-masculin-detente\/\"]}]},{\"@type\":\"ImageObject\",\"inLanguage\":\"fr-FR\",\"@id\":\"https:\/\/www.artesaniaparis.com\/produit\/bougie-de-massage-man-soin-masculin-detente\/#primaryimage\",\"url\":\"https:\/\/www.artesaniaparis.com\/wp-content\/uploads\/2025\/08\/cba584e7c96a35abe23cd0ce29485e48b8733ace17420ea7c98a233b073a764b.webp\",\"contentUrl\":\"https:\/\/www.artesaniaparis.com\/wp-content\/uploads\/2025\/08\/cba584e7c96a35abe23cd0ce29485e48b8733ace17420ea7c98a233b073a764b.webp\",\"width\":429,\"height\":429},{\"@type\":\"BreadcrumbList\",\"@id\":\"https:\/\/www.artesaniaparis.com\/produit\/bougie-de-massage-man-soin-masculin-detente\/#breadcrumb\",\"itemListElement\":[{\"@type\":\"ListItem\",\"position\":1,\"name\":\"Accueil\",\"item\":\"https:\/\/www.artesaniaparis.com\/fr\/\"},{\"@type\":\"ListItem\",\"position\":2,\"name\":\"Boutique\",\"item\":\"http:\/\/www.artesaniaparis.com\/fr\/boutique\/\"},{\"@type\":\"ListItem\",\"position\":3,\"name\":\"Bougie de massage MAN \u2013 Soin masculin d\u00e9tente\"}]},{\"@type\":\"WebSite\",\"@id\":\"https:\/\/www.artesaniaparis.com\/#website\",\"url\":\"https:\/\/www.artesaniaparis.com\/\",\"name\":\"Mitti\",\"description\":\"Une flamme, une \u00e9motion, un instant suspendu\",\"potentialAction\":[{\"@type\":\"SearchAction\",\"target\":{\"@type\":\"EntryPoint\",\"urlTemplate\":\"https:\/\/www.artesaniaparis.com\/?s={search_term_string}\"},\"query-input\":{\"@type\":\"PropertyValueSpecification\",\"valueRequired\":true,\"valueName\":\"search_term_string\"}}],\"inLanguage\":\"fr-FR\"}]}<\/script>\n<!-- \/ Yoast SEO plugin. -->","yoast_head_json":{"title":"Bougie de massage MAN \u2013 Soin masculin d\u00e9tente - Mitti","description":"Bougie de massage MAN au parfum masculin, pour un soin d\u00e9tente nourrissant et un moment de relaxation \u00e0 la maison.","robots":{"index":"index","follow":"follow","max-snippet":"max-snippet:-1","max-image-preview":"max-image-preview:large","max-video-preview":"max-video-preview:-1"},"canonical":"https:\/\/www.artesaniaparis.com\/fr\/produit\/bougie-de-massage-man-soin-masculin-detente\/","og_locale":"fr_FR","og_type":"article","og_title":"Bougie de massage MAN \u2013 Soin masculin d\u00e9tente - Mitti","og_description":"Bougie de massage MAN au parfum masculin, pour un soin d\u00e9tente nourrissant et un moment de relaxation \u00e0 la maison.","og_url":"https:\/\/www.artesaniaparis.com\/fr\/produit\/bougie-de-massage-man-soin-masculin-detente\/","og_site_name":"Mitti","article_modified_time":"2025-08-19T08:55:23+00:00","og_image":[{"width":429,"height":429,"url":"https:\/\/www.artesaniaparis.com\/wp-content\/uploads\/2025\/08\/cba584e7c96a35abe23cd0ce29485e48b8733ace17420ea7c98a233b073a764b.webp","type":"image\/webp"}],"twitter_card":"summary_large_image","twitter_misc":{"Dur\u00e9e de lecture estim\u00e9e":"1 minute"},"schema":{"@context":"https:\/\/schema.org","@graph":[{"@type":"WebPage","@id":"https:\/\/www.artesaniaparis.com\/produit\/bougie-de-massage-man-soin-masculin-detente\/","url":"https:\/\/www.artesaniaparis.com\/produit\/bougie-de-massage-man-soin-masculin-detente\/","name":"Bougie de massage MAN \u2013 Soin masculin d\u00e9tente - Mitti","isPartOf":{"@id":"https:\/\/www.artesaniaparis.com\/#website"},"primaryImageOfPage":{"@id":"https:\/\/www.artesaniaparis.com\/produit\/bougie-de-massage-man-soin-masculin-detente\/#primaryimage"},"image":{"@id":"https:\/\/www.artesaniaparis.com\/produit\/bougie-de-massage-man-soin-masculin-detente\/#primaryimage"},"thumbnailUrl":"https:\/\/www.artesaniaparis.com\/wp-content\/uploads\/2025\/08\/cba584e7c96a35abe23cd0ce29485e48b8733ace17420ea7c98a233b073a764b.webp","datePublished":"2025-08-19T08:52:58+00:00","dateModified":"2025-08-19T08:55:23+00:00","description":"Bougie de massage MAN au parfum masculin, pour un soin d\u00e9tente nourrissant et un moment de relaxation \u00e0 la maison.","breadcrumb":{"@id":"https:\/\/www.artesaniaparis.com\/produit\/bougie-de-massage-man-soin-masculin-detente\/#breadcrumb"},"inLanguage":"fr-FR","potentialAction":[{"@type":"ReadAction","target":["https:\/\/www.artesaniaparis.com\/produit\/bougie-de-massage-man-soin-masculin-detente\/"]}]},{"@type":"ImageObject","inLanguage":"fr-FR","@id":"https:\/\/www.artesaniaparis.com\/produit\/bougie-de-massage-man-soin-masculin-detente\/#primaryimage","url":"https:\/\/www.artesaniaparis.com\/wp-content\/uploads\/2025\/08\/cba584e7c96a35abe23cd0ce29485e48b8733ace17420ea7c98a233b073a764b.webp","contentUrl":"https:\/\/www.artesaniaparis.com\/wp-content\/uploads\/2025\/08\/cba584e7c96a35abe23cd0ce29485e48b8733ace17420ea7c98a233b073a764b.webp","width":429,"height":429},{"@type":"BreadcrumbList","@id":"https:\/\/www.artesaniaparis.com\/produit\/bougie-de-massage-man-soin-masculin-detente\/#breadcrumb","itemListElement":[{"@type":"ListItem","position":1,"name":"Accueil","item":"https:\/\/www.artesaniaparis.com\/fr\/"},{"@type":"ListItem","position":2,"name":"Boutique","item":"http:\/\/www.artesaniaparis.com\/fr\/boutique\/"},{"@type":"ListItem","position":3,"name":"Bougie de massage MAN \u2013 Soin masculin d\u00e9tente"}]},{"@type":"WebSite","@id":"https:\/\/www.artesaniaparis.com\/#website","url":"https:\/\/www.artesaniaparis.com\/","name":"Mitti","description":"Une flamme, une \u00e9motion, un instant suspendu","potentialAction":[{"@type":"SearchAction","target":{"@type":"EntryPoint","urlTemplate":"https:\/\/www.artesaniaparis.com\/?s={search_term_string}"},"query-input":{"@type":"PropertyValueSpecification","valueRequired":true,"valueName":"search_term_string"}}],"inLanguage":"fr-FR"}]}},"jetpack_sharing_enabled":true,"_links":{"self":[{"href":"https:\/\/www.artesaniaparis.com\/fr\/wp-json\/wp\/v2\/product\/1637","targetHints":{"allow":["GET"]}}],"collection":[{"href":"https:\/\/www.artesaniaparis.com\/fr\/wp-json\/wp\/v2\/product"}],"about":[{"href":"https:\/\/www.artesaniaparis.com\/fr\/wp-json\/wp\/v2\/types\/product"}],"replies":[{"embeddable":true,"href":"https:\/\/www.artesaniaparis.com\/fr\/wp-json\/wp\/v2\/comments?post=1637"}],"version-history":[{"count":0,"href":"https:\/\/www.artesaniaparis.com\/fr\/wp-json\/wp\/v2\/product\/1637\/revisions"}],"wp:featuredmedia":[{"embeddable":true,"href":"https:\/\/www.artesaniaparis.com\/fr\/wp-json\/wp\/v2\/media\/1698"}],"wp:attachment":[{"href":"https:\/\/www.artesaniaparis.com\/fr\/wp-json\/wp\/v2\/media?parent=1637"}],"wp:term":[{"taxonomy":"brand","embeddable":true,"href":"https:\/\/www.artesaniaparis.com\/fr\/wp-json\/wp\/v2\/brand?post=1637"},{"taxonomy":"product_brand","embeddable":true,"href":"https:\/\/www.artesaniaparis.com\/fr\/wp-json\/wp\/v2\/product_brand?post=1637"},{"taxonomy":"product_cat","embeddable":true,"href":"https:\/\/www.artesaniaparis.com\/fr\/wp-json\/wp\/v2\/product_cat?post=1637"},{"taxonomy":"product_tag","embeddable":true,"href":"https:\/\/www.artesaniaparis.com\/fr\/wp-json\/wp\/v2\/product_tag?post=1637"}],"curies":[{"name":"wp","href":"https:\/\/api.w.org\/{rel}","templated":true}]}}