{"id":1627,"date":"2025-08-19T10:52:51","date_gmt":"2025-08-19T08:52:51","guid":{"rendered":"https:\/\/www.artesaniaparis.com\/?post_type=product&#038;p=1627"},"modified":"2025-08-19T10:53:59","modified_gmt":"2025-08-19T08:53:59","slug":"bougie-parfumee-en-verre-citron-vert-et-gingembre","status":"publish","type":"product","link":"https:\/\/www.artesaniaparis.com\/fr\/produit\/bougie-parfumee-en-verre-citron-vert-et-gingembre\/","title":{"rendered":"bougie parfum\u00e9e en verre \u2013 citron vert et gingembre"},"content":{"rendered":"<p data-start=\"1012\" data-end=\"1137\">Offrez une ambiance fra\u00eeche et relaxante \u00e0 votre int\u00e9rieur avec cette bougie artisanale parfum\u00e9e au citron vert et gingembre.<\/p>\n<p data-start=\"1139\" data-end=\"1386\">Son parfum vivifiant et purifiant, associ\u00e9 \u00e0 un bocal en verre \u00e9l\u00e9gant, apporte une touche d\u00e9corative naturelle dans votre maison. Avec ses <strong data-start=\"1279\" data-end=\"1306\">20 heures de combustion<\/strong>, elle est parfaite pour vos moments de d\u00e9tente ou comme id\u00e9e cadeau artisanale.<\/p>\n<p data-start=\"1388\" data-end=\"1488\">Une fois la bougie consum\u00e9e, le bocal en verre peut \u00eatre r\u00e9utilis\u00e9 comme pot d\u00e9coratif ou rangement.<\/p>\n<p data-start=\"1490\" data-end=\"1701\">\u2728 <strong data-start=\"1492\" data-end=\"1514\">Caract\u00e9ristiques :<\/strong><br data-start=\"1514\" data-end=\"1517\" \/>\u2714\ufe0f Parfum : Citron vert &amp; gingembre<br data-start=\"1552\" data-end=\"1555\" \/>\u2714\ufe0f Poids : 240 g<br data-start=\"1571\" data-end=\"1574\" \/>\u2714\ufe0f Dur\u00e9e de combustion : 20 heures<br data-start=\"1608\" data-end=\"1611\" \/>\u2714\ufe0f Dimensions : 7,5 x 7 x 6,3 cm<br data-start=\"1643\" data-end=\"1646\" \/>\u2714\ufe0f Fabriqu\u00e9e en Espagne<br data-start=\"1669\" data-end=\"1672\" \/>\u2714\ufe0f Artisanale et r\u00e9utilisable<\/p>\n","protected":false},"excerpt":{"rendered":"<p>Bougie artisanale parfum\u00e9e au citron vert et gingembre dans un \u00e9l\u00e9gant bocal en verre, 240 g, avec 20 heures de combustion pour parfumer et purifier votre int\u00e9rieur.<\/p>\n","protected":false},"featured_media":1662,"comment_status":"open","ping_status":"closed","template":"","meta":[],"brand":[],"product_brand":[],"product_cat":[469],"product_tag":[101,92,102,103,104,105,106,107,99],"class_list":{"0":"post-1627","1":"product","2":"type-product","3":"status-publish","4":"has-post-thumbnail","6":"product_cat-bougies-esoteriques","7":"product_tag-artisanat","8":"product_tag-bien-etre","9":"product_tag-bougie-artisanale","10":"product_tag-bougie-longue-duree","11":"product_tag-bougie-parfumee","12":"product_tag-citron-vert","13":"product_tag-decoration-maison","14":"product_tag-gingembre","15":"product_tag-relaxation","16":"left-slider","18":"first","19":"instock","20":"shipping-taxable","21":"purchasable","22":"product-type-simple"},"yoast_head":"<!-- This site is optimized with the Yoast SEO plugin v26.9 - https:\/\/yoast.com\/product\/yoast-seo-wordpress\/ -->\n<title>bougie parfum\u00e9e en verre \u2013 citron vert et gingembre - Mitti<\/title>\n<meta name=\"description\" content=\"Bougie parfum\u00e9e artisanale au citron vert et gingembre, 20h de combustion, dans un \u00e9l\u00e9gant bocal en verre pour parfumer et d\u00e9corer votre int\u00e9rieur.\" \/>\n<meta name=\"robots\" content=\"index, follow, max-snippet:-1, max-image-preview:large, max-video-preview:-1\" \/>\n<link rel=\"canonical\" href=\"https:\/\/www.artesaniaparis.com\/fr\/produit\/bougie-parfumee-en-verre-citron-vert-et-gingembre\/\" \/>\n<meta property=\"og:locale\" content=\"fr_FR\" \/>\n<meta property=\"og:type\" content=\"article\" \/>\n<meta property=\"og:title\" content=\"bougie parfum\u00e9e en verre \u2013 citron vert et gingembre - Mitti\" \/>\n<meta property=\"og:description\" content=\"Bougie parfum\u00e9e artisanale au citron vert et gingembre, 20h de combustion, dans un \u00e9l\u00e9gant bocal en verre pour parfumer et d\u00e9corer votre int\u00e9rieur.\" \/>\n<meta property=\"og:url\" content=\"https:\/\/www.artesaniaparis.com\/fr\/produit\/bougie-parfumee-en-verre-citron-vert-et-gingembre\/\" \/>\n<meta property=\"og:site_name\" content=\"Mitti\" \/>\n<meta property=\"article:modified_time\" content=\"2025-08-19T08:53:59+00:00\" \/>\n<meta property=\"og:image\" content=\"https:\/\/www.artesaniaparis.com\/wp-content\/uploads\/2025\/08\/bougie-citron.webp\" \/>\n\t<meta property=\"og:image:width\" content=\"720\" \/>\n\t<meta property=\"og:image:height\" content=\"720\" \/>\n\t<meta property=\"og:image:type\" content=\"image\/webp\" \/>\n<meta name=\"twitter:card\" content=\"summary_large_image\" \/>\n<meta name=\"twitter:label1\" content=\"Dur\u00e9e de lecture estim\u00e9e\" \/>\n\t<meta name=\"twitter:data1\" content=\"1 minute\" \/>\n<script type=\"application\/ld+json\" class=\"yoast-schema-graph\">{\"@context\":\"https:\/\/schema.org\",\"@graph\":[{\"@type\":\"WebPage\",\"@id\":\"https:\/\/www.artesaniaparis.com\/produit\/bougie-parfumee-en-verre-citron-vert-et-gingembre\/\",\"url\":\"https:\/\/www.artesaniaparis.com\/produit\/bougie-parfumee-en-verre-citron-vert-et-gingembre\/\",\"name\":\"bougie parfum\u00e9e en verre \u2013 citron vert et gingembre - Mitti\",\"isPartOf\":{\"@id\":\"https:\/\/www.artesaniaparis.com\/#website\"},\"primaryImageOfPage\":{\"@id\":\"https:\/\/www.artesaniaparis.com\/produit\/bougie-parfumee-en-verre-citron-vert-et-gingembre\/#primaryimage\"},\"image\":{\"@id\":\"https:\/\/www.artesaniaparis.com\/produit\/bougie-parfumee-en-verre-citron-vert-et-gingembre\/#primaryimage\"},\"thumbnailUrl\":\"https:\/\/www.artesaniaparis.com\/wp-content\/uploads\/2025\/08\/bougie-citron.webp\",\"datePublished\":\"2025-08-19T08:52:51+00:00\",\"dateModified\":\"2025-08-19T08:53:59+00:00\",\"description\":\"Bougie parfum\u00e9e artisanale au citron vert et gingembre, 20h de combustion, dans un \u00e9l\u00e9gant bocal en verre pour parfumer et d\u00e9corer votre int\u00e9rieur.\",\"breadcrumb\":{\"@id\":\"https:\/\/www.artesaniaparis.com\/produit\/bougie-parfumee-en-verre-citron-vert-et-gingembre\/#breadcrumb\"},\"inLanguage\":\"fr-FR\",\"potentialAction\":[{\"@type\":\"ReadAction\",\"target\":[\"https:\/\/www.artesaniaparis.com\/produit\/bougie-parfumee-en-verre-citron-vert-et-gingembre\/\"]}]},{\"@type\":\"ImageObject\",\"inLanguage\":\"fr-FR\",\"@id\":\"https:\/\/www.artesaniaparis.com\/produit\/bougie-parfumee-en-verre-citron-vert-et-gingembre\/#primaryimage\",\"url\":\"https:\/\/www.artesaniaparis.com\/wp-content\/uploads\/2025\/08\/bougie-citron.webp\",\"contentUrl\":\"https:\/\/www.artesaniaparis.com\/wp-content\/uploads\/2025\/08\/bougie-citron.webp\",\"width\":720,\"height\":720},{\"@type\":\"BreadcrumbList\",\"@id\":\"https:\/\/www.artesaniaparis.com\/produit\/bougie-parfumee-en-verre-citron-vert-et-gingembre\/#breadcrumb\",\"itemListElement\":[{\"@type\":\"ListItem\",\"position\":1,\"name\":\"Accueil\",\"item\":\"https:\/\/www.artesaniaparis.com\/fr\/\"},{\"@type\":\"ListItem\",\"position\":2,\"name\":\"Boutique\",\"item\":\"http:\/\/www.artesaniaparis.com\/fr\/boutique\/\"},{\"@type\":\"ListItem\",\"position\":3,\"name\":\"bougie parfum\u00e9e en verre \u2013 citron vert et gingembre\"}]},{\"@type\":\"WebSite\",\"@id\":\"https:\/\/www.artesaniaparis.com\/#website\",\"url\":\"https:\/\/www.artesaniaparis.com\/\",\"name\":\"Mitti\",\"description\":\"Une flamme, une \u00e9motion, un instant suspendu\",\"potentialAction\":[{\"@type\":\"SearchAction\",\"target\":{\"@type\":\"EntryPoint\",\"urlTemplate\":\"https:\/\/www.artesaniaparis.com\/?s={search_term_string}\"},\"query-input\":{\"@type\":\"PropertyValueSpecification\",\"valueRequired\":true,\"valueName\":\"search_term_string\"}}],\"inLanguage\":\"fr-FR\"}]}<\/script>\n<!-- \/ Yoast SEO plugin. -->","yoast_head_json":{"title":"bougie parfum\u00e9e en verre \u2013 citron vert et gingembre - Mitti","description":"Bougie parfum\u00e9e artisanale au citron vert et gingembre, 20h de combustion, dans un \u00e9l\u00e9gant bocal en verre pour parfumer et d\u00e9corer votre int\u00e9rieur.","robots":{"index":"index","follow":"follow","max-snippet":"max-snippet:-1","max-image-preview":"max-image-preview:large","max-video-preview":"max-video-preview:-1"},"canonical":"https:\/\/www.artesaniaparis.com\/fr\/produit\/bougie-parfumee-en-verre-citron-vert-et-gingembre\/","og_locale":"fr_FR","og_type":"article","og_title":"bougie parfum\u00e9e en verre \u2013 citron vert et gingembre - Mitti","og_description":"Bougie parfum\u00e9e artisanale au citron vert et gingembre, 20h de combustion, dans un \u00e9l\u00e9gant bocal en verre pour parfumer et d\u00e9corer votre int\u00e9rieur.","og_url":"https:\/\/www.artesaniaparis.com\/fr\/produit\/bougie-parfumee-en-verre-citron-vert-et-gingembre\/","og_site_name":"Mitti","article_modified_time":"2025-08-19T08:53:59+00:00","og_image":[{"width":720,"height":720,"url":"https:\/\/www.artesaniaparis.com\/wp-content\/uploads\/2025\/08\/bougie-citron.webp","type":"image\/webp"}],"twitter_card":"summary_large_image","twitter_misc":{"Dur\u00e9e de lecture estim\u00e9e":"1 minute"},"schema":{"@context":"https:\/\/schema.org","@graph":[{"@type":"WebPage","@id":"https:\/\/www.artesaniaparis.com\/produit\/bougie-parfumee-en-verre-citron-vert-et-gingembre\/","url":"https:\/\/www.artesaniaparis.com\/produit\/bougie-parfumee-en-verre-citron-vert-et-gingembre\/","name":"bougie parfum\u00e9e en verre \u2013 citron vert et gingembre - Mitti","isPartOf":{"@id":"https:\/\/www.artesaniaparis.com\/#website"},"primaryImageOfPage":{"@id":"https:\/\/www.artesaniaparis.com\/produit\/bougie-parfumee-en-verre-citron-vert-et-gingembre\/#primaryimage"},"image":{"@id":"https:\/\/www.artesaniaparis.com\/produit\/bougie-parfumee-en-verre-citron-vert-et-gingembre\/#primaryimage"},"thumbnailUrl":"https:\/\/www.artesaniaparis.com\/wp-content\/uploads\/2025\/08\/bougie-citron.webp","datePublished":"2025-08-19T08:52:51+00:00","dateModified":"2025-08-19T08:53:59+00:00","description":"Bougie parfum\u00e9e artisanale au citron vert et gingembre, 20h de combustion, dans un \u00e9l\u00e9gant bocal en verre pour parfumer et d\u00e9corer votre int\u00e9rieur.","breadcrumb":{"@id":"https:\/\/www.artesaniaparis.com\/produit\/bougie-parfumee-en-verre-citron-vert-et-gingembre\/#breadcrumb"},"inLanguage":"fr-FR","potentialAction":[{"@type":"ReadAction","target":["https:\/\/www.artesaniaparis.com\/produit\/bougie-parfumee-en-verre-citron-vert-et-gingembre\/"]}]},{"@type":"ImageObject","inLanguage":"fr-FR","@id":"https:\/\/www.artesaniaparis.com\/produit\/bougie-parfumee-en-verre-citron-vert-et-gingembre\/#primaryimage","url":"https:\/\/www.artesaniaparis.com\/wp-content\/uploads\/2025\/08\/bougie-citron.webp","contentUrl":"https:\/\/www.artesaniaparis.com\/wp-content\/uploads\/2025\/08\/bougie-citron.webp","width":720,"height":720},{"@type":"BreadcrumbList","@id":"https:\/\/www.artesaniaparis.com\/produit\/bougie-parfumee-en-verre-citron-vert-et-gingembre\/#breadcrumb","itemListElement":[{"@type":"ListItem","position":1,"name":"Accueil","item":"https:\/\/www.artesaniaparis.com\/fr\/"},{"@type":"ListItem","position":2,"name":"Boutique","item":"http:\/\/www.artesaniaparis.com\/fr\/boutique\/"},{"@type":"ListItem","position":3,"name":"bougie parfum\u00e9e en verre \u2013 citron vert et gingembre"}]},{"@type":"WebSite","@id":"https:\/\/www.artesaniaparis.com\/#website","url":"https:\/\/www.artesaniaparis.com\/","name":"Mitti","description":"Une flamme, une \u00e9motion, un instant suspendu","potentialAction":[{"@type":"SearchAction","target":{"@type":"EntryPoint","urlTemplate":"https:\/\/www.artesaniaparis.com\/?s={search_term_string}"},"query-input":{"@type":"PropertyValueSpecification","valueRequired":true,"valueName":"search_term_string"}}],"inLanguage":"fr-FR"}]}},"jetpack_sharing_enabled":true,"_links":{"self":[{"href":"https:\/\/www.artesaniaparis.com\/fr\/wp-json\/wp\/v2\/product\/1627","targetHints":{"allow":["GET"]}}],"collection":[{"href":"https:\/\/www.artesaniaparis.com\/fr\/wp-json\/wp\/v2\/product"}],"about":[{"href":"https:\/\/www.artesaniaparis.com\/fr\/wp-json\/wp\/v2\/types\/product"}],"replies":[{"embeddable":true,"href":"https:\/\/www.artesaniaparis.com\/fr\/wp-json\/wp\/v2\/comments?post=1627"}],"version-history":[{"count":0,"href":"https:\/\/www.artesaniaparis.com\/fr\/wp-json\/wp\/v2\/product\/1627\/revisions"}],"wp:featuredmedia":[{"embeddable":true,"href":"https:\/\/www.artesaniaparis.com\/fr\/wp-json\/wp\/v2\/media\/1662"}],"wp:attachment":[{"href":"https:\/\/www.artesaniaparis.com\/fr\/wp-json\/wp\/v2\/media?parent=1627"}],"wp:term":[{"taxonomy":"brand","embeddable":true,"href":"https:\/\/www.artesaniaparis.com\/fr\/wp-json\/wp\/v2\/brand?post=1627"},{"taxonomy":"product_brand","embeddable":true,"href":"https:\/\/www.artesaniaparis.com\/fr\/wp-json\/wp\/v2\/product_brand?post=1627"},{"taxonomy":"product_cat","embeddable":true,"href":"https:\/\/www.artesaniaparis.com\/fr\/wp-json\/wp\/v2\/product_cat?post=1627"},{"taxonomy":"product_tag","embeddable":true,"href":"https:\/\/www.artesaniaparis.com\/fr\/wp-json\/wp\/v2\/product_tag?post=1627"}],"curies":[{"name":"wp","href":"https:\/\/api.w.org\/{rel}","templated":true}]}}