{"id":1622,"date":"2025-08-19T10:52:47","date_gmt":"2025-08-19T08:52:47","guid":{"rendered":"https:\/\/www.artesaniaparis.com\/?post_type=product&#038;p=1622"},"modified":"2025-08-19T10:53:41","modified_gmt":"2025-08-19T08:53:41","slug":"fondants-parfumes-frangipanier","status":"publish","type":"product","link":"https:\/\/www.artesaniaparis.com\/fr\/produit\/fondants-parfumes-frangipanier\/","title":{"rendered":"Fondants parfum\u00e9s &#8211; Frangipanier"},"content":{"rendered":"<div class=\"flex-1 overflow-hidden @container\/thread\">\n<div class=\"h-full\">\n<div class=\"react-scroll-to-bottom--css-vyuun-79elbk h-full\">\n<div class=\"react-scroll-to-bottom--css-vyuun-1n7m0yu\">\n<div class=\"flex flex-col text-sm md:pb-9\">\n<article class=\"w-full scroll-mb-[var(--thread-trailing-height,150px)] text-token-text-primary focus-visible:outline-2 focus-visible:outline-offset-[-4px]\" dir=\"auto\" data-testid=\"conversation-turn-489\" data-scroll-anchor=\"true\">\n<div class=\"m-auto text-base py-[18px] px-3 md:px-4 w-full md:px-5 lg:px-4 xl:px-5\">\n<div class=\"mx-auto flex flex-1 gap-4 text-base md:gap-5 lg:gap-6 md:max-w-3xl lg:max-w-[40rem] xl:max-w-[48rem]\">\n<div class=\"group\/conversation-turn relative flex w-full min-w-0 flex-col agent-turn\">\n<div class=\"flex-col gap-1 md:gap-3\">\n<div class=\"flex max-w-full flex-col flex-grow\">\n<div class=\"min-h-8 text-message flex w-full flex-col items-end gap-2 whitespace-normal break-words text-start [.text-message+&amp;]:mt-5\" dir=\"auto\" data-message-author-role=\"assistant\" data-message-id=\"384bc4ca-3eda-42d4-a263-2fdb7569d02d\" data-message-model-slug=\"gpt-4o\">\n<div class=\"flex w-full flex-col gap-1 empty:hidden first:pt-[3px]\">\n<div class=\"markdown prose w-full break-words dark:prose-invert light\">\n<h2>\ud83c\udf38\u2728 <strong>Fondants parfum\u00e9s naturel \u2013 Frangipanier<\/strong> \u2728\ud83c\udf38<\/h2>\n<h3>\ud83c\udf3f <strong>Ingr\u00e9dients naturels<\/strong><\/h3>\n<p>Chaque fondants parfum\u00e9s sont compos\u00e9s exclusivement d\u2019ingr\u00e9dients respectueux de l\u2019environnement :<\/p>\n<ul>\n<li><strong>\ud83d\udd6f\ufe0f Cire de Colza<\/strong> : 100% v\u00e9g\u00e9tale et biod\u00e9gradable.<\/li>\n<li><strong>\ud83c\udf38 Parfum de Frangipanier<\/strong> : \u00c9labor\u00e9 en France, conforme aux normes <strong>IFRA<\/strong> et non toxique.<\/li>\n<li><strong>\ud83c\udf3f V\u00e9g\u00e9taux<\/strong> : Inclusions naturelles pour une exp\u00e9rience olfactive raffin\u00e9e.<\/li>\n<\/ul>\n<hr \/>\n<h3>\ud83d\udcdd <strong>Caract\u00e9ristiques des fondants parfum\u00e9s<\/strong><\/h3>\n<p>\u2022 <strong>\u2696\ufe0f Poids<\/strong> : 18 g (0,63 oz)<br \/>\n\u2022 <strong>\ud83d\udccf Dimensions<\/strong> : 4 x 1,5 cm<br \/>\n\u2022 <strong>\ud83e\udd30 Convient aux Femmes Enceintes<\/strong><br \/>\n\u2022 <strong>\ud83c\uddeb\ud83c\uddf7 Fabrication Artisanale Fran\u00e7aise<\/strong><br \/>\n\u2022 <strong>\ud83c\udf31 Parfum Certifi\u00e9 IFRA<\/strong> : S\u00e9curit\u00e9 et qualit\u00e9 assur\u00e9es<\/p>\n<hr \/>\n<h3>\ud83d\udd25 <strong>Conseils d\u2019utilisation<\/strong><\/h3>\n<ol>\n<li><strong>Placez le fondant<\/strong> dans le compartiment de votre br\u00fble-parfum.<\/li>\n<li><strong>Allumez une bougie chauffe-plat<\/strong> en dessous.<\/li>\n<li><strong>Laissez la cire fondre<\/strong> et diffusez le parfum envo\u00fbtant de frangipanier.<\/li>\n<li><strong>D\u00e9tendez-vous<\/strong> et profitez d\u2019un moment de s\u00e9r\u00e9nit\u00e9 absolue.<\/li>\n<\/ol>\n<p>\ud83d\udca1 <strong>Astuce Bien-\u00catre<\/strong> : Id\u00e9al pour cr\u00e9er une ambiance relaxante lors de vos rituels de d\u00e9tente ou pour parfumer \u00e9l\u00e9gamment votre int\u00e9rieur.<\/p>\n<hr \/>\n<h3>\ud83c\udf0d <strong>Engagement \u00e9coresponsable<\/strong><\/h3>\n<ul>\n<li><strong>\u267b\ufe0f Mat\u00e9riaux<\/strong> : Sans plastique, 100% v\u00e9gans<\/li>\n<li><strong>\ud83c\udf31 Emballage<\/strong> : Recyclable et minimaliste<\/li>\n<li><strong>\ud83d\udee0\ufe0f Production<\/strong> : Approvisionnement \u00e9thique, commerce \u00e9quitable et sans test sur les animaux<\/li>\n<li><strong>\ud83d\ude9b Transport<\/strong> : \u00c0 faible impact environnemental<\/li>\n<\/ul>\n<hr \/>\n<h3>\ud83d\udce6 <strong>D\u00e9tails du produit<\/strong><\/h3>\n<p>\u2022 <strong>\ud83c\udf0d Pays de Fabrication<\/strong> : France<br \/>\n\u2022 <strong>\ud83e\uddea Ingr\u00e9dients<\/strong> : Cire de colza, concentr\u00e9 de parfum, v\u00e9g\u00e9taux<br \/>\n\u2022 <strong>\ud83d\udd16 UGS<\/strong> : fondant-parfume-frangipanier<\/p>\n<p>\u2728 <strong>Un geste \u00e9coresponsable et luxueux pour une atmosph\u00e8re d\u00e9licatement parfum\u00e9e.<\/strong> \u2728<\/p>\n<\/div>\n<\/div>\n<\/div>\n<\/div>\n<\/div>\n<\/div>\n<\/div>\n<\/div>\n<\/article>\n<\/div>\n<\/div>\n<\/div>\n<\/div>\n<\/div>\n<div class=\"md:pt-0 dark:border-white\/20 md:border-transparent md:dark:border-transparent w-full\">\n<div>\n<div class=\"m-auto text-base px-3 md:px-4 w-full md:px-5 lg:px-4 xl:px-5\">\n<div class=\"mx-auto flex flex-1 gap-4 text-base md:gap-5 lg:gap-6 md:max-w-3xl lg:max-w-[40rem] xl:max-w-[48rem]\">\n<div class=\"flex justify-center\"><\/div>\n<\/div>\n<\/div>\n<\/div>\n<\/div>\n","protected":false},"excerpt":{"rendered":"<p>\ud83c\udf38\u2728 Fondants parfum\u00e9s naturel \u2013 Frangipanier \u2728\ud83c\udf38 \ud83c\udf3f Ingr\u00e9dients naturels Chaque fondants parfum\u00e9s sont compos\u00e9s exclusivement d\u2019ingr\u00e9dients respectueux de l\u2019environnement [&hellip;]<\/p>\n","protected":false},"featured_media":1658,"comment_status":"closed","ping_status":"closed","template":"","meta":[],"brand":[],"product_brand":[],"product_cat":[468,465],"product_tag":[],"class_list":{"0":"post-1622","1":"product","2":"type-product","3":"status-publish","4":"has-post-thumbnail","6":"product_cat-fondants-parfumes","7":"product_cat-parfum-dinterieur","8":"left-slider","10":"first","11":"instock","12":"shipping-taxable","13":"purchasable","14":"product-type-simple"},"yoast_head":"<!-- This site is optimized with the Yoast SEO plugin v26.9 - https:\/\/yoast.com\/product\/yoast-seo-wordpress\/ -->\n<title>Fondants parfum\u00e9s - Frangipanier - Mitti<\/title>\n<meta name=\"description\" content=\"Chaque fondants parfum\u00e9s sont compos\u00e9s exclusivement d\u2019ingr\u00e9dients respectueux de l\u2019environnement :\ud83d\udd6f\ufe0f Cire de Colza : 100% v\u00e9g\u00e9tale et biod\u00e9gradable.\ud83c\udf38\" \/>\n<meta name=\"robots\" content=\"index, follow, max-snippet:-1, max-image-preview:large, max-video-preview:-1\" \/>\n<link rel=\"canonical\" href=\"http:\/\/www.artesaniaparis.com\/fr\/produit\/fondants-parfumes-frangipanier\/\" \/>\n<meta property=\"og:locale\" content=\"fr_FR\" \/>\n<meta property=\"og:type\" content=\"article\" \/>\n<meta property=\"og:title\" content=\"Fondants parfum\u00e9s - Frangipanier - Mitti\" \/>\n<meta property=\"og:description\" content=\"Chaque fondants parfum\u00e9s sont compos\u00e9s exclusivement d\u2019ingr\u00e9dients respectueux de l\u2019environnement :\ud83d\udd6f\ufe0f Cire de Colza : 100% v\u00e9g\u00e9tale et biod\u00e9gradable.\ud83c\udf38\" \/>\n<meta property=\"og:url\" content=\"http:\/\/www.artesaniaparis.com\/fr\/produit\/fondants-parfumes-frangipanier\/\" \/>\n<meta property=\"og:site_name\" content=\"Mitti\" \/>\n<meta property=\"article:modified_time\" content=\"2025-08-19T08:53:41+00:00\" \/>\n<meta property=\"og:image\" content=\"https:\/\/www.artesaniaparis.com\/wp-content\/uploads\/2025\/08\/b9b9bfb1663d8762f2c4bed6c5d1a64c42e81fc4bfc81058a32a0dd445393bd5.webp\" \/>\n\t<meta property=\"og:image:width\" content=\"720\" \/>\n\t<meta property=\"og:image:height\" content=\"720\" \/>\n\t<meta property=\"og:image:type\" content=\"image\/webp\" \/>\n<meta name=\"twitter:card\" content=\"summary_large_image\" \/>\n<meta name=\"twitter:label1\" content=\"Dur\u00e9e de lecture estim\u00e9e\" \/>\n\t<meta name=\"twitter:data1\" content=\"2 minutes\" \/>\n<script type=\"application\/ld+json\" class=\"yoast-schema-graph\">{\"@context\":\"https:\/\/schema.org\",\"@graph\":[{\"@type\":\"WebPage\",\"@id\":\"http:\/\/www.artesaniaparis.com\/fr\/produit\/fondants-parfumes-frangipanier\/\",\"url\":\"http:\/\/www.artesaniaparis.com\/fr\/produit\/fondants-parfumes-frangipanier\/\",\"name\":\"Fondants parfum\u00e9s - Frangipanier - Mitti\",\"isPartOf\":{\"@id\":\"https:\/\/www.artesaniaparis.com\/#website\"},\"primaryImageOfPage\":{\"@id\":\"http:\/\/www.artesaniaparis.com\/fr\/produit\/fondants-parfumes-frangipanier\/#primaryimage\"},\"image\":{\"@id\":\"http:\/\/www.artesaniaparis.com\/fr\/produit\/fondants-parfumes-frangipanier\/#primaryimage\"},\"thumbnailUrl\":\"https:\/\/www.artesaniaparis.com\/wp-content\/uploads\/2025\/08\/b9b9bfb1663d8762f2c4bed6c5d1a64c42e81fc4bfc81058a32a0dd445393bd5.webp\",\"datePublished\":\"2025-08-19T08:52:47+00:00\",\"dateModified\":\"2025-08-19T08:53:41+00:00\",\"description\":\"Chaque fondants parfum\u00e9s sont compos\u00e9s exclusivement d\u2019ingr\u00e9dients respectueux de l\u2019environnement :\ud83d\udd6f\ufe0f Cire de Colza : 100% v\u00e9g\u00e9tale et biod\u00e9gradable.\ud83c\udf38\",\"breadcrumb\":{\"@id\":\"http:\/\/www.artesaniaparis.com\/fr\/produit\/fondants-parfumes-frangipanier\/#breadcrumb\"},\"inLanguage\":\"fr-FR\",\"potentialAction\":[{\"@type\":\"ReadAction\",\"target\":[\"http:\/\/www.artesaniaparis.com\/fr\/produit\/fondants-parfumes-frangipanier\/\"]}]},{\"@type\":\"ImageObject\",\"inLanguage\":\"fr-FR\",\"@id\":\"http:\/\/www.artesaniaparis.com\/fr\/produit\/fondants-parfumes-frangipanier\/#primaryimage\",\"url\":\"https:\/\/www.artesaniaparis.com\/wp-content\/uploads\/2025\/08\/b9b9bfb1663d8762f2c4bed6c5d1a64c42e81fc4bfc81058a32a0dd445393bd5.webp\",\"contentUrl\":\"https:\/\/www.artesaniaparis.com\/wp-content\/uploads\/2025\/08\/b9b9bfb1663d8762f2c4bed6c5d1a64c42e81fc4bfc81058a32a0dd445393bd5.webp\",\"width\":720,\"height\":720},{\"@type\":\"BreadcrumbList\",\"@id\":\"http:\/\/www.artesaniaparis.com\/fr\/produit\/fondants-parfumes-frangipanier\/#breadcrumb\",\"itemListElement\":[{\"@type\":\"ListItem\",\"position\":1,\"name\":\"Accueil\",\"item\":\"https:\/\/www.artesaniaparis.com\/fr\/\"},{\"@type\":\"ListItem\",\"position\":2,\"name\":\"Boutique\",\"item\":\"http:\/\/www.artesaniaparis.com\/fr\/boutique\/\"},{\"@type\":\"ListItem\",\"position\":3,\"name\":\"Fondants parfum\u00e9s &#8211; Frangipanier\"}]},{\"@type\":\"WebSite\",\"@id\":\"https:\/\/www.artesaniaparis.com\/#website\",\"url\":\"https:\/\/www.artesaniaparis.com\/\",\"name\":\"Mitti\",\"description\":\"Une flamme, une \u00e9motion, un instant suspendu\",\"potentialAction\":[{\"@type\":\"SearchAction\",\"target\":{\"@type\":\"EntryPoint\",\"urlTemplate\":\"https:\/\/www.artesaniaparis.com\/?s={search_term_string}\"},\"query-input\":{\"@type\":\"PropertyValueSpecification\",\"valueRequired\":true,\"valueName\":\"search_term_string\"}}],\"inLanguage\":\"fr-FR\"}]}<\/script>\n<!-- \/ Yoast SEO plugin. -->","yoast_head_json":{"title":"Fondants parfum\u00e9s - Frangipanier - Mitti","description":"Chaque fondants parfum\u00e9s sont compos\u00e9s exclusivement d\u2019ingr\u00e9dients respectueux de l\u2019environnement :\ud83d\udd6f\ufe0f Cire de Colza : 100% v\u00e9g\u00e9tale et biod\u00e9gradable.\ud83c\udf38","robots":{"index":"index","follow":"follow","max-snippet":"max-snippet:-1","max-image-preview":"max-image-preview:large","max-video-preview":"max-video-preview:-1"},"canonical":"http:\/\/www.artesaniaparis.com\/fr\/produit\/fondants-parfumes-frangipanier\/","og_locale":"fr_FR","og_type":"article","og_title":"Fondants parfum\u00e9s - Frangipanier - Mitti","og_description":"Chaque fondants parfum\u00e9s sont compos\u00e9s exclusivement d\u2019ingr\u00e9dients respectueux de l\u2019environnement :\ud83d\udd6f\ufe0f Cire de Colza : 100% v\u00e9g\u00e9tale et biod\u00e9gradable.\ud83c\udf38","og_url":"http:\/\/www.artesaniaparis.com\/fr\/produit\/fondants-parfumes-frangipanier\/","og_site_name":"Mitti","article_modified_time":"2025-08-19T08:53:41+00:00","og_image":[{"width":720,"height":720,"url":"https:\/\/www.artesaniaparis.com\/wp-content\/uploads\/2025\/08\/b9b9bfb1663d8762f2c4bed6c5d1a64c42e81fc4bfc81058a32a0dd445393bd5.webp","type":"image\/webp"}],"twitter_card":"summary_large_image","twitter_misc":{"Dur\u00e9e de lecture estim\u00e9e":"2 minutes"},"schema":{"@context":"https:\/\/schema.org","@graph":[{"@type":"WebPage","@id":"http:\/\/www.artesaniaparis.com\/fr\/produit\/fondants-parfumes-frangipanier\/","url":"http:\/\/www.artesaniaparis.com\/fr\/produit\/fondants-parfumes-frangipanier\/","name":"Fondants parfum\u00e9s - Frangipanier - Mitti","isPartOf":{"@id":"https:\/\/www.artesaniaparis.com\/#website"},"primaryImageOfPage":{"@id":"http:\/\/www.artesaniaparis.com\/fr\/produit\/fondants-parfumes-frangipanier\/#primaryimage"},"image":{"@id":"http:\/\/www.artesaniaparis.com\/fr\/produit\/fondants-parfumes-frangipanier\/#primaryimage"},"thumbnailUrl":"https:\/\/www.artesaniaparis.com\/wp-content\/uploads\/2025\/08\/b9b9bfb1663d8762f2c4bed6c5d1a64c42e81fc4bfc81058a32a0dd445393bd5.webp","datePublished":"2025-08-19T08:52:47+00:00","dateModified":"2025-08-19T08:53:41+00:00","description":"Chaque fondants parfum\u00e9s sont compos\u00e9s exclusivement d\u2019ingr\u00e9dients respectueux de l\u2019environnement :\ud83d\udd6f\ufe0f Cire de Colza : 100% v\u00e9g\u00e9tale et biod\u00e9gradable.\ud83c\udf38","breadcrumb":{"@id":"http:\/\/www.artesaniaparis.com\/fr\/produit\/fondants-parfumes-frangipanier\/#breadcrumb"},"inLanguage":"fr-FR","potentialAction":[{"@type":"ReadAction","target":["http:\/\/www.artesaniaparis.com\/fr\/produit\/fondants-parfumes-frangipanier\/"]}]},{"@type":"ImageObject","inLanguage":"fr-FR","@id":"http:\/\/www.artesaniaparis.com\/fr\/produit\/fondants-parfumes-frangipanier\/#primaryimage","url":"https:\/\/www.artesaniaparis.com\/wp-content\/uploads\/2025\/08\/b9b9bfb1663d8762f2c4bed6c5d1a64c42e81fc4bfc81058a32a0dd445393bd5.webp","contentUrl":"https:\/\/www.artesaniaparis.com\/wp-content\/uploads\/2025\/08\/b9b9bfb1663d8762f2c4bed6c5d1a64c42e81fc4bfc81058a32a0dd445393bd5.webp","width":720,"height":720},{"@type":"BreadcrumbList","@id":"http:\/\/www.artesaniaparis.com\/fr\/produit\/fondants-parfumes-frangipanier\/#breadcrumb","itemListElement":[{"@type":"ListItem","position":1,"name":"Accueil","item":"https:\/\/www.artesaniaparis.com\/fr\/"},{"@type":"ListItem","position":2,"name":"Boutique","item":"http:\/\/www.artesaniaparis.com\/fr\/boutique\/"},{"@type":"ListItem","position":3,"name":"Fondants parfum\u00e9s &#8211; Frangipanier"}]},{"@type":"WebSite","@id":"https:\/\/www.artesaniaparis.com\/#website","url":"https:\/\/www.artesaniaparis.com\/","name":"Mitti","description":"Une flamme, une \u00e9motion, un instant suspendu","potentialAction":[{"@type":"SearchAction","target":{"@type":"EntryPoint","urlTemplate":"https:\/\/www.artesaniaparis.com\/?s={search_term_string}"},"query-input":{"@type":"PropertyValueSpecification","valueRequired":true,"valueName":"search_term_string"}}],"inLanguage":"fr-FR"}]}},"jetpack_sharing_enabled":true,"_links":{"self":[{"href":"https:\/\/www.artesaniaparis.com\/fr\/wp-json\/wp\/v2\/product\/1622","targetHints":{"allow":["GET"]}}],"collection":[{"href":"https:\/\/www.artesaniaparis.com\/fr\/wp-json\/wp\/v2\/product"}],"about":[{"href":"https:\/\/www.artesaniaparis.com\/fr\/wp-json\/wp\/v2\/types\/product"}],"replies":[{"embeddable":true,"href":"https:\/\/www.artesaniaparis.com\/fr\/wp-json\/wp\/v2\/comments?post=1622"}],"version-history":[{"count":0,"href":"https:\/\/www.artesaniaparis.com\/fr\/wp-json\/wp\/v2\/product\/1622\/revisions"}],"wp:featuredmedia":[{"embeddable":true,"href":"https:\/\/www.artesaniaparis.com\/fr\/wp-json\/wp\/v2\/media\/1658"}],"wp:attachment":[{"href":"https:\/\/www.artesaniaparis.com\/fr\/wp-json\/wp\/v2\/media?parent=1622"}],"wp:term":[{"taxonomy":"brand","embeddable":true,"href":"https:\/\/www.artesaniaparis.com\/fr\/wp-json\/wp\/v2\/brand?post=1622"},{"taxonomy":"product_brand","embeddable":true,"href":"https:\/\/www.artesaniaparis.com\/fr\/wp-json\/wp\/v2\/product_brand?post=1622"},{"taxonomy":"product_cat","embeddable":true,"href":"https:\/\/www.artesaniaparis.com\/fr\/wp-json\/wp\/v2\/product_cat?post=1622"},{"taxonomy":"product_tag","embeddable":true,"href":"https:\/\/www.artesaniaparis.com\/fr\/wp-json\/wp\/v2\/product_tag?post=1622"}],"curies":[{"name":"wp","href":"https:\/\/api.w.org\/{rel}","templated":true}]}}