{"id":11052,"date":"2025-10-02T16:55:58","date_gmt":"2025-10-02T14:55:58","guid":{"rendered":"https:\/\/www.artesaniaparis.com\/?post_type=product&#038;p=11052"},"modified":"2026-02-01T10:39:50","modified_gmt":"2026-02-01T09:39:50","slug":"spray-dambiance-fleur-doranger-artesaniaparis-100-ml","status":"publish","type":"product","link":"https:\/\/www.artesaniaparis.com\/fr\/produit\/spray-dambiance-fleur-doranger-artesaniaparis-100-ml\/","title":{"rendered":"Spray d&#8217;ambiance Fleur d\u2019Oranger &#8211; Artesaniaparis-100 ml"},"content":{"rendered":"<p style=\"text-align: center;\" data-start=\"604\" data-end=\"731\">Offrez \u00e0 votre int\u00e9rieur une atmosph\u00e8re chaleureuse et \u00e9l\u00e9gante avec le spray d\u2019ambiance <strong data-start=\"693\" data-end=\"712\">Fleur d\u2019Oranger<\/strong> d\u2019Artesania Paris.<\/p>\n<p style=\"text-align: center;\" data-start=\"733\" data-end=\"1024\">Fabriqu\u00e9 en France, au c\u0153ur de Grasse, ce parfum d\u2019ambiance r\u00e9v\u00e8le une composition florale, sucr\u00e9e et solaire, id\u00e9ale pour apporter fra\u00eecheur et s\u00e9r\u00e9nit\u00e9 \u00e0 votre quotidien.<br data-start=\"905\" data-end=\"908\" \/>Pr\u00e9sent\u00e9 dans un \u00e9l\u00e9gant flacon en verre <strong data-start=\"949\" data-end=\"958\">blanc<\/strong> ou <strong data-start=\"962\" data-end=\"970\">noir<\/strong>, il s\u2019int\u00e8gre naturellement dans tous les int\u00e9rieurs.<\/p>\n<p style=\"text-align: center;\" data-start=\"1026\" data-end=\"1113\">Parfum con\u00e7u avec soin, sans colorant, sans conservateur, et non test\u00e9 sur les animaux.\u00a0Fabrication artisanale fran\u00e7aise<\/p>\n<h3 style=\"text-align: center;\" data-start=\"1159\" data-end=\"1184\">Fabrication artisanale fran\u00e7aise<\/h3>\n<h3 style=\"text-align: center;\" data-start=\"1159\" data-end=\"1184\">\ud83e\uddea Parfum de Grasse<\/h3>\n<h3 style=\"text-align: center;\" data-start=\"1185\" data-end=\"1229\">\u267b\ufe0f 100 ml \u2013 Flacon en verre recyclable<\/h3>\n<p>&nbsp;<\/p>\n<h2 style=\"text-align: center;\" data-start=\"1236\" data-end=\"1266\">\ud83c\udf38 <strong data-start=\"1242\" data-end=\"1266\">Pyramide olfactive :<\/strong><\/h2>\n<ul data-start=\"1268\" data-end=\"1403\">\n<li style=\"text-align: center;\" data-start=\"1268\" data-end=\"1320\">\n<p data-start=\"1270\" data-end=\"1320\"><strong data-start=\"1270\" data-end=\"1288\">Note de t\u00eate :<\/strong>\u00a0Petit grain<\/p>\n<\/li>\n<li style=\"text-align: center;\" data-start=\"1321\" data-end=\"1359\">\n<p data-start=\"1323\" data-end=\"1359\"><strong data-start=\"1323\" data-end=\"1341\">Note de c\u0153ur :<\/strong> fleur d&#8217;oranger<\/p>\n<\/li>\n<li data-start=\"1360\" data-end=\"1403\">\n<p style=\"text-align: center;\" data-start=\"1362\" data-end=\"1403\"><strong data-start=\"1362\" data-end=\"1380\">Note de fond :<\/strong> Miel<\/p>\n<\/li>\n<\/ul>\n","protected":false},"excerpt":{"rendered":"<p style=\"text-align: center;\">Un parfum d\u2019int\u00e9rieur \u00e0 la Fleur d\u2019Oranger, \u00e0 la fois d\u00e9licat, solaire et sucr\u00e9. \u00c9labor\u00e9 \u00e0 Grasse, ce spray d\u2019ambiance allie raffinement et douceur.<\/p>\n","protected":false},"featured_media":11001,"comment_status":"open","ping_status":"closed","template":"","meta":[],"brand":[],"product_brand":[],"product_cat":[466],"product_tag":[207,148,316,326,455],"class_list":{"0":"post-11052","1":"product","2":"type-product","3":"status-publish","4":"has-post-thumbnail","6":"product_cat-brumes-sprays","7":"product_tag-artesania-paris","8":"product_tag-fleur-doranger","9":"product_tag-made-in-france","10":"product_tag-parfum-maison","11":"product_tag-spray-dambiance","12":"left-slider","14":"first","15":"instock","16":"shipping-taxable","17":"purchasable","18":"product-type-variable","19":"has-default-attributes"},"yoast_head":"<!-- This site is optimized with the Yoast SEO plugin v26.9 - https:\/\/yoast.com\/product\/yoast-seo-wordpress\/ -->\n<title>Spray d\u2019ambiance Fleur d\u2019Oranger - Artesania Paris 100 ml<\/title>\n<meta name=\"description\" content=\"Spray d\u2019ambiance fleur d\u2019oranger Artesania Paris. \u00c9labor\u00e9 \u00e0 Grasse, fabriqu\u00e9 en France. Une senteur florale et sucr\u00e9e pour parfumer votre int\u00e9rieur avec \u00e9l\u00e9gance.\" \/>\n<meta name=\"robots\" content=\"index, follow, max-snippet:-1, max-image-preview:large, max-video-preview:-1\" \/>\n<link rel=\"canonical\" href=\"https:\/\/www.artesaniaparis.com\/fr\/produit\/spray-dambiance-fleur-doranger-artesaniaparis-100-ml\/\" \/>\n<meta property=\"og:locale\" content=\"fr_FR\" \/>\n<meta property=\"og:type\" content=\"article\" \/>\n<meta property=\"og:title\" content=\"Spray d\u2019ambiance Fleur d\u2019Oranger - Artesania Paris 100 ml\" \/>\n<meta property=\"og:description\" content=\"Spray d\u2019ambiance fleur d\u2019oranger Artesania Paris. \u00c9labor\u00e9 \u00e0 Grasse, fabriqu\u00e9 en France. Une senteur florale et sucr\u00e9e pour parfumer votre int\u00e9rieur avec \u00e9l\u00e9gance.\" \/>\n<meta property=\"og:url\" content=\"https:\/\/www.artesaniaparis.com\/fr\/produit\/spray-dambiance-fleur-doranger-artesaniaparis-100-ml\/\" \/>\n<meta property=\"og:site_name\" content=\"Mitti\" \/>\n<meta property=\"article:modified_time\" content=\"2026-02-01T09:39:50+00:00\" \/>\n<meta property=\"og:image\" content=\"https:\/\/www.artesaniaparis.com\/wp-content\/uploads\/2025\/10\/spray-blanc-1.png\" \/>\n\t<meta property=\"og:image:width\" content=\"1024\" \/>\n\t<meta property=\"og:image:height\" content=\"1536\" \/>\n\t<meta property=\"og:image:type\" content=\"image\/png\" \/>\n<meta name=\"twitter:card\" content=\"summary_large_image\" \/>\n<meta name=\"twitter:label1\" content=\"Dur\u00e9e de lecture estim\u00e9e\" \/>\n\t<meta name=\"twitter:data1\" content=\"1 minute\" \/>\n<script type=\"application\/ld+json\" class=\"yoast-schema-graph\">{\"@context\":\"https:\/\/schema.org\",\"@graph\":[{\"@type\":\"WebPage\",\"@id\":\"https:\/\/www.artesaniaparis.com\/produit\/spray-dambiance-fleur-doranger-artesaniaparis-100-ml\/\",\"url\":\"https:\/\/www.artesaniaparis.com\/produit\/spray-dambiance-fleur-doranger-artesaniaparis-100-ml\/\",\"name\":\"Spray d\u2019ambiance Fleur d\u2019Oranger - Artesania Paris 100 ml\",\"isPartOf\":{\"@id\":\"https:\/\/www.artesaniaparis.com\/#website\"},\"primaryImageOfPage\":{\"@id\":\"https:\/\/www.artesaniaparis.com\/produit\/spray-dambiance-fleur-doranger-artesaniaparis-100-ml\/#primaryimage\"},\"image\":{\"@id\":\"https:\/\/www.artesaniaparis.com\/produit\/spray-dambiance-fleur-doranger-artesaniaparis-100-ml\/#primaryimage\"},\"thumbnailUrl\":\"https:\/\/www.artesaniaparis.com\/wp-content\/uploads\/2025\/10\/spray-blanc-1.png\",\"datePublished\":\"2025-10-02T14:55:58+00:00\",\"dateModified\":\"2026-02-01T09:39:50+00:00\",\"description\":\"Spray d\u2019ambiance fleur d\u2019oranger Artesania Paris. \u00c9labor\u00e9 \u00e0 Grasse, fabriqu\u00e9 en France. Une senteur florale et sucr\u00e9e pour parfumer votre int\u00e9rieur avec \u00e9l\u00e9gance.\",\"breadcrumb\":{\"@id\":\"https:\/\/www.artesaniaparis.com\/produit\/spray-dambiance-fleur-doranger-artesaniaparis-100-ml\/#breadcrumb\"},\"inLanguage\":\"fr-FR\",\"potentialAction\":[{\"@type\":\"ReadAction\",\"target\":[\"https:\/\/www.artesaniaparis.com\/produit\/spray-dambiance-fleur-doranger-artesaniaparis-100-ml\/\"]}]},{\"@type\":\"ImageObject\",\"inLanguage\":\"fr-FR\",\"@id\":\"https:\/\/www.artesaniaparis.com\/produit\/spray-dambiance-fleur-doranger-artesaniaparis-100-ml\/#primaryimage\",\"url\":\"https:\/\/www.artesaniaparis.com\/wp-content\/uploads\/2025\/10\/spray-blanc-1.png\",\"contentUrl\":\"https:\/\/www.artesaniaparis.com\/wp-content\/uploads\/2025\/10\/spray-blanc-1.png\",\"width\":1024,\"height\":1536},{\"@type\":\"BreadcrumbList\",\"@id\":\"https:\/\/www.artesaniaparis.com\/produit\/spray-dambiance-fleur-doranger-artesaniaparis-100-ml\/#breadcrumb\",\"itemListElement\":[{\"@type\":\"ListItem\",\"position\":1,\"name\":\"Accueil\",\"item\":\"https:\/\/www.artesaniaparis.com\/fr\/\"},{\"@type\":\"ListItem\",\"position\":2,\"name\":\"Boutique\",\"item\":\"http:\/\/www.artesaniaparis.com\/fr\/boutique\/\"},{\"@type\":\"ListItem\",\"position\":3,\"name\":\"Spray d&#8217;ambiance Fleur d\u2019Oranger &#8211; Artesaniaparis-100 ml\"}]},{\"@type\":\"WebSite\",\"@id\":\"https:\/\/www.artesaniaparis.com\/#website\",\"url\":\"https:\/\/www.artesaniaparis.com\/\",\"name\":\"Mitti\",\"description\":\"Une flamme, une \u00e9motion, un instant suspendu\",\"potentialAction\":[{\"@type\":\"SearchAction\",\"target\":{\"@type\":\"EntryPoint\",\"urlTemplate\":\"https:\/\/www.artesaniaparis.com\/?s={search_term_string}\"},\"query-input\":{\"@type\":\"PropertyValueSpecification\",\"valueRequired\":true,\"valueName\":\"search_term_string\"}}],\"inLanguage\":\"fr-FR\"}]}<\/script>\n<!-- \/ Yoast SEO plugin. -->","yoast_head_json":{"title":"Spray d\u2019ambiance Fleur d\u2019Oranger - Artesania Paris 100 ml","description":"Spray d\u2019ambiance fleur d\u2019oranger Artesania Paris. \u00c9labor\u00e9 \u00e0 Grasse, fabriqu\u00e9 en France. Une senteur florale et sucr\u00e9e pour parfumer votre int\u00e9rieur avec \u00e9l\u00e9gance.","robots":{"index":"index","follow":"follow","max-snippet":"max-snippet:-1","max-image-preview":"max-image-preview:large","max-video-preview":"max-video-preview:-1"},"canonical":"https:\/\/www.artesaniaparis.com\/fr\/produit\/spray-dambiance-fleur-doranger-artesaniaparis-100-ml\/","og_locale":"fr_FR","og_type":"article","og_title":"Spray d\u2019ambiance Fleur d\u2019Oranger - Artesania Paris 100 ml","og_description":"Spray d\u2019ambiance fleur d\u2019oranger Artesania Paris. \u00c9labor\u00e9 \u00e0 Grasse, fabriqu\u00e9 en France. Une senteur florale et sucr\u00e9e pour parfumer votre int\u00e9rieur avec \u00e9l\u00e9gance.","og_url":"https:\/\/www.artesaniaparis.com\/fr\/produit\/spray-dambiance-fleur-doranger-artesaniaparis-100-ml\/","og_site_name":"Mitti","article_modified_time":"2026-02-01T09:39:50+00:00","og_image":[{"width":1024,"height":1536,"url":"https:\/\/www.artesaniaparis.com\/wp-content\/uploads\/2025\/10\/spray-blanc-1.png","type":"image\/png"}],"twitter_card":"summary_large_image","twitter_misc":{"Dur\u00e9e de lecture estim\u00e9e":"1 minute"},"schema":{"@context":"https:\/\/schema.org","@graph":[{"@type":"WebPage","@id":"https:\/\/www.artesaniaparis.com\/produit\/spray-dambiance-fleur-doranger-artesaniaparis-100-ml\/","url":"https:\/\/www.artesaniaparis.com\/produit\/spray-dambiance-fleur-doranger-artesaniaparis-100-ml\/","name":"Spray d\u2019ambiance Fleur d\u2019Oranger - Artesania Paris 100 ml","isPartOf":{"@id":"https:\/\/www.artesaniaparis.com\/#website"},"primaryImageOfPage":{"@id":"https:\/\/www.artesaniaparis.com\/produit\/spray-dambiance-fleur-doranger-artesaniaparis-100-ml\/#primaryimage"},"image":{"@id":"https:\/\/www.artesaniaparis.com\/produit\/spray-dambiance-fleur-doranger-artesaniaparis-100-ml\/#primaryimage"},"thumbnailUrl":"https:\/\/www.artesaniaparis.com\/wp-content\/uploads\/2025\/10\/spray-blanc-1.png","datePublished":"2025-10-02T14:55:58+00:00","dateModified":"2026-02-01T09:39:50+00:00","description":"Spray d\u2019ambiance fleur d\u2019oranger Artesania Paris. \u00c9labor\u00e9 \u00e0 Grasse, fabriqu\u00e9 en France. Une senteur florale et sucr\u00e9e pour parfumer votre int\u00e9rieur avec \u00e9l\u00e9gance.","breadcrumb":{"@id":"https:\/\/www.artesaniaparis.com\/produit\/spray-dambiance-fleur-doranger-artesaniaparis-100-ml\/#breadcrumb"},"inLanguage":"fr-FR","potentialAction":[{"@type":"ReadAction","target":["https:\/\/www.artesaniaparis.com\/produit\/spray-dambiance-fleur-doranger-artesaniaparis-100-ml\/"]}]},{"@type":"ImageObject","inLanguage":"fr-FR","@id":"https:\/\/www.artesaniaparis.com\/produit\/spray-dambiance-fleur-doranger-artesaniaparis-100-ml\/#primaryimage","url":"https:\/\/www.artesaniaparis.com\/wp-content\/uploads\/2025\/10\/spray-blanc-1.png","contentUrl":"https:\/\/www.artesaniaparis.com\/wp-content\/uploads\/2025\/10\/spray-blanc-1.png","width":1024,"height":1536},{"@type":"BreadcrumbList","@id":"https:\/\/www.artesaniaparis.com\/produit\/spray-dambiance-fleur-doranger-artesaniaparis-100-ml\/#breadcrumb","itemListElement":[{"@type":"ListItem","position":1,"name":"Accueil","item":"https:\/\/www.artesaniaparis.com\/fr\/"},{"@type":"ListItem","position":2,"name":"Boutique","item":"http:\/\/www.artesaniaparis.com\/fr\/boutique\/"},{"@type":"ListItem","position":3,"name":"Spray d&#8217;ambiance Fleur d\u2019Oranger &#8211; Artesaniaparis-100 ml"}]},{"@type":"WebSite","@id":"https:\/\/www.artesaniaparis.com\/#website","url":"https:\/\/www.artesaniaparis.com\/","name":"Mitti","description":"Une flamme, une \u00e9motion, un instant suspendu","potentialAction":[{"@type":"SearchAction","target":{"@type":"EntryPoint","urlTemplate":"https:\/\/www.artesaniaparis.com\/?s={search_term_string}"},"query-input":{"@type":"PropertyValueSpecification","valueRequired":true,"valueName":"search_term_string"}}],"inLanguage":"fr-FR"}]}},"jetpack_sharing_enabled":true,"_links":{"self":[{"href":"https:\/\/www.artesaniaparis.com\/fr\/wp-json\/wp\/v2\/product\/11052","targetHints":{"allow":["GET"]}}],"collection":[{"href":"https:\/\/www.artesaniaparis.com\/fr\/wp-json\/wp\/v2\/product"}],"about":[{"href":"https:\/\/www.artesaniaparis.com\/fr\/wp-json\/wp\/v2\/types\/product"}],"replies":[{"embeddable":true,"href":"https:\/\/www.artesaniaparis.com\/fr\/wp-json\/wp\/v2\/comments?post=11052"}],"version-history":[{"count":1,"href":"https:\/\/www.artesaniaparis.com\/fr\/wp-json\/wp\/v2\/product\/11052\/revisions"}],"predecessor-version":[{"id":11058,"href":"https:\/\/www.artesaniaparis.com\/fr\/wp-json\/wp\/v2\/product\/11052\/revisions\/11058"}],"wp:featuredmedia":[{"embeddable":true,"href":"https:\/\/www.artesaniaparis.com\/fr\/wp-json\/wp\/v2\/media\/11001"}],"wp:attachment":[{"href":"https:\/\/www.artesaniaparis.com\/fr\/wp-json\/wp\/v2\/media?parent=11052"}],"wp:term":[{"taxonomy":"brand","embeddable":true,"href":"https:\/\/www.artesaniaparis.com\/fr\/wp-json\/wp\/v2\/brand?post=11052"},{"taxonomy":"product_brand","embeddable":true,"href":"https:\/\/www.artesaniaparis.com\/fr\/wp-json\/wp\/v2\/product_brand?post=11052"},{"taxonomy":"product_cat","embeddable":true,"href":"https:\/\/www.artesaniaparis.com\/fr\/wp-json\/wp\/v2\/product_cat?post=11052"},{"taxonomy":"product_tag","embeddable":true,"href":"https:\/\/www.artesaniaparis.com\/fr\/wp-json\/wp\/v2\/product_tag?post=11052"}],"curies":[{"name":"wp","href":"https:\/\/api.w.org\/{rel}","templated":true}]}}