{"id":11038,"date":"2025-10-02T16:55:51","date_gmt":"2025-10-02T14:55:51","guid":{"rendered":"https:\/\/www.artesaniaparis.com\/?post_type=product&#038;p=11038"},"modified":"2026-03-03T09:39:36","modified_gmt":"2026-03-03T08:39:36","slug":"parfum-dinterieur-figuier-artesaniaparis-100-ml","status":"publish","type":"product","link":"https:\/\/www.artesaniaparis.com\/fr\/produit\/parfum-dinterieur-figuier-artesaniaparis-100-ml\/","title":{"rendered":"Parfum d\u2019int\u00e9rieur Figuier-Artesaniaparis-100 ml"},"content":{"rendered":"<p style=\"text-align: center;\" data-start=\"898\" data-end=\"1184\">\u00c9l\u00e9gante et intemporelle, la bougie parfum\u00e9e <strong data-start=\"943\" data-end=\"954\">Figuier<\/strong> d\u2019Artesania Paris capture toute la fra\u00eecheur des feuilles de figuier, m\u00eal\u00e9es aux notes sucr\u00e9es de fruits m\u00fbrs et aux bois tendres. Chaque bougie est coul\u00e9e \u00e0 la main avec une cire v\u00e9g\u00e9tale de haute qualit\u00e9 et un parfum de Grasse.<\/p>\n<p style=\"text-align: center;\" data-start=\"1186\" data-end=\"1369\">Disponible en <strong data-start=\"1200\" data-end=\"1215\">verre blanc<\/strong> ou <strong data-start=\"1219\" data-end=\"1233\">verre noir<\/strong>, cette bougie de 180g vous offre environ <strong data-start=\"1275\" data-end=\"1302\">40 heures de combustion<\/strong>, pour sublimer votre int\u00e9rieur d\u2019une touche naturelle et raffin\u00e9e.<\/p>\n<h3 style=\"text-align: center;\" data-start=\"1376\" data-end=\"1409\">\ud83c\udf3f <strong data-start=\"1383\" data-end=\"1407\">Pyramide olfactive :<\/strong><\/h3>\n<ul data-start=\"1410\" data-end=\"1580\">\n<li style=\"text-align: center;\" data-start=\"1410\" data-end=\"1466\">\n<p data-start=\"1412\" data-end=\"1466\"><strong data-start=\"1412\" data-end=\"1430\">Note de t\u00eate :<\/strong> Herbe coup\u00e9e \u2013 Feuille de figuier<\/p>\n<\/li>\n<li style=\"text-align: center;\" data-start=\"1467\" data-end=\"1519\">\n<p data-start=\"1469\" data-end=\"1519\"><strong data-start=\"1469\" data-end=\"1487\">Note de c\u0153ur :<\/strong> Laurier \u2013 Pomme \u2013 Figue s\u00e8che<\/p>\n<\/li>\n<li data-start=\"1520\" data-end=\"1580\">\n<p style=\"text-align: center;\" data-start=\"1522\" data-end=\"1580\"><strong data-start=\"1522\" data-end=\"1540\">Note de fond :<\/strong> Bois de figuier \u2013 C\u00e8dre \u2013 Fruits secs<\/p>\n<\/li>\n<\/ul>\n","protected":false},"excerpt":{"rendered":"<p style=\"text-align: center;\">Bougie artisanale au parfum de figuier, disponible en verre noir ou blanc. Une senteur verte, douce et bois\u00e9e, pour une atmosph\u00e8re naturelle et \u00e9l\u00e9gante<\/p>\n","protected":false},"featured_media":11001,"comment_status":"open","ping_status":"closed","template":"","meta":[],"brand":[],"product_brand":[],"product_cat":[466],"product_tag":[207,102,444,445,104,446,415,275,447],"class_list":{"0":"post-11038","1":"product","2":"type-product","3":"status-publish","4":"has-post-thumbnail","6":"product_cat-brumes-sprays","7":"product_tag-artesania-paris","8":"product_tag-bougie-artisanale","9":"product_tag-bougie-elegante","10":"product_tag-bougie-figuier","11":"product_tag-bougie-parfumee","12":"product_tag-decoration-naturelle","13":"product_tag-figuier","14":"product_tag-parfum-de-grasse","15":"product_tag-senteur-verte","16":"left-slider","18":"first","19":"instock","20":"shipping-taxable","21":"purchasable","22":"product-type-variable","23":"has-default-attributes"},"yoast_head":"<!-- This site is optimized with the Yoast SEO plugin v26.9 - https:\/\/yoast.com\/product\/yoast-seo-wordpress\/ -->\n<title>Parfum d\u2019int\u00e9rieur Figuier \u2013 \u00c9l\u00e9gance Parisienne | Artesania Paris<\/title>\n<meta name=\"description\" content=\"\u00c9veillez vos sens avec le parfum d\u2019int\u00e9rieur figuier Artesania Paris. Une fragrance naturelle aux notes vertes, fruit\u00e9es et bois\u00e9es, dans un flacon \u00e9l\u00e9gant.\" \/>\n<meta name=\"robots\" content=\"index, follow, max-snippet:-1, max-image-preview:large, max-video-preview:-1\" \/>\n<link rel=\"canonical\" href=\"https:\/\/www.artesaniaparis.com\/fr\/produit\/parfum-dinterieur-figuier-artesaniaparis-100-ml\/\" \/>\n<meta property=\"og:locale\" content=\"fr_FR\" \/>\n<meta property=\"og:type\" content=\"article\" \/>\n<meta property=\"og:title\" content=\"Parfum d\u2019int\u00e9rieur Figuier \u2013 \u00c9l\u00e9gance Parisienne | Artesania Paris\" \/>\n<meta property=\"og:description\" content=\"\u00c9veillez vos sens avec le parfum d\u2019int\u00e9rieur figuier Artesania Paris. Une fragrance naturelle aux notes vertes, fruit\u00e9es et bois\u00e9es, dans un flacon \u00e9l\u00e9gant.\" \/>\n<meta property=\"og:url\" content=\"https:\/\/www.artesaniaparis.com\/fr\/produit\/parfum-dinterieur-figuier-artesaniaparis-100-ml\/\" \/>\n<meta property=\"og:site_name\" content=\"Mitti\" \/>\n<meta property=\"article:modified_time\" content=\"2026-03-03T08:39:36+00:00\" \/>\n<meta property=\"og:image\" content=\"https:\/\/www.artesaniaparis.com\/wp-content\/uploads\/2025\/10\/spray-blanc-1.png\" \/>\n\t<meta property=\"og:image:width\" content=\"1024\" \/>\n\t<meta property=\"og:image:height\" content=\"1536\" \/>\n\t<meta property=\"og:image:type\" content=\"image\/png\" \/>\n<meta name=\"twitter:card\" content=\"summary_large_image\" \/>\n<meta name=\"twitter:label1\" content=\"Dur\u00e9e de lecture estim\u00e9e\" \/>\n\t<meta name=\"twitter:data1\" content=\"1 minute\" \/>\n<script type=\"application\/ld+json\" class=\"yoast-schema-graph\">{\"@context\":\"https:\/\/schema.org\",\"@graph\":[{\"@type\":\"WebPage\",\"@id\":\"https:\/\/www.artesaniaparis.com\/produit\/parfum-dinterieur-figuier-artesaniaparis-100-ml\/\",\"url\":\"https:\/\/www.artesaniaparis.com\/produit\/parfum-dinterieur-figuier-artesaniaparis-100-ml\/\",\"name\":\"Parfum d\u2019int\u00e9rieur Figuier \u2013 \u00c9l\u00e9gance Parisienne | Artesania Paris\",\"isPartOf\":{\"@id\":\"https:\/\/www.artesaniaparis.com\/#website\"},\"primaryImageOfPage\":{\"@id\":\"https:\/\/www.artesaniaparis.com\/produit\/parfum-dinterieur-figuier-artesaniaparis-100-ml\/#primaryimage\"},\"image\":{\"@id\":\"https:\/\/www.artesaniaparis.com\/produit\/parfum-dinterieur-figuier-artesaniaparis-100-ml\/#primaryimage\"},\"thumbnailUrl\":\"https:\/\/www.artesaniaparis.com\/wp-content\/uploads\/2025\/10\/spray-blanc-1.png\",\"datePublished\":\"2025-10-02T14:55:51+00:00\",\"dateModified\":\"2026-03-03T08:39:36+00:00\",\"description\":\"\u00c9veillez vos sens avec le parfum d\u2019int\u00e9rieur figuier Artesania Paris. Une fragrance naturelle aux notes vertes, fruit\u00e9es et bois\u00e9es, dans un flacon \u00e9l\u00e9gant.\",\"breadcrumb\":{\"@id\":\"https:\/\/www.artesaniaparis.com\/produit\/parfum-dinterieur-figuier-artesaniaparis-100-ml\/#breadcrumb\"},\"inLanguage\":\"fr-FR\",\"potentialAction\":[{\"@type\":\"ReadAction\",\"target\":[\"https:\/\/www.artesaniaparis.com\/produit\/parfum-dinterieur-figuier-artesaniaparis-100-ml\/\"]}]},{\"@type\":\"ImageObject\",\"inLanguage\":\"fr-FR\",\"@id\":\"https:\/\/www.artesaniaparis.com\/produit\/parfum-dinterieur-figuier-artesaniaparis-100-ml\/#primaryimage\",\"url\":\"https:\/\/www.artesaniaparis.com\/wp-content\/uploads\/2025\/10\/spray-blanc-1.png\",\"contentUrl\":\"https:\/\/www.artesaniaparis.com\/wp-content\/uploads\/2025\/10\/spray-blanc-1.png\",\"width\":1024,\"height\":1536},{\"@type\":\"BreadcrumbList\",\"@id\":\"https:\/\/www.artesaniaparis.com\/produit\/parfum-dinterieur-figuier-artesaniaparis-100-ml\/#breadcrumb\",\"itemListElement\":[{\"@type\":\"ListItem\",\"position\":1,\"name\":\"Accueil\",\"item\":\"https:\/\/www.artesaniaparis.com\/fr\/\"},{\"@type\":\"ListItem\",\"position\":2,\"name\":\"Boutique\",\"item\":\"http:\/\/www.artesaniaparis.com\/fr\/boutique\/\"},{\"@type\":\"ListItem\",\"position\":3,\"name\":\"Parfum d\u2019int\u00e9rieur Figuier-Artesaniaparis-100 ml\"}]},{\"@type\":\"WebSite\",\"@id\":\"https:\/\/www.artesaniaparis.com\/#website\",\"url\":\"https:\/\/www.artesaniaparis.com\/\",\"name\":\"Mitti\",\"description\":\"Une flamme, une \u00e9motion, un instant suspendu\",\"potentialAction\":[{\"@type\":\"SearchAction\",\"target\":{\"@type\":\"EntryPoint\",\"urlTemplate\":\"https:\/\/www.artesaniaparis.com\/?s={search_term_string}\"},\"query-input\":{\"@type\":\"PropertyValueSpecification\",\"valueRequired\":true,\"valueName\":\"search_term_string\"}}],\"inLanguage\":\"fr-FR\"}]}<\/script>\n<!-- \/ Yoast SEO plugin. -->","yoast_head_json":{"title":"Parfum d\u2019int\u00e9rieur Figuier \u2013 \u00c9l\u00e9gance Parisienne | Artesania Paris","description":"\u00c9veillez vos sens avec le parfum d\u2019int\u00e9rieur figuier Artesania Paris. Une fragrance naturelle aux notes vertes, fruit\u00e9es et bois\u00e9es, dans un flacon \u00e9l\u00e9gant.","robots":{"index":"index","follow":"follow","max-snippet":"max-snippet:-1","max-image-preview":"max-image-preview:large","max-video-preview":"max-video-preview:-1"},"canonical":"https:\/\/www.artesaniaparis.com\/fr\/produit\/parfum-dinterieur-figuier-artesaniaparis-100-ml\/","og_locale":"fr_FR","og_type":"article","og_title":"Parfum d\u2019int\u00e9rieur Figuier \u2013 \u00c9l\u00e9gance Parisienne | Artesania Paris","og_description":"\u00c9veillez vos sens avec le parfum d\u2019int\u00e9rieur figuier Artesania Paris. Une fragrance naturelle aux notes vertes, fruit\u00e9es et bois\u00e9es, dans un flacon \u00e9l\u00e9gant.","og_url":"https:\/\/www.artesaniaparis.com\/fr\/produit\/parfum-dinterieur-figuier-artesaniaparis-100-ml\/","og_site_name":"Mitti","article_modified_time":"2026-03-03T08:39:36+00:00","og_image":[{"width":1024,"height":1536,"url":"https:\/\/www.artesaniaparis.com\/wp-content\/uploads\/2025\/10\/spray-blanc-1.png","type":"image\/png"}],"twitter_card":"summary_large_image","twitter_misc":{"Dur\u00e9e de lecture estim\u00e9e":"1 minute"},"schema":{"@context":"https:\/\/schema.org","@graph":[{"@type":"WebPage","@id":"https:\/\/www.artesaniaparis.com\/produit\/parfum-dinterieur-figuier-artesaniaparis-100-ml\/","url":"https:\/\/www.artesaniaparis.com\/produit\/parfum-dinterieur-figuier-artesaniaparis-100-ml\/","name":"Parfum d\u2019int\u00e9rieur Figuier \u2013 \u00c9l\u00e9gance Parisienne | Artesania Paris","isPartOf":{"@id":"https:\/\/www.artesaniaparis.com\/#website"},"primaryImageOfPage":{"@id":"https:\/\/www.artesaniaparis.com\/produit\/parfum-dinterieur-figuier-artesaniaparis-100-ml\/#primaryimage"},"image":{"@id":"https:\/\/www.artesaniaparis.com\/produit\/parfum-dinterieur-figuier-artesaniaparis-100-ml\/#primaryimage"},"thumbnailUrl":"https:\/\/www.artesaniaparis.com\/wp-content\/uploads\/2025\/10\/spray-blanc-1.png","datePublished":"2025-10-02T14:55:51+00:00","dateModified":"2026-03-03T08:39:36+00:00","description":"\u00c9veillez vos sens avec le parfum d\u2019int\u00e9rieur figuier Artesania Paris. Une fragrance naturelle aux notes vertes, fruit\u00e9es et bois\u00e9es, dans un flacon \u00e9l\u00e9gant.","breadcrumb":{"@id":"https:\/\/www.artesaniaparis.com\/produit\/parfum-dinterieur-figuier-artesaniaparis-100-ml\/#breadcrumb"},"inLanguage":"fr-FR","potentialAction":[{"@type":"ReadAction","target":["https:\/\/www.artesaniaparis.com\/produit\/parfum-dinterieur-figuier-artesaniaparis-100-ml\/"]}]},{"@type":"ImageObject","inLanguage":"fr-FR","@id":"https:\/\/www.artesaniaparis.com\/produit\/parfum-dinterieur-figuier-artesaniaparis-100-ml\/#primaryimage","url":"https:\/\/www.artesaniaparis.com\/wp-content\/uploads\/2025\/10\/spray-blanc-1.png","contentUrl":"https:\/\/www.artesaniaparis.com\/wp-content\/uploads\/2025\/10\/spray-blanc-1.png","width":1024,"height":1536},{"@type":"BreadcrumbList","@id":"https:\/\/www.artesaniaparis.com\/produit\/parfum-dinterieur-figuier-artesaniaparis-100-ml\/#breadcrumb","itemListElement":[{"@type":"ListItem","position":1,"name":"Accueil","item":"https:\/\/www.artesaniaparis.com\/fr\/"},{"@type":"ListItem","position":2,"name":"Boutique","item":"http:\/\/www.artesaniaparis.com\/fr\/boutique\/"},{"@type":"ListItem","position":3,"name":"Parfum d\u2019int\u00e9rieur Figuier-Artesaniaparis-100 ml"}]},{"@type":"WebSite","@id":"https:\/\/www.artesaniaparis.com\/#website","url":"https:\/\/www.artesaniaparis.com\/","name":"Mitti","description":"Une flamme, une \u00e9motion, un instant suspendu","potentialAction":[{"@type":"SearchAction","target":{"@type":"EntryPoint","urlTemplate":"https:\/\/www.artesaniaparis.com\/?s={search_term_string}"},"query-input":{"@type":"PropertyValueSpecification","valueRequired":true,"valueName":"search_term_string"}}],"inLanguage":"fr-FR"}]}},"jetpack_sharing_enabled":true,"_links":{"self":[{"href":"https:\/\/www.artesaniaparis.com\/fr\/wp-json\/wp\/v2\/product\/11038","targetHints":{"allow":["GET"]}}],"collection":[{"href":"https:\/\/www.artesaniaparis.com\/fr\/wp-json\/wp\/v2\/product"}],"about":[{"href":"https:\/\/www.artesaniaparis.com\/fr\/wp-json\/wp\/v2\/types\/product"}],"replies":[{"embeddable":true,"href":"https:\/\/www.artesaniaparis.com\/fr\/wp-json\/wp\/v2\/comments?post=11038"}],"version-history":[{"count":1,"href":"https:\/\/www.artesaniaparis.com\/fr\/wp-json\/wp\/v2\/product\/11038\/revisions"}],"predecessor-version":[{"id":11047,"href":"https:\/\/www.artesaniaparis.com\/fr\/wp-json\/wp\/v2\/product\/11038\/revisions\/11047"}],"wp:featuredmedia":[{"embeddable":true,"href":"https:\/\/www.artesaniaparis.com\/fr\/wp-json\/wp\/v2\/media\/11001"}],"wp:attachment":[{"href":"https:\/\/www.artesaniaparis.com\/fr\/wp-json\/wp\/v2\/media?parent=11038"}],"wp:term":[{"taxonomy":"brand","embeddable":true,"href":"https:\/\/www.artesaniaparis.com\/fr\/wp-json\/wp\/v2\/brand?post=11038"},{"taxonomy":"product_brand","embeddable":true,"href":"https:\/\/www.artesaniaparis.com\/fr\/wp-json\/wp\/v2\/product_brand?post=11038"},{"taxonomy":"product_cat","embeddable":true,"href":"https:\/\/www.artesaniaparis.com\/fr\/wp-json\/wp\/v2\/product_cat?post=11038"},{"taxonomy":"product_tag","embeddable":true,"href":"https:\/\/www.artesaniaparis.com\/fr\/wp-json\/wp\/v2\/product_tag?post=11038"}],"curies":[{"name":"wp","href":"https:\/\/api.w.org\/{rel}","templated":true}]}}