{"id":11037,"date":"2025-10-02T16:55:51","date_gmt":"2025-10-02T14:55:51","guid":{"rendered":"https:\/\/www.artesaniaparis.com\/?post_type=product&#038;p=11037"},"modified":"2026-03-03T09:39:38","modified_gmt":"2026-03-03T08:39:38","slug":"bougie-parfumee-artesaniaparis-fleur-doranger-180g","status":"publish","type":"product","link":"http:\/\/www.artesaniaparis.com\/fr\/produit\/bougie-parfumee-artesaniaparis-fleur-doranger-180g\/","title":{"rendered":"Bougie parfum\u00e9e-Artesaniaparis-Fleur d&#8217;Oranger \u2013 180g"},"content":{"rendered":"<div class=\"text-base my-auto mx-auto pb-10 [--thread-content-margin:--spacing(4)] @[37rem]:[--thread-content-margin:--spacing(6)] @[72rem]:[--thread-content-margin:--spacing(16)] px-(--thread-content-margin)\">\n<div class=\"[--thread-content-max-width:32rem] @[34rem]:[--thread-content-max-width:40rem] @[64rem]:[--thread-content-max-width:48rem] mx-auto flex max-w-(--thread-content-max-width) flex-1 text-base gap-4 md:gap-5 lg:gap-6 group\/turn-messages focus-visible:outline-hidden\" tabindex=\"-1\">\n<div class=\"group\/conversation-turn relative flex w-full min-w-0 flex-col agent-turn\">\n<div class=\"relative flex-col gap-1 md:gap-3\">\n<div class=\"flex max-w-full flex-col grow\">\n<div class=\"min-h-8 text-message relative flex w-full flex-col items-end gap-2 text-start break-words whitespace-normal [.text-message+&amp;]:mt-5\" dir=\"auto\" data-message-author-role=\"assistant\" data-message-id=\"7aa0091d-d4cf-49db-b75f-5c90aac05b04\" data-message-model-slug=\"gpt-4o\">\n<div class=\"flex w-full flex-col gap-1 empty:hidden first:pt-[3px]\">\n<div class=\"markdown prose dark:prose-invert w-full break-words light\">\n<h4 data-start=\"717\" data-end=\"749\"><\/h4>\n<p style=\"text-align: center;\" data-start=\"751\" data-end=\"960\">Plongez dans une atmosph\u00e8re solaire et r\u00e9confortante gr\u00e2ce \u00e0 la bougie parfum\u00e9e <strong data-start=\"831\" data-end=\"850\">Fleur d\u2019Oranger<\/strong>. Fabriqu\u00e9e dans la tradition artisanale fran\u00e7aise, cette bougie de 180g associe savoir-faire et naturalit\u00e9.<\/p>\n<p style=\"text-align: center;\" data-start=\"962\" data-end=\"1055\">\ud83d\udca1 <strong data-start=\"965\" data-end=\"975\">Parfum<\/strong> : \u00e9labor\u00e9 \u00e0 Grasse<br data-start=\"994\" data-end=\"997\" \/>\u267b\ufe0f <strong data-start=\"1000\" data-end=\"1022\">Verre r\u00e9utilisable<\/strong><br data-start=\"1022\" data-end=\"1025\" \/>\ud83c\uddeb\ud83c\uddf7 <strong data-start=\"1030\" data-end=\"1055\">Fabrication fran\u00e7aise<\/strong><\/p>\n<hr data-start=\"1057\" data-end=\"1060\" \/>\n<h3 style=\"text-align: center;\" data-start=\"1062\" data-end=\"1091\">\ud83c\udf3f <strong data-start=\"1069\" data-end=\"1091\">Notes olfactives :<\/strong><\/h3>\n<ul style=\"text-align: center;\" data-start=\"1093\" data-end=\"1168\">\n<li data-start=\"1093\" data-end=\"1119\"><strong>Fleur d&#8217;oranger: Fleuri, frais, sucr\u00e9<\/strong><\/li>\n<li data-start=\"1093\" data-end=\"1119\">\n<p data-start=\"1095\" data-end=\"1119\"><strong data-start=\"1095\" data-end=\"1105\">T\u00eate :<\/strong> Petit grain<\/p>\n<\/li>\n<li data-start=\"1120\" data-end=\"1150\">\n<p data-start=\"1122\" data-end=\"1150\"><strong data-start=\"1122\" data-end=\"1132\">C\u0153ur :<\/strong> Fleur d\u2019oranger<\/p>\n<\/li>\n<li data-start=\"1151\" data-end=\"1168\">\n<p data-start=\"1153\" data-end=\"1168\"><strong data-start=\"1153\" data-end=\"1163\">Fond :<\/strong> Miel<\/p>\n<\/li>\n<\/ul>\n<hr data-start=\"1170\" data-end=\"1173\" \/>\n<h3 style=\"text-align: center;\" data-start=\"1175\" data-end=\"1206\">\ud83d\udd38 <strong data-start=\"1182\" data-end=\"1204\">Caract\u00e9ristiques :<\/strong><\/h3>\n<ul data-start=\"1207\" data-end=\"1431\">\n<li style=\"text-align: center;\" data-start=\"1207\" data-end=\"1227\">\n<p data-start=\"1209\" data-end=\"1227\">Poids net : 180g<\/p>\n<\/li>\n<li style=\"text-align: center;\" data-start=\"1228\" data-end=\"1297\">\n<p data-start=\"1230\" data-end=\"1297\">Cire 100% v\u00e9g\u00e9tale (soja et coco), sans OGM, ni additifs toxiques<\/p>\n<\/li>\n<li style=\"text-align: center;\" data-start=\"1298\" data-end=\"1324\">\n<p data-start=\"1300\" data-end=\"1324\">M\u00e8che coton sans plomb<\/p>\n<\/li>\n<li style=\"text-align: center;\" data-start=\"1325\" data-end=\"1360\">\n<p data-start=\"1327\" data-end=\"1360\">Parfum sans CMR, sans phtalates<\/p>\n<\/li>\n<li data-start=\"1361\" data-end=\"1388\">\n<p style=\"text-align: center;\" data-start=\"1363\" data-end=\"1388\">Temps de br\u00fblage : \u00b145h<\/p>\n<\/li>\n<\/ul>\n<\/div>\n<\/div>\n<\/div>\n<\/div>\n<\/div>\n<\/div>\n<\/div>\n<\/div>\n","protected":false},"excerpt":{"rendered":"<p style=\"text-align: center;\">Un parfum floral et doux, d\u00e9licatement sucr\u00e9, qui \u00e9voque les jardins m\u00e9diterran\u00e9ens. Une bougie artisanale \u00e9l\u00e9gante, fabriqu\u00e9e en France avec des mati\u00e8res premi\u00e8res naturelles.<\/p>\n","protected":false},"featured_media":11106,"comment_status":"open","ping_status":"closed","template":"","meta":[],"brand":[],"product_brand":[],"product_cat":[488],"product_tag":[102,104,226,148,316],"class_list":{"0":"post-11037","1":"product","2":"type-product","3":"status-publish","4":"has-post-thumbnail","6":"product_cat-bougies-artesaniaparis","7":"product_tag-bougie-artisanale","8":"product_tag-bougie-parfumee","9":"product_tag-cire-vegetale","10":"product_tag-fleur-doranger","11":"product_tag-made-in-france","12":"left-slider","14":"first","15":"instock","16":"shipping-taxable","17":"purchasable","18":"product-type-variable"},"yoast_head":"<!-- This site is optimized with the Yoast SEO plugin v26.9 - https:\/\/yoast.com\/product\/yoast-seo-wordpress\/ -->\n<title>Bougie parfum\u00e9e artisanale Artesaniaparis, Fleur d&#039;Oranger \u2013 verre noir \u2013 180g<\/title>\n<meta name=\"description\" content=\"D\u00e9couvrez la bougie artisanale Fleur d&#039;Oranger, une fragrance fra\u00eeche et sucr\u00e9e fabriqu\u00e9e en France. Disponible en verre blanc ou noir, 180g de cire 100% v\u00e9g\u00e9tale.\" \/>\n<meta name=\"robots\" content=\"index, follow, max-snippet:-1, max-image-preview:large, max-video-preview:-1\" \/>\n<link rel=\"canonical\" href=\"https:\/\/www.artesaniaparis.com\/fr\/produit\/bougie-parfumee-artesaniaparis-fleur-doranger-180g\/\" \/>\n<meta property=\"og:locale\" content=\"fr_FR\" \/>\n<meta property=\"og:type\" content=\"article\" \/>\n<meta property=\"og:title\" content=\"Bougie parfum\u00e9e artisanale Artesaniaparis, Fleur d&#039;Oranger \u2013 verre noir \u2013 180g\" \/>\n<meta property=\"og:description\" content=\"D\u00e9couvrez la bougie artisanale Fleur d&#039;Oranger, une fragrance fra\u00eeche et sucr\u00e9e fabriqu\u00e9e en France. Disponible en verre blanc ou noir, 180g de cire 100% v\u00e9g\u00e9tale.\" \/>\n<meta property=\"og:url\" content=\"https:\/\/www.artesaniaparis.com\/fr\/produit\/bougie-parfumee-artesaniaparis-fleur-doranger-180g\/\" \/>\n<meta property=\"og:site_name\" content=\"Mitti\" \/>\n<meta property=\"article:modified_time\" content=\"2026-03-03T08:39:38+00:00\" \/>\n<meta property=\"og:image\" content=\"https:\/\/www.artesaniaparis.com\/wp-content\/uploads\/2025\/10\/bougie.png\" \/>\n\t<meta property=\"og:image:width\" content=\"1024\" \/>\n\t<meta property=\"og:image:height\" content=\"1024\" \/>\n\t<meta property=\"og:image:type\" content=\"image\/png\" \/>\n<meta name=\"twitter:card\" content=\"summary_large_image\" \/>\n<meta name=\"twitter:label1\" content=\"Dur\u00e9e de lecture estim\u00e9e\" \/>\n\t<meta name=\"twitter:data1\" content=\"1 minute\" \/>\n<script type=\"application\/ld+json\" class=\"yoast-schema-graph\">{\"@context\":\"https:\/\/schema.org\",\"@graph\":[{\"@type\":\"WebPage\",\"@id\":\"https:\/\/www.artesaniaparis.com\/produit\/bougie-parfumee-artesaniaparis-fleur-doranger-180g\/\",\"url\":\"https:\/\/www.artesaniaparis.com\/produit\/bougie-parfumee-artesaniaparis-fleur-doranger-180g\/\",\"name\":\"Bougie parfum\u00e9e artisanale Artesaniaparis, Fleur d'Oranger \u2013 verre noir \u2013 180g\",\"isPartOf\":{\"@id\":\"https:\/\/www.artesaniaparis.com\/#website\"},\"primaryImageOfPage\":{\"@id\":\"https:\/\/www.artesaniaparis.com\/produit\/bougie-parfumee-artesaniaparis-fleur-doranger-180g\/#primaryimage\"},\"image\":{\"@id\":\"https:\/\/www.artesaniaparis.com\/produit\/bougie-parfumee-artesaniaparis-fleur-doranger-180g\/#primaryimage\"},\"thumbnailUrl\":\"https:\/\/www.artesaniaparis.com\/wp-content\/uploads\/2025\/10\/bougie.png\",\"datePublished\":\"2025-10-02T14:55:51+00:00\",\"dateModified\":\"2026-03-03T08:39:38+00:00\",\"description\":\"D\u00e9couvrez la bougie artisanale Fleur d'Oranger, une fragrance fra\u00eeche et sucr\u00e9e fabriqu\u00e9e en France. Disponible en verre blanc ou noir, 180g de cire 100% v\u00e9g\u00e9tale.\",\"breadcrumb\":{\"@id\":\"https:\/\/www.artesaniaparis.com\/produit\/bougie-parfumee-artesaniaparis-fleur-doranger-180g\/#breadcrumb\"},\"inLanguage\":\"fr-FR\",\"potentialAction\":[{\"@type\":\"ReadAction\",\"target\":[\"https:\/\/www.artesaniaparis.com\/produit\/bougie-parfumee-artesaniaparis-fleur-doranger-180g\/\"]}]},{\"@type\":\"ImageObject\",\"inLanguage\":\"fr-FR\",\"@id\":\"https:\/\/www.artesaniaparis.com\/produit\/bougie-parfumee-artesaniaparis-fleur-doranger-180g\/#primaryimage\",\"url\":\"https:\/\/www.artesaniaparis.com\/wp-content\/uploads\/2025\/10\/bougie.png\",\"contentUrl\":\"https:\/\/www.artesaniaparis.com\/wp-content\/uploads\/2025\/10\/bougie.png\",\"width\":1024,\"height\":1024},{\"@type\":\"BreadcrumbList\",\"@id\":\"https:\/\/www.artesaniaparis.com\/produit\/bougie-parfumee-artesaniaparis-fleur-doranger-180g\/#breadcrumb\",\"itemListElement\":[{\"@type\":\"ListItem\",\"position\":1,\"name\":\"Accueil\",\"item\":\"https:\/\/www.artesaniaparis.com\/fr\/\"},{\"@type\":\"ListItem\",\"position\":2,\"name\":\"Boutique\",\"item\":\"http:\/\/www.artesaniaparis.com\/fr\/boutique\/\"},{\"@type\":\"ListItem\",\"position\":3,\"name\":\"Bougie parfum\u00e9e-Artesaniaparis-Fleur d&#8217;Oranger \u2013 180g\"}]},{\"@type\":\"WebSite\",\"@id\":\"https:\/\/www.artesaniaparis.com\/#website\",\"url\":\"https:\/\/www.artesaniaparis.com\/\",\"name\":\"Mitti\",\"description\":\"Une flamme, une \u00e9motion, un instant suspendu\",\"potentialAction\":[{\"@type\":\"SearchAction\",\"target\":{\"@type\":\"EntryPoint\",\"urlTemplate\":\"https:\/\/www.artesaniaparis.com\/?s={search_term_string}\"},\"query-input\":{\"@type\":\"PropertyValueSpecification\",\"valueRequired\":true,\"valueName\":\"search_term_string\"}}],\"inLanguage\":\"fr-FR\"}]}<\/script>\n<!-- \/ Yoast SEO plugin. -->","yoast_head_json":{"title":"Bougie parfum\u00e9e artisanale Artesaniaparis, Fleur d'Oranger \u2013 verre noir \u2013 180g","description":"D\u00e9couvrez la bougie artisanale Fleur d'Oranger, une fragrance fra\u00eeche et sucr\u00e9e fabriqu\u00e9e en France. Disponible en verre blanc ou noir, 180g de cire 100% v\u00e9g\u00e9tale.","robots":{"index":"index","follow":"follow","max-snippet":"max-snippet:-1","max-image-preview":"max-image-preview:large","max-video-preview":"max-video-preview:-1"},"canonical":"https:\/\/www.artesaniaparis.com\/fr\/produit\/bougie-parfumee-artesaniaparis-fleur-doranger-180g\/","og_locale":"fr_FR","og_type":"article","og_title":"Bougie parfum\u00e9e artisanale Artesaniaparis, Fleur d'Oranger \u2013 verre noir \u2013 180g","og_description":"D\u00e9couvrez la bougie artisanale Fleur d'Oranger, une fragrance fra\u00eeche et sucr\u00e9e fabriqu\u00e9e en France. Disponible en verre blanc ou noir, 180g de cire 100% v\u00e9g\u00e9tale.","og_url":"https:\/\/www.artesaniaparis.com\/fr\/produit\/bougie-parfumee-artesaniaparis-fleur-doranger-180g\/","og_site_name":"Mitti","article_modified_time":"2026-03-03T08:39:38+00:00","og_image":[{"width":1024,"height":1024,"url":"https:\/\/www.artesaniaparis.com\/wp-content\/uploads\/2025\/10\/bougie.png","type":"image\/png"}],"twitter_card":"summary_large_image","twitter_misc":{"Dur\u00e9e de lecture estim\u00e9e":"1 minute"},"schema":{"@context":"https:\/\/schema.org","@graph":[{"@type":"WebPage","@id":"https:\/\/www.artesaniaparis.com\/produit\/bougie-parfumee-artesaniaparis-fleur-doranger-180g\/","url":"https:\/\/www.artesaniaparis.com\/produit\/bougie-parfumee-artesaniaparis-fleur-doranger-180g\/","name":"Bougie parfum\u00e9e artisanale Artesaniaparis, Fleur d'Oranger \u2013 verre noir \u2013 180g","isPartOf":{"@id":"https:\/\/www.artesaniaparis.com\/#website"},"primaryImageOfPage":{"@id":"https:\/\/www.artesaniaparis.com\/produit\/bougie-parfumee-artesaniaparis-fleur-doranger-180g\/#primaryimage"},"image":{"@id":"https:\/\/www.artesaniaparis.com\/produit\/bougie-parfumee-artesaniaparis-fleur-doranger-180g\/#primaryimage"},"thumbnailUrl":"https:\/\/www.artesaniaparis.com\/wp-content\/uploads\/2025\/10\/bougie.png","datePublished":"2025-10-02T14:55:51+00:00","dateModified":"2026-03-03T08:39:38+00:00","description":"D\u00e9couvrez la bougie artisanale Fleur d'Oranger, une fragrance fra\u00eeche et sucr\u00e9e fabriqu\u00e9e en France. Disponible en verre blanc ou noir, 180g de cire 100% v\u00e9g\u00e9tale.","breadcrumb":{"@id":"https:\/\/www.artesaniaparis.com\/produit\/bougie-parfumee-artesaniaparis-fleur-doranger-180g\/#breadcrumb"},"inLanguage":"fr-FR","potentialAction":[{"@type":"ReadAction","target":["https:\/\/www.artesaniaparis.com\/produit\/bougie-parfumee-artesaniaparis-fleur-doranger-180g\/"]}]},{"@type":"ImageObject","inLanguage":"fr-FR","@id":"https:\/\/www.artesaniaparis.com\/produit\/bougie-parfumee-artesaniaparis-fleur-doranger-180g\/#primaryimage","url":"https:\/\/www.artesaniaparis.com\/wp-content\/uploads\/2025\/10\/bougie.png","contentUrl":"https:\/\/www.artesaniaparis.com\/wp-content\/uploads\/2025\/10\/bougie.png","width":1024,"height":1024},{"@type":"BreadcrumbList","@id":"https:\/\/www.artesaniaparis.com\/produit\/bougie-parfumee-artesaniaparis-fleur-doranger-180g\/#breadcrumb","itemListElement":[{"@type":"ListItem","position":1,"name":"Accueil","item":"https:\/\/www.artesaniaparis.com\/fr\/"},{"@type":"ListItem","position":2,"name":"Boutique","item":"http:\/\/www.artesaniaparis.com\/fr\/boutique\/"},{"@type":"ListItem","position":3,"name":"Bougie parfum\u00e9e-Artesaniaparis-Fleur d&#8217;Oranger \u2013 180g"}]},{"@type":"WebSite","@id":"https:\/\/www.artesaniaparis.com\/#website","url":"https:\/\/www.artesaniaparis.com\/","name":"Mitti","description":"Une flamme, une \u00e9motion, un instant suspendu","potentialAction":[{"@type":"SearchAction","target":{"@type":"EntryPoint","urlTemplate":"https:\/\/www.artesaniaparis.com\/?s={search_term_string}"},"query-input":{"@type":"PropertyValueSpecification","valueRequired":true,"valueName":"search_term_string"}}],"inLanguage":"fr-FR"}]}},"jetpack_sharing_enabled":true,"_links":{"self":[{"href":"http:\/\/www.artesaniaparis.com\/fr\/wp-json\/wp\/v2\/product\/11037","targetHints":{"allow":["GET"]}}],"collection":[{"href":"http:\/\/www.artesaniaparis.com\/fr\/wp-json\/wp\/v2\/product"}],"about":[{"href":"http:\/\/www.artesaniaparis.com\/fr\/wp-json\/wp\/v2\/types\/product"}],"replies":[{"embeddable":true,"href":"http:\/\/www.artesaniaparis.com\/fr\/wp-json\/wp\/v2\/comments?post=11037"}],"version-history":[{"count":2,"href":"http:\/\/www.artesaniaparis.com\/fr\/wp-json\/wp\/v2\/product\/11037\/revisions"}],"predecessor-version":[{"id":11113,"href":"http:\/\/www.artesaniaparis.com\/fr\/wp-json\/wp\/v2\/product\/11037\/revisions\/11113"}],"wp:featuredmedia":[{"embeddable":true,"href":"http:\/\/www.artesaniaparis.com\/fr\/wp-json\/wp\/v2\/media\/11106"}],"wp:attachment":[{"href":"http:\/\/www.artesaniaparis.com\/fr\/wp-json\/wp\/v2\/media?parent=11037"}],"wp:term":[{"taxonomy":"brand","embeddable":true,"href":"http:\/\/www.artesaniaparis.com\/fr\/wp-json\/wp\/v2\/brand?post=11037"},{"taxonomy":"product_brand","embeddable":true,"href":"http:\/\/www.artesaniaparis.com\/fr\/wp-json\/wp\/v2\/product_brand?post=11037"},{"taxonomy":"product_cat","embeddable":true,"href":"http:\/\/www.artesaniaparis.com\/fr\/wp-json\/wp\/v2\/product_cat?post=11037"},{"taxonomy":"product_tag","embeddable":true,"href":"http:\/\/www.artesaniaparis.com\/fr\/wp-json\/wp\/v2\/product_tag?post=11037"}],"curies":[{"name":"wp","href":"https:\/\/api.w.org\/{rel}","templated":true}]}}